{"id":9859,"date":"2021-10-28T18:20:03","date_gmt":"2021-10-28T22:20:03","guid":{"rendered":"https:\/\/www.onekidsplace.ca\/faites-un-don\/"},"modified":"2023-08-04T00:31:36","modified_gmt":"2023-08-04T04:31:36","slug":"faites-un-don","status":"publish","type":"page","link":"https:\/\/www.onekidsplace.ca\/fr\/faites-un-don\/","title":{"rendered":"Faites un don"},"content":{"rendered":"<p>[et_pb_section fb_built=\u00a0\u00bb1&Prime; custom_padding_last_edited=\u00a0\u00bbon|desktop\u00a0\u00bb _builder_version=\u00a0\u00bb4.14.7&Prime; _module_preset=\u00a0\u00bbdefault\u00a0\u00bb background_color=\u00a0\u00bb#005e9e\u00a0\u00bb background_color_gradient_start=\u00a0\u00bbrgba(10,10,10,0.08)\u00a0\u00bb background_color_gradient_end=\u00a0\u00bbrgba(10,10,10,0.08)\u00a0\u00bb background_enable_image=\u00a0\u00bboff\u00a0\u00bb parallax=\u00a0\u00bbon\u00a0\u00bb custom_padding=\u00a0\u00bb10px||10px||true|false\u00a0\u00bb custom_padding_tablet=\u00a0\u00bb\u00a0\u00bb custom_padding_phone=\u00a0\u00bb\u00a0\u00bb locked=\u00a0\u00bboff\u00a0\u00bb global_colors_info=\u00a0\u00bb{}\u00a0\u00bb][et_pb_row use_custom_gutter=\u00a0\u00bbon\u00a0\u00bb gutter_width=\u00a0\u00bb1&Prime; make_equal=\u00a0\u00bbon\u00a0\u00bb custom_padding_last_edited=\u00a0\u00bbon|desktop\u00a0\u00bb _builder_version=\u00a0\u00bb4.14.7&Prime; _module_preset=\u00a0\u00bbdefault\u00a0\u00bb background_enable_color=\u00a0\u00bboff\u00a0\u00bb custom_margin=\u00a0\u00bb||||false|false\u00a0\u00bb custom_margin_tablet=\u00a0\u00bb||||false|false\u00a0\u00bb custom_margin_phone=\u00a0\u00bb||||false|false\u00a0\u00bb custom_margin_last_edited=\u00a0\u00bbon|desktop\u00a0\u00bb custom_padding=\u00a0\u00bb0px||10px||false|false\u00a0\u00bb custom_padding_tablet=\u00a0\u00bb0px||0px||true|false\u00a0\u00bb custom_padding_phone=\u00a0\u00bb0px||0px||true|false\u00a0\u00bb custom_css_main_element=\u00a0\u00bbalign-items:center;\u00a0\u00bb global_colors_info=\u00a0\u00bb{}\u00a0\u00bb][et_pb_column type=\u00a0\u00bb4_4&Prime; _builder_version=\u00a0\u00bb4.14.7&Prime; _module_preset=\u00a0\u00bbdefault\u00a0\u00bb background_enable_color=\u00a0\u00bboff\u00a0\u00bb custom_padding=\u00a0\u00bb10px|0px|10px|0px|true|true\u00a0\u00bb custom_padding_tablet=\u00a0\u00bb\u00a0\u00bb custom_padding_phone=\u00a0\u00bb\u00a0\u00bb custom_padding_last_edited=\u00a0\u00bbon|desktop\u00a0\u00bb global_colors_info=\u00a0\u00bb{}\u00a0\u00bb][et_pb_text _builder_version=\u00a0\u00bb4.14.9&Prime; _module_preset=\u00a0\u00bbdefault\u00a0\u00bb header_font=\u00a0\u00bbNunito Sans|800|||||||\u00a0\u00bb header_text_align=\u00a0\u00bbcenter\u00a0\u00bb header_text_color=\u00a0\u00bb#ffffff\u00a0\u00bb header_font_size=\u00a0\u00bb40px\u00a0\u00bb header_line_height=\u00a0\u00bb1.3em\u00a0\u00bb custom_margin=\u00a0\u00bb||||false|false\u00a0\u00bb custom_margin_tablet=\u00a0\u00bb-20px||||false|false\u00a0\u00bb custom_margin_phone=\u00a0\u00bb\u00a0\u00bb custom_margin_last_edited=\u00a0\u00bbon|phone\u00a0\u00bb custom_padding=\u00a0\u00bb20px||||false|false\u00a0\u00bb custom_padding_tablet=\u00a0\u00bb30px||||false|false\u00a0\u00bb custom_padding_phone=\u00a0\u00bb40px||10px||false|false\u00a0\u00bb custom_padding_last_edited=\u00a0\u00bbon|desktop\u00a0\u00bb hover_enabled=\u00a0\u00bb0&Prime; header_text_align_tablet=\u00a0\u00bbcenter\u00a0\u00bb header_text_align_phone=\u00a0\u00bbcenter\u00a0\u00bb header_text_align_last_edited=\u00a0\u00bbon|tablet\u00a0\u00bb header_font_size_tablet=\u00a0\u00bb\u00a0\u00bb header_font_size_phone=\u00a0\u00bb30px\u00a0\u00bb header_font_size_last_edited=\u00a0\u00bbon|desktop\u00a0\u00bb header_text_shadow_style=\u00a0\u00bbpreset2&Prime; header_text_shadow_color=\u00a0\u00bbrgba(0,0,0,0.18)\u00a0\u00bb global_colors_info=\u00a0\u00bb{}\u00a0\u00bb sticky_enabled=\u00a0\u00bb0&Prime;]<\/p>\n<h1>Soutenez les enfants et les jeunes de chez nous<\/h1>\n<p>[\/et_pb_text][\/et_pb_column][\/et_pb_row][\/et_pb_section][et_pb_section fb_built=\u00a0\u00bb1&Prime; _builder_version=\u00a0\u00bb4.10.6&Prime; _module_preset=\u00a0\u00bbdefault\u00a0\u00bb global_colors_info=\u00a0\u00bb{}\u00a0\u00bb][et_pb_row _builder_version=\u00a0\u00bb4.10.6&Prime; _module_preset=\u00a0\u00bbdefault\u00a0\u00bb global_colors_info=\u00a0\u00bb{}\u00a0\u00bb][et_pb_column type=\u00a0\u00bb4_4&Prime; _builder_version=\u00a0\u00bb4.10.6&Prime; _module_preset=\u00a0\u00bbdefault\u00a0\u00bb global_colors_info=\u00a0\u00bb{}\u00a0\u00bb][et_pb_text _builder_version=\u00a0\u00bb4.14.9&Prime; _module_preset=\u00a0\u00bbdefault\u00a0\u00bb text_font=\u00a0\u00bb|600|||||||\u00a0\u00bb text_text_color=\u00a0\u00bb#2E3E47&Prime; text_font_size=\u00a0\u00bb18px\u00a0\u00bb background_layout=\u00a0\u00bbdark\u00a0\u00bb hover_enabled=\u00a0\u00bb0&Prime; text_orientation_tablet=\u00a0\u00bbcenter\u00a0\u00bb text_orientation_phone=\u00a0\u00bbcenter\u00a0\u00bb text_orientation_last_edited=\u00a0\u00bbon|phone\u00a0\u00bb global_colors_info=\u00a0\u00bb{}\u00a0\u00bb sticky_enabled=\u00a0\u00bb0&Prime;]<\/p>\n<p>Le Centre de traitement pour enfants La Place des enfants est un organisme sans but lucratif qui fournit des services de r\u00e9adaptation et des services de soutien connexes dans la collectivit\u00e9 aux enfants et aux jeunes (jusqu\u2019\u00e0 19 ans) ainsi qu\u2019\u00e0 leur famille dans les districts de Muskoka, Nipissing et Parry Sound.<\/p>\n<p>[\/et_pb_text][\/et_pb_column][\/et_pb_row][et_pb_row column_structure=\u00a0\u00bb1_3,1_3,1_3&Prime; _builder_version=\u00a0\u00bb4.14.8&Prime; _module_preset=\u00a0\u00bbdefault\u00a0\u00bb global_colors_info=\u00a0\u00bb{}\u00a0\u00bb][et_pb_column type=\u00a0\u00bb1_3&Prime; _builder_version=\u00a0\u00bb4.14.8&Prime; _module_preset=\u00a0\u00bbdefault\u00a0\u00bb global_colors_info=\u00a0\u00bb{}\u00a0\u00bb][et_pb_blurb title=\u00a0\u00bbDon l\u00e0 o\u00f9 les besoins sont les plus grands\u00a0\u00bb _builder_version=\u00a0\u00bb4.14.9&Prime; _module_preset=\u00a0\u00bbdefault\u00a0\u00bb header_level=\u00a0\u00bbh2&Prime; header_font=\u00a0\u00bb|700|||||||\u00a0\u00bb header_text_align=\u00a0\u00bbleft\u00a0\u00bb header_text_color=\u00a0\u00bb#005e9e\u00a0\u00bb header_font_size=\u00a0\u00bb26px\u00a0\u00bb header_line_height=\u00a0\u00bb1.3em\u00a0\u00bb body_text_align=\u00a0\u00bbleft\u00a0\u00bb hover_enabled=\u00a0\u00bb0&Prime; global_colors_info=\u00a0\u00bb{}\u00a0\u00bb sticky_enabled=\u00a0\u00bb0&Prime;]<\/p>\n<p>Les dons qui ne sont pas r\u00e9serv\u00e9s \u00e0 un programme en particulier servent \u00e0 fournir des services, des ressources ou de l\u2019\u00e9quipement pour soutenir les plans th\u00e9rapeutiques et am\u00e9liorer la vie quotidienne des familles. Les besoins th\u00e9rapeutiques changent et \u00e9voluent rapidement. Ces fonds nous permettent de r\u00e9pondre aux besoins au fur et \u00e0 mesure qu\u2019ils se pr\u00e9sentent. La Place des enfants est tr\u00e8s reconnaissante de tous les dons et s\u2019assure que les fonds sont utilis\u00e9s avec le plus haut niveau d\u2019int\u00e9grit\u00e9, de professionnalisme et de surveillance.   <\/p>\n<p>[\/et_pb_blurb][\/et_pb_column][et_pb_column type=\u00a0\u00bb1_3&Prime; _builder_version=\u00a0\u00bb4.14.8&Prime; _module_preset=\u00a0\u00bbdefault\u00a0\u00bb global_colors_info=\u00a0\u00bb{}\u00a0\u00bb][et_pb_blurb title=\u00a0\u00bbDon aux programmes et services\u00a0\u00bb _builder_version=\u00a0\u00bb4.14.9&Prime; _module_preset=\u00a0\u00bbdefault\u00a0\u00bb header_level=\u00a0\u00bbh2&Prime; header_font=\u00a0\u00bb|700|||||||\u00a0\u00bb header_text_align=\u00a0\u00bbleft\u00a0\u00bb header_text_color=\u00a0\u00bb#005e9e\u00a0\u00bb header_font_size=\u00a0\u00bb26px\u00a0\u00bb header_line_height=\u00a0\u00bb1.3em\u00a0\u00bb body_text_align=\u00a0\u00bbleft\u00a0\u00bb hover_enabled=\u00a0\u00bb0&Prime; global_colors_info=\u00a0\u00bb{}\u00a0\u00bb sticky_enabled=\u00a0\u00bb0&Prime;]<\/p>\n<p>Ces dons soutiennent des programmes et services importants qui ne re\u00e7oivent pas de financement du minist\u00e8re des Services \u00e0 l\u2019enfance et des Services sociaux et communautaires, mais qui profitent grandement aux enfants, aux jeunes et aux familles que nous servons.<br \/>Les activit\u00e9s sociales, comme les camps d\u2019\u00e9t\u00e9 et les s\u00e9ances de th\u00e9rapie de groupe, favorisent les habilet\u00e9s interpersonnelles des enfants et des jeunes ayant des besoins particuliers. Ces comp\u00e9tences leur seront tr\u00e8s utiles dans la vie quotidienne. Ces pr\u00e9cieuses occasions ne sont possibles que gr\u00e2ce aux dons des membres de notre communaut\u00e9 et des entreprises locales. <\/p>\n<p>[\/et_pb_blurb][\/et_pb_column][et_pb_column type=\u00a0\u00bb1_3&Prime; _builder_version=\u00a0\u00bb4.14.8&Prime; _module_preset=\u00a0\u00bbdefault\u00a0\u00bb global_colors_info=\u00a0\u00bb{}\u00a0\u00bb][et_pb_blurb title=\u00a0\u00bbDon au Programme de pr\u00eat d\u2019\u00e9quipement\u00a0\u00bb _builder_version=\u00a0\u00bb4.14.9&Prime; _module_preset=\u00a0\u00bbdefault\u00a0\u00bb header_level=\u00a0\u00bbh2&Prime; header_font=\u00a0\u00bb|700|||||||\u00a0\u00bb header_text_align=\u00a0\u00bbleft\u00a0\u00bb header_text_color=\u00a0\u00bb#005e9e\u00a0\u00bb header_font_size=\u00a0\u00bb26px\u00a0\u00bb header_line_height=\u00a0\u00bb1.3em\u00a0\u00bb body_text_align=\u00a0\u00bbleft\u00a0\u00bb hover_enabled=\u00a0\u00bb0&Prime; global_colors_info=\u00a0\u00bb{}\u00a0\u00bb sticky_enabled=\u00a0\u00bb0&Prime;]<\/p>\n<p>Le Programme de pr\u00eat d\u2019\u00e9quipement est le premier en son genre dans les trois districts. Il permet aux familles, aux fournisseurs de soins et aux \u00e9coles d\u2019emprunter l\u2019\u00e9quipement sp\u00e9cialis\u00e9 dont elles ont besoin pour une p\u00e9riode donn\u00e9e. Le mat\u00e9riel est ensuite nettoy\u00e9, remis en \u00e9tat et pr\u00eat\u00e9 \u00e0 une autre famille. Ce programme permet d\u2019utiliser l\u2019\u00e9quipement pendant toute sa dur\u00e9e de vie utile, tout en donnant aux familles des choix de mat\u00e9riel th\u00e9rapeutique. Le Programme de pr\u00eat d\u2019\u00e9quipement poss\u00e8de plus de 2500 articles et effectue de 600 \u00e0 750 pr\u00eats par ann\u00e9e. Le programme est enti\u00e8rement financ\u00e9 par des dons et le soutien de la communaut\u00e9.   <\/p>\n<p>[\/et_pb_blurb][\/et_pb_column][\/et_pb_row][et_pb_row _builder_version=\u00a0\u00bb4.14.8&Prime; _module_preset=\u00a0\u00bbdefault\u00a0\u00bb global_colors_info=\u00a0\u00bb{}\u00a0\u00bb][et_pb_column type=\u00a0\u00bb4_4&Prime; _builder_version=\u00a0\u00bb4.14.8&Prime; _module_preset=\u00a0\u00bbdefault\u00a0\u00bb global_colors_info=\u00a0\u00bb{}\u00a0\u00bb][et_pb_button button_url=\u00a0\u00bbhttp:\/\/www.canadahelps.org\/CharityProfilePage.aspx?CharityID=d92180&Prime; button_text=\u00a0\u00bb\u2764 Faites un don aujourd\u2019hui!\u00a0\u00bb button_alignment=\u00a0\u00bbcenter\u00a0\u00bb _builder_version=\u00a0\u00bb4.14.8&Prime; _module_preset=\u00a0\u00bbdefault\u00a0\u00bb global_colors_info=\u00a0\u00bb{}\u00a0\u00bb][\/et_pb_button][\/et_pb_column][\/et_pb_row][\/et_pb_section]<\/p>\n","protected":false},"excerpt":{"rendered":"<p>Soutenez les enfants et les jeunes de chez nousLe Centre de traitement pour enfants La Place des enfants est un organisme sans but lucratif qui fournit des services de r\u00e9adaptation et des services de soutien connexes dans la collectivit\u00e9 aux enfants et aux jeunes (jusqu\u2019\u00e0 19 ans) ainsi qu\u2019\u00e0 leur famille dans les districts de Muskoka, Nipissing et Parry Sound.Les dons qui ne sont pas r\u00e9serv\u00e9s \u00e0 un programme en particulier servent \u00e0 fournir des services, des ressources ou de l\u2019\u00e9quipement pour soutenir les plans th\u00e9rapeutiques et am\u00e9liorer la vie quotidienne des familles. Les besoins th\u00e9rapeutiques changent et \u00e9voluent rapidement. Ces fonds nous permettent de r\u00e9pondre aux besoins au fur et \u00e0 mesure qu\u2019ils se pr\u00e9sentent. La Place des enfants est tr\u00e8s reconnaissante de tous les dons et s\u2019assure que les fonds sont utilis\u00e9s avec le plus haut niveau d\u2019int\u00e9grit\u00e9, de professionnalisme et de surveillance. Ces dons soutiennent des programmes et services importants qui ne re\u00e7oivent pas de financement du minist\u00e8re des Services \u00e0 l\u2019enfance et des Services sociaux et communautaires, mais qui profitent grandement aux enfants, aux jeunes et aux familles que nous servons.Les activit\u00e9s sociales, comme les camps d\u2019\u00e9t\u00e9 et les s\u00e9ances de th\u00e9rapie de groupe, favorisent les [&hellip;]<\/p>\n","protected":false},"author":2,"featured_media":0,"parent":0,"menu_order":0,"comment_status":"closed","ping_status":"closed","template":"","meta":{"_et_pb_use_builder":"on","_et_pb_old_content":"","_et_gb_content_width":"","_price":"","_stock":"","_tribe_ticket_header":"","_tribe_default_ticket_provider":"","_tribe_ticket_capacity":"0","_ticket_start_date":"","_ticket_end_date":"","_tribe_ticket_show_description":"","_tribe_ticket_show_not_going":false,"_tribe_ticket_use_global_stock":"","_tribe_ticket_global_stock_level":"","_global_stock_mode":"","_global_stock_cap":"","_tribe_rsvp_for_event":"","_tribe_ticket_going_count":"","_tribe_ticket_not_going_count":"","_tribe_tickets_list":"[]","_tribe_ticket_has_attendee_info_fields":false,"footnotes":"","_tec_slr_enabled":"","_tec_slr_layout":""},"categories":[],"tags":[],"class_list":["post-9859","page","type-page","status-publish","hentry"],"yoast_head":"<!-- This site is optimized with the Yoast SEO plugin v27.4 - https:\/\/yoast.com\/product\/yoast-seo-wordpress\/ -->\n<title>Faites un don - One Kids Place<\/title>\n<meta name=\"robots\" content=\"index, follow, max-snippet:-1, max-image-preview:large, max-video-preview:-1\" \/>\n<link rel=\"canonical\" href=\"https:\/\/www.onekidsplace.ca\/donate\/\" \/>\n<meta property=\"og:locale\" content=\"fr_FR\" \/>\n<meta property=\"og:type\" content=\"article\" \/>\n<meta property=\"og:title\" content=\"Faites un don - One Kids Place\" \/>\n<meta property=\"og:description\" content=\"Soutenez les enfants et les jeunes de chez nousLe Centre de traitement pour enfants La Place des enfants est un organisme sans but lucratif qui fournit des services de r\u00e9adaptation et des services de soutien connexes dans la collectivit\u00e9 aux enfants et aux jeunes (jusqu\u2019\u00e0 19 ans) ainsi qu\u2019\u00e0 leur famille dans les districts de Muskoka, Nipissing et Parry Sound.Les dons qui ne sont pas r\u00e9serv\u00e9s \u00e0 un programme en particulier servent \u00e0 fournir des services, des ressources ou de l\u2019\u00e9quipement pour soutenir les plans th\u00e9rapeutiques et am\u00e9liorer la vie quotidienne des familles. Les besoins th\u00e9rapeutiques changent et \u00e9voluent rapidement. Ces fonds nous permettent de r\u00e9pondre aux besoins au fur et \u00e0 mesure qu\u2019ils se pr\u00e9sentent. La Place des enfants est tr\u00e8s reconnaissante de tous les dons et s\u2019assure que les fonds sont utilis\u00e9s avec le plus haut niveau d\u2019int\u00e9grit\u00e9, de professionnalisme et de surveillance. Ces dons soutiennent des programmes et services importants qui ne re\u00e7oivent pas de financement du minist\u00e8re des Services \u00e0 l\u2019enfance et des Services sociaux et communautaires, mais qui profitent grandement aux enfants, aux jeunes et aux familles que nous servons.Les activit\u00e9s sociales, comme les camps d\u2019\u00e9t\u00e9 et les s\u00e9ances de th\u00e9rapie de groupe, favorisent les [&hellip;]\" \/>\n<meta property=\"og:url\" content=\"https:\/\/www.onekidsplace.ca\/donate\/\" \/>\n<meta property=\"og:site_name\" content=\"One Kids Place\" \/>\n<meta property=\"article:modified_time\" content=\"2023-08-04T04:31:36+00:00\" \/>\n<meta name=\"twitter:card\" content=\"summary_large_image\" \/>\n<meta name=\"twitter:label1\" content=\"Dur\u00e9e de lecture estim\u00e9e\" \/>\n\t<meta name=\"twitter:data1\" content=\"5 minutes\" \/>\n<script type=\"application\/ld+json\" class=\"yoast-schema-graph\">{\"@context\":\"https:\\\/\\\/schema.org\",\"@graph\":[{\"@type\":\"WebPage\",\"@id\":\"https:\\\/\\\/www.onekidsplace.ca\\\/donate\\\/\",\"url\":\"https:\\\/\\\/www.onekidsplace.ca\\\/donate\\\/\",\"name\":\"Faites un don - One Kids Place\",\"isPartOf\":{\"@id\":\"https:\\\/\\\/www.onekidsplace.ca\\\/#website\"},\"datePublished\":\"2021-10-28T22:20:03+00:00\",\"dateModified\":\"2023-08-04T04:31:36+00:00\",\"breadcrumb\":{\"@id\":\"https:\\\/\\\/www.onekidsplace.ca\\\/donate\\\/#breadcrumb\"},\"inLanguage\":\"fr-FR\",\"potentialAction\":[{\"@type\":\"ReadAction\",\"target\":[\"https:\\\/\\\/www.onekidsplace.ca\\\/donate\\\/\"]}]},{\"@type\":\"BreadcrumbList\",\"@id\":\"https:\\\/\\\/www.onekidsplace.ca\\\/donate\\\/#breadcrumb\",\"itemListElement\":[{\"@type\":\"ListItem\",\"position\":1,\"name\":\"Home\",\"item\":\"https:\\\/\\\/www.onekidsplace.ca\\\/\"},{\"@type\":\"ListItem\",\"position\":2,\"name\":\"Faites un don\"}]},{\"@type\":\"WebSite\",\"@id\":\"https:\\\/\\\/www.onekidsplace.ca\\\/#website\",\"url\":\"https:\\\/\\\/www.onekidsplace.ca\\\/\",\"name\":\"One Kids Place\",\"description\":\"Children&#039;s Treatment Centre\",\"potentialAction\":[{\"@type\":\"SearchAction\",\"target\":{\"@type\":\"EntryPoint\",\"urlTemplate\":\"https:\\\/\\\/www.onekidsplace.ca\\\/?s={search_term_string}\"},\"query-input\":{\"@type\":\"PropertyValueSpecification\",\"valueRequired\":true,\"valueName\":\"search_term_string\"}}],\"inLanguage\":\"fr-FR\"}]}<\/script>\n<!-- \/ Yoast SEO plugin. -->","yoast_head_json":{"title":"Faites un don - One Kids Place","robots":{"index":"index","follow":"follow","max-snippet":"max-snippet:-1","max-image-preview":"max-image-preview:large","max-video-preview":"max-video-preview:-1"},"canonical":"https:\/\/www.onekidsplace.ca\/donate\/","og_locale":"fr_FR","og_type":"article","og_title":"Faites un don - One Kids Place","og_description":"Soutenez les enfants et les jeunes de chez nousLe Centre de traitement pour enfants La Place des enfants est un organisme sans but lucratif qui fournit des services de r\u00e9adaptation et des services de soutien connexes dans la collectivit\u00e9 aux enfants et aux jeunes (jusqu\u2019\u00e0 19 ans) ainsi qu\u2019\u00e0 leur famille dans les districts de Muskoka, Nipissing et Parry Sound.Les dons qui ne sont pas r\u00e9serv\u00e9s \u00e0 un programme en particulier servent \u00e0 fournir des services, des ressources ou de l\u2019\u00e9quipement pour soutenir les plans th\u00e9rapeutiques et am\u00e9liorer la vie quotidienne des familles. Les besoins th\u00e9rapeutiques changent et \u00e9voluent rapidement. Ces fonds nous permettent de r\u00e9pondre aux besoins au fur et \u00e0 mesure qu\u2019ils se pr\u00e9sentent. La Place des enfants est tr\u00e8s reconnaissante de tous les dons et s\u2019assure que les fonds sont utilis\u00e9s avec le plus haut niveau d\u2019int\u00e9grit\u00e9, de professionnalisme et de surveillance. Ces dons soutiennent des programmes et services importants qui ne re\u00e7oivent pas de financement du minist\u00e8re des Services \u00e0 l\u2019enfance et des Services sociaux et communautaires, mais qui profitent grandement aux enfants, aux jeunes et aux familles que nous servons.Les activit\u00e9s sociales, comme les camps d\u2019\u00e9t\u00e9 et les s\u00e9ances de th\u00e9rapie de groupe, favorisent les [&hellip;]","og_url":"https:\/\/www.onekidsplace.ca\/donate\/","og_site_name":"One Kids Place","article_modified_time":"2023-08-04T04:31:36+00:00","twitter_card":"summary_large_image","twitter_misc":{"Dur\u00e9e de lecture estim\u00e9e":"5 minutes"},"schema":{"@context":"https:\/\/schema.org","@graph":[{"@type":"WebPage","@id":"https:\/\/www.onekidsplace.ca\/donate\/","url":"https:\/\/www.onekidsplace.ca\/donate\/","name":"Faites un don - One Kids Place","isPartOf":{"@id":"https:\/\/www.onekidsplace.ca\/#website"},"datePublished":"2021-10-28T22:20:03+00:00","dateModified":"2023-08-04T04:31:36+00:00","breadcrumb":{"@id":"https:\/\/www.onekidsplace.ca\/donate\/#breadcrumb"},"inLanguage":"fr-FR","potentialAction":[{"@type":"ReadAction","target":["https:\/\/www.onekidsplace.ca\/donate\/"]}]},{"@type":"BreadcrumbList","@id":"https:\/\/www.onekidsplace.ca\/donate\/#breadcrumb","itemListElement":[{"@type":"ListItem","position":1,"name":"Home","item":"https:\/\/www.onekidsplace.ca\/"},{"@type":"ListItem","position":2,"name":"Faites un don"}]},{"@type":"WebSite","@id":"https:\/\/www.onekidsplace.ca\/#website","url":"https:\/\/www.onekidsplace.ca\/","name":"One Kids Place","description":"Children&#039;s Treatment Centre","potentialAction":[{"@type":"SearchAction","target":{"@type":"EntryPoint","urlTemplate":"https:\/\/www.onekidsplace.ca\/?s={search_term_string}"},"query-input":{"@type":"PropertyValueSpecification","valueRequired":true,"valueName":"search_term_string"}}],"inLanguage":"fr-FR"}]}},"ticketed":false,"_links":{"self":[{"href":"https:\/\/www.onekidsplace.ca\/fr\/wp-json\/wp\/v2\/pages\/9859","targetHints":{"allow":["GET"]}}],"collection":[{"href":"https:\/\/www.onekidsplace.ca\/fr\/wp-json\/wp\/v2\/pages"}],"about":[{"href":"https:\/\/www.onekidsplace.ca\/fr\/wp-json\/wp\/v2\/types\/page"}],"author":[{"embeddable":true,"href":"https:\/\/www.onekidsplace.ca\/fr\/wp-json\/wp\/v2\/users\/2"}],"replies":[{"embeddable":true,"href":"https:\/\/www.onekidsplace.ca\/fr\/wp-json\/wp\/v2\/comments?post=9859"}],"version-history":[{"count":6,"href":"https:\/\/www.onekidsplace.ca\/fr\/wp-json\/wp\/v2\/pages\/9859\/revisions"}],"predecessor-version":[{"id":10682,"href":"https:\/\/www.onekidsplace.ca\/fr\/wp-json\/wp\/v2\/pages\/9859\/revisions\/10682"}],"wp:attachment":[{"href":"https:\/\/www.onekidsplace.ca\/fr\/wp-json\/wp\/v2\/media?parent=9859"}],"wp:term":[{"taxonomy":"category","embeddable":true,"href":"https:\/\/www.onekidsplace.ca\/fr\/wp-json\/wp\/v2\/categories?post=9859"},{"taxonomy":"post_tag","embeddable":true,"href":"https:\/\/www.onekidsplace.ca\/fr\/wp-json\/wp\/v2\/tags?post=9859"}],"curies":[{"name":"wp","href":"https:\/\/api.w.org\/{rel}","templated":true}]}}