{"id":9782,"date":"2022-10-20T12:42:46","date_gmt":"2022-10-20T16:42:46","guid":{"rendered":"https:\/\/www.onekidsplace.ca\/declaration-des-droits-du-patient\/"},"modified":"2023-06-30T18:08:27","modified_gmt":"2023-06-30T22:08:27","slug":"declaration-des-droits-du-patient","status":"publish","type":"page","link":"https:\/\/www.onekidsplace.ca\/fr\/declaration-des-droits-du-patient\/","title":{"rendered":"D\u00e9claration des droits du patient"},"content":{"rendered":"<p>[et_pb_section fb_built=\u00a0\u00bb1&Prime; custom_padding_last_edited=\u00a0\u00bbon|desktop\u00a0\u00bb _builder_version=\u00a0\u00bb4.14.7&Prime; _module_preset=\u00a0\u00bbdefault\u00a0\u00bb background_color=\u00a0\u00bb#005e9e\u00a0\u00bb background_color_gradient_start=\u00a0\u00bbrgba(10,10,10,0.08)\u00a0\u00bb background_color_gradient_end=\u00a0\u00bbrgba(10,10,10,0.08)\u00a0\u00bb background_enable_image=\u00a0\u00bboff\u00a0\u00bb parallax=\u00a0\u00bbon\u00a0\u00bb custom_padding=\u00a0\u00bb10px||10px||true|false\u00a0\u00bb custom_padding_tablet=\u00a0\u00bb\u00a0\u00bb custom_padding_phone=\u00a0\u00bb\u00a0\u00bb locked=\u00a0\u00bboff\u00a0\u00bb global_colors_info=\u00a0\u00bb{}\u00a0\u00bb theme_builder_area=\u00a0\u00bbpost_content\u00a0\u00bb da_is_popup=\u00a0\u00bboff\u00a0\u00bb da_exit_intent=\u00a0\u00bboff\u00a0\u00bb da_has_close=\u00a0\u00bbon\u00a0\u00bb da_alt_close=\u00a0\u00bboff\u00a0\u00bb da_dark_close=\u00a0\u00bboff\u00a0\u00bb da_not_modal=\u00a0\u00bbon\u00a0\u00bb da_is_singular=\u00a0\u00bboff\u00a0\u00bb da_with_loader=\u00a0\u00bboff\u00a0\u00bb da_has_shadow=\u00a0\u00bbon\u00a0\u00bb da_disable_devices=\u00a0\u00bboff|off|off\u00a0\u00bb][et_pb_row use_custom_gutter=\u00a0\u00bbon\u00a0\u00bb gutter_width=\u00a0\u00bb1&Prime; make_equal=\u00a0\u00bbon\u00a0\u00bb custom_padding_last_edited=\u00a0\u00bbon|desktop\u00a0\u00bb _builder_version=\u00a0\u00bb4.14.7&Prime; _module_preset=\u00a0\u00bbdefault\u00a0\u00bb background_enable_color=\u00a0\u00bboff\u00a0\u00bb custom_margin=\u00a0\u00bb||||false|false\u00a0\u00bb custom_margin_tablet=\u00a0\u00bb||||false|false\u00a0\u00bb custom_margin_phone=\u00a0\u00bb||||false|false\u00a0\u00bb custom_margin_last_edited=\u00a0\u00bbon|desktop\u00a0\u00bb custom_padding=\u00a0\u00bb0px||10px||false|false\u00a0\u00bb custom_padding_tablet=\u00a0\u00bb0px||0px||true|false\u00a0\u00bb custom_padding_phone=\u00a0\u00bb0px||0px||true|false\u00a0\u00bb custom_css_main_element=\u00a0\u00bbalign-items:center;\u00a0\u00bb global_colors_info=\u00a0\u00bb{}\u00a0\u00bb theme_builder_area=\u00a0\u00bbpost_content\u00a0\u00bb][et_pb_column type=\u00a0\u00bb4_4&Prime; _builder_version=\u00a0\u00bb4.14.7&Prime; _module_preset=\u00a0\u00bbdefault\u00a0\u00bb background_enable_color=\u00a0\u00bboff\u00a0\u00bb custom_padding=\u00a0\u00bb10px|0px|10px|0px|true|true\u00a0\u00bb custom_padding_tablet=\u00a0\u00bb\u00a0\u00bb custom_padding_phone=\u00a0\u00bb\u00a0\u00bb custom_padding_last_edited=\u00a0\u00bbon|desktop\u00a0\u00bb global_colors_info=\u00a0\u00bb{}\u00a0\u00bb theme_builder_area=\u00a0\u00bbpost_content\u00a0\u00bb][et_pb_text _builder_version=\u00a0\u00bb4.14.9&Prime; _module_preset=\u00a0\u00bbdefault\u00a0\u00bb header_font=\u00a0\u00bbNunito Sans|800|||||||\u00a0\u00bb header_text_align=\u00a0\u00bbcenter\u00a0\u00bb header_text_color=\u00a0\u00bb#ffffff\u00a0\u00bb header_font_size=\u00a0\u00bb40px\u00a0\u00bb header_line_height=\u00a0\u00bb1.3em\u00a0\u00bb custom_margin=\u00a0\u00bb||||false|false\u00a0\u00bb custom_margin_tablet=\u00a0\u00bb-20px||||false|false\u00a0\u00bb custom_margin_phone=\u00a0\u00bb\u00a0\u00bb custom_margin_last_edited=\u00a0\u00bbon|phone\u00a0\u00bb custom_padding=\u00a0\u00bb20px||||false|false\u00a0\u00bb custom_padding_tablet=\u00a0\u00bb30px||||false|false\u00a0\u00bb custom_padding_phone=\u00a0\u00bb40px||10px||false|false\u00a0\u00bb custom_padding_last_edited=\u00a0\u00bbon|desktop\u00a0\u00bb hover_enabled=\u00a0\u00bb0&Prime; header_text_align_tablet=\u00a0\u00bbcenter\u00a0\u00bb header_text_align_phone=\u00a0\u00bbcenter\u00a0\u00bb header_text_align_last_edited=\u00a0\u00bbon|tablet\u00a0\u00bb header_font_size_tablet=\u00a0\u00bb\u00a0\u00bb header_font_size_phone=\u00a0\u00bb30px\u00a0\u00bb header_font_size_last_edited=\u00a0\u00bbon|desktop\u00a0\u00bb header_text_shadow_style=\u00a0\u00bbpreset2&Prime; header_text_shadow_color=\u00a0\u00bbrgba(0,0,0,0.18)\u00a0\u00bb global_colors_info=\u00a0\u00bb{}\u00a0\u00bb theme_builder_area=\u00a0\u00bbpost_content\u00a0\u00bb sticky_enabled=\u00a0\u00bb0&Prime;]<\/p>\n<h1>D\u00e9claration des droits du patient<\/h1>\n<p>[\/et_pb_text][\/et_pb_column][\/et_pb_row][\/et_pb_section][et_pb_section fb_built=\u00a0\u00bb1&Prime; _builder_version=\u00a0\u00bb4.10.6&Prime; _module_preset=\u00a0\u00bbdefault\u00a0\u00bb global_colors_info=\u00a0\u00bb{}\u00a0\u00bb theme_builder_area=\u00a0\u00bbpost_content\u00a0\u00bb da_is_popup=\u00a0\u00bboff\u00a0\u00bb da_exit_intent=\u00a0\u00bboff\u00a0\u00bb da_has_close=\u00a0\u00bbon\u00a0\u00bb da_alt_close=\u00a0\u00bboff\u00a0\u00bb da_dark_close=\u00a0\u00bboff\u00a0\u00bb da_not_modal=\u00a0\u00bbon\u00a0\u00bb da_is_singular=\u00a0\u00bboff\u00a0\u00bb da_with_loader=\u00a0\u00bboff\u00a0\u00bb da_has_shadow=\u00a0\u00bbon\u00a0\u00bb da_disable_devices=\u00a0\u00bboff|off|off\u00a0\u00bb][et_pb_row _builder_version=\u00a0\u00bb4.10.6&Prime; _module_preset=\u00a0\u00bbdefault\u00a0\u00bb global_colors_info=\u00a0\u00bb{}\u00a0\u00bb theme_builder_area=\u00a0\u00bbpost_content\u00a0\u00bb][et_pb_column type=\u00a0\u00bb4_4&Prime; _builder_version=\u00a0\u00bb4.10.6&Prime; _module_preset=\u00a0\u00bbdefault\u00a0\u00bb global_colors_info=\u00a0\u00bb{}\u00a0\u00bb theme_builder_area=\u00a0\u00bbpost_content\u00a0\u00bb][et_pb_text _builder_version=\u00a0\u00bb4.14.9&Prime; _module_preset=\u00a0\u00bbdefault\u00a0\u00bb text_font=\u00a0\u00bb|600|||||||\u00a0\u00bb text_text_color=\u00a0\u00bb#2E3E47&Prime; text_font_size=\u00a0\u00bb18px\u00a0\u00bb background_layout=\u00a0\u00bbdark\u00a0\u00bb hover_enabled=\u00a0\u00bb0&Prime; text_orientation_tablet=\u00a0\u00bbcenter\u00a0\u00bb text_orientation_phone=\u00a0\u00bbcenter\u00a0\u00bb text_orientation_last_edited=\u00a0\u00bbon|phone\u00a0\u00bb global_colors_info=\u00a0\u00bb{}\u00a0\u00bb theme_builder_area=\u00a0\u00bbpost_content\u00a0\u00bb sticky_enabled=\u00a0\u00bb0&Prime;]<\/p>\n<p>En tant que patient, membre de la famille, mandataire sp\u00e9cial ou soignant, vous avez le droit de vous attendre \u00e0 ce que chaque employ\u00e9, membre du conseil d\u2019administration et fournisseur de services de sant\u00e9 retenu \u00e0 contrat de Services de soutien \u00e0 domicile et en milieu communautaire s\u2019engage \u00e0 respecter et \u00e0 promouvoir vos droits, qui sont les suivants :<\/p>\n<p>[\/et_pb_text][et_pb_text _builder_version=\u00a0\u00bb4.14.9&Prime; _module_preset=\u00a0\u00bbdefault\u00a0\u00bb hover_enabled=\u00a0\u00bb0&Prime; global_colors_info=\u00a0\u00bb{}\u00a0\u00bb custom_css_main_element_last_edited=\u00a0\u00bbon|desktop\u00a0\u00bb custom_css_main_element_tablet=\u00a0\u00bbcolumn-count:2;\u00a0\u00bb custom_css_main_element_phone=\u00a0\u00bb \u00a0\u00bb theme_builder_area=\u00a0\u00bbpost_content\u00a0\u00bb sticky_enabled=\u00a0\u00bb0&Prime; ol_font=\u00a0\u00bb||||||||\u00a0\u00bb ol_line_height=\u00a0\u00bb1.7em\u00a0\u00bb ol_position=\u00a0\u00bboutside\u00a0\u00bb ol_item_indent=\u00a0\u00bb15px\u00a0\u00bb]<\/p>\n<ol>\n<li><strong>\u00catre trait\u00e9 avec respect<\/strong>, sans mauvais traitements d\u2019ordre physique, sexuel, mental, \u00e9motionnel, verbal ou financier.<\/li>\n<li><strong>\u00catre trait\u00e9 d\u2019une mani\u00e8re qui respecte votre dignit\u00e9 et votre vie priv\u00e9e<\/strong> et qui favorise votre autonomie et votre participation \u00e0 la prise de d\u00e9cisions.<\/li>\n<li><strong>\u00catre trait\u00e9 d\u2019une mani\u00e8re qui tient compte de votre individualit\u00e9<\/strong> ainsi que de vos besoins et pr\u00e9f\u00e9rences, notamment vos pr\u00e9f\u00e9rences fond\u00e9es sur des facteurs ethniques, spirituels, linguistiques, familiaux et culturels.<\/li>\n<li><strong>Recevoir des services de soins \u00e0 domicile et en milieu communautaire sans discrimination<\/strong> conform\u00e9ment au Code des droits de la personne ou \u00e0 la Charte canadienne des droits et libert\u00e9s.<\/li>\n<li><strong>Pour les patients des Premi\u00e8res Nations, m\u00e9tis ou inuits<\/strong>, recevoir des services de soins \u00e0 domicile et en milieu communautaire d\u2019une <strong>mani\u00e8re s\u00e9curitaire sur le plan culturel.<\/strong><\/li>\n<li><strong>Recevoir des renseignements clairs<\/strong> sur les services de soins \u00e0 domicile et en milieu communautaire, dans un format qui vous est accessible.<\/li>\n<li><strong>Participer \u00e0 l\u2019\u00e9valuation et \u00e0 la r\u00e9\u00e9valuation de vos besoins<\/strong> ainsi qu\u2019\u00e0 l\u2019\u00e9laboration et \u00e0 la r\u00e9vision de votre plan de soins.<\/li>\n<li><strong>D\u00e9signer une personne pour vous accompagner durant les \u00e9valuations<\/strong> et <strong>participer \u00e0 l\u2019\u00e9laboration<\/strong>, \u00e0 l\u2019\u00e9valuation et \u00e0 la r\u00e9vision de votre plan de soins.<\/li>\n<li><strong>Recevoir l\u2019aide n\u00e9cessaire pour coordonner vos services.<\/strong><\/li>\n<li><strong>Donner ou refuser votre consentement<\/strong> \u00e0 la prestation de services de soins \u00e0 domicile et en milieu communautaire.<\/li>\n<li><strong>Soulever vos pr\u00e9occupations ou recommander des changements<\/strong> concernant vos services ainsi que les politiques et d\u00e9cisions qui touchent vos int\u00e9r\u00eats, sans crainte d\u2019ing\u00e9rence, de coercition, de discrimination ou de repr\u00e9sailles.<\/li>\n<li><strong>\u00catre inform\u00e9 des lois, des r\u00e8gles et des politiques<\/strong> concernant la prestation de services de soins \u00e0 domicile et en milieu communautaire, notamment la pr\u00e9sente D\u00e9claration des droits du patient, et \u00eatre inform\u00e9 par \u00e9crit des proc\u00e9dures \u00e0 suivre pour transmettre des plaintes au sujet des services que vous recevez.<\/li>\n<\/ol>\n<p>[\/et_pb_text][dsm_button _builder_version=\u00a0\u00bb4.14.9&Prime; _module_preset=\u00a0\u00bbdefault\u00a0\u00bb theme_builder_area=\u00a0\u00bbpost_content\u00a0\u00bb button_one_text=\u00a0\u00bbPatient Bill of Rights &#8211; EN\u00a0\u00bb button_two_text=\u00a0\u00bbD\u00e9claration des droits du patient &#8211; FR\u00a0\u00bb button_one_url=\u00a0\u00bbhttps:\/\/www.onekidsplace.ca\/wp-content\/uploads\/2022\/10\/Patient-Bill-of-Rights-EN.pdf\u00a0\u00bb button_one_url_new_window=\u00a0\u00bbon\u00a0\u00bb button_two_url=\u00a0\u00bbhttps:\/\/www.onekidsplace.ca\/wp-content\/uploads\/2022\/10\/Patient-Bill-of-Rights-FR.pdf\u00a0\u00bb button_two_url_new_window=\u00a0\u00bbon\u00a0\u00bb hover_enabled=\u00a0\u00bb0&Prime; sticky_enabled=\u00a0\u00bb0&Prime;][\/dsm_button][\/et_pb_column][\/et_pb_row][\/et_pb_section]<\/p>\n","protected":false},"excerpt":{"rendered":"<p>D\u00e9claration des droits du patientEn tant que patient, membre de la famille, mandataire sp\u00e9cial ou soignant, vous avez le droit de vous attendre \u00e0 ce que chaque employ\u00e9, membre du conseil d\u2019administration et fournisseur de services de sant\u00e9 retenu \u00e0 contrat de Services de soutien \u00e0 domicile et en milieu communautaire s\u2019engage \u00e0 respecter et \u00e0 promouvoir vos droits, qui sont les suivants : \u00catre trait\u00e9 avec respect, sans mauvais traitements d\u2019ordre physique, sexuel, mental, \u00e9motionnel, verbal ou financier. \u00catre trait\u00e9 d\u2019une mani\u00e8re qui respecte votre dignit\u00e9 et votre vie priv\u00e9e et qui favorise votre autonomie et votre participation \u00e0 la prise de d\u00e9cisions. \u00catre trait\u00e9 d\u2019une mani\u00e8re qui tient compte de votre individualit\u00e9 ainsi que de vos besoins et pr\u00e9f\u00e9rences, notamment vos pr\u00e9f\u00e9rences fond\u00e9es sur des facteurs ethniques, spirituels, linguistiques, familiaux et culturels. Recevoir des services de soins \u00e0 domicile et en milieu communautaire sans discrimination conform\u00e9ment au Code des droits de la personne ou \u00e0 la Charte canadienne des droits et libert\u00e9s. Pour les patients des Premi\u00e8res Nations, m\u00e9tis ou inuits, recevoir des services de soins \u00e0 domicile et en milieu communautaire d\u2019une mani\u00e8re s\u00e9curitaire sur le plan culturel. Recevoir des renseignements clairs sur les services de soins [&hellip;]<\/p>\n","protected":false},"author":2,"featured_media":0,"parent":0,"menu_order":0,"comment_status":"closed","ping_status":"closed","template":"","meta":{"_et_pb_use_builder":"on","_et_pb_old_content":"","_et_gb_content_width":"","_price":"","_stock":"","_tribe_ticket_header":"","_tribe_default_ticket_provider":"","_tribe_ticket_capacity":"0","_ticket_start_date":"","_ticket_end_date":"","_tribe_ticket_show_description":"","_tribe_ticket_show_not_going":false,"_tribe_ticket_use_global_stock":"","_tribe_ticket_global_stock_level":"","_global_stock_mode":"","_global_stock_cap":"","_tribe_rsvp_for_event":"","_tribe_ticket_going_count":"","_tribe_ticket_not_going_count":"","_tribe_tickets_list":"[]","_tribe_ticket_has_attendee_info_fields":false,"footnotes":"","_tec_slr_enabled":"","_tec_slr_layout":""},"categories":[],"tags":[],"class_list":["post-9782","page","type-page","status-publish","hentry"],"yoast_head":"<!-- This site is optimized with the Yoast SEO plugin v27.2 - https:\/\/yoast.com\/product\/yoast-seo-wordpress\/ -->\n<title>D\u00e9claration des droits du patient - One Kids Place<\/title>\n<meta name=\"robots\" content=\"index, follow, max-snippet:-1, max-image-preview:large, max-video-preview:-1\" \/>\n<link rel=\"canonical\" href=\"https:\/\/www.onekidsplace.ca\/fr\/declaration-des-droits-du-patient\/\" \/>\n<meta property=\"og:locale\" content=\"fr_FR\" \/>\n<meta property=\"og:type\" content=\"article\" \/>\n<meta property=\"og:title\" content=\"D\u00e9claration des droits du patient - One Kids Place\" \/>\n<meta property=\"og:description\" content=\"D\u00e9claration des droits du patientEn tant que patient, membre de la famille, mandataire sp\u00e9cial ou soignant, vous avez le droit de vous attendre \u00e0 ce que chaque employ\u00e9, membre du conseil d\u2019administration et fournisseur de services de sant\u00e9 retenu \u00e0 contrat de Services de soutien \u00e0 domicile et en milieu communautaire s\u2019engage \u00e0 respecter et \u00e0 promouvoir vos droits, qui sont les suivants : \u00catre trait\u00e9 avec respect, sans mauvais traitements d\u2019ordre physique, sexuel, mental, \u00e9motionnel, verbal ou financier. \u00catre trait\u00e9 d\u2019une mani\u00e8re qui respecte votre dignit\u00e9 et votre vie priv\u00e9e et qui favorise votre autonomie et votre participation \u00e0 la prise de d\u00e9cisions. \u00catre trait\u00e9 d\u2019une mani\u00e8re qui tient compte de votre individualit\u00e9 ainsi que de vos besoins et pr\u00e9f\u00e9rences, notamment vos pr\u00e9f\u00e9rences fond\u00e9es sur des facteurs ethniques, spirituels, linguistiques, familiaux et culturels. Recevoir des services de soins \u00e0 domicile et en milieu communautaire sans discrimination conform\u00e9ment au Code des droits de la personne ou \u00e0 la Charte canadienne des droits et libert\u00e9s. Pour les patients des Premi\u00e8res Nations, m\u00e9tis ou inuits, recevoir des services de soins \u00e0 domicile et en milieu communautaire d\u2019une mani\u00e8re s\u00e9curitaire sur le plan culturel. Recevoir des renseignements clairs sur les services de soins [&hellip;]\" \/>\n<meta property=\"og:url\" content=\"https:\/\/www.onekidsplace.ca\/fr\/declaration-des-droits-du-patient\/\" \/>\n<meta property=\"og:site_name\" content=\"One Kids Place\" \/>\n<meta property=\"article:modified_time\" content=\"2023-06-30T22:08:27+00:00\" \/>\n<meta name=\"twitter:card\" content=\"summary_large_image\" \/>\n<meta name=\"twitter:label1\" content=\"Dur\u00e9e de lecture estim\u00e9e\" \/>\n\t<meta name=\"twitter:data1\" content=\"5 minutes\" \/>\n<script type=\"application\/ld+json\" class=\"yoast-schema-graph\">{\"@context\":\"https:\/\/schema.org\",\"@graph\":[{\"@type\":\"WebPage\",\"@id\":\"https:\/\/www.onekidsplace.ca\/fr\/declaration-des-droits-du-patient\/\",\"url\":\"https:\/\/www.onekidsplace.ca\/fr\/declaration-des-droits-du-patient\/\",\"name\":\"D\u00e9claration des droits du patient - One Kids Place\",\"isPartOf\":{\"@id\":\"https:\/\/www.onekidsplace.ca\/#website\"},\"datePublished\":\"2022-10-20T16:42:46+00:00\",\"dateModified\":\"2023-06-30T22:08:27+00:00\",\"breadcrumb\":{\"@id\":\"https:\/\/www.onekidsplace.ca\/fr\/declaration-des-droits-du-patient\/#breadcrumb\"},\"inLanguage\":\"fr-FR\",\"potentialAction\":[{\"@type\":\"ReadAction\",\"target\":[\"https:\/\/www.onekidsplace.ca\/fr\/declaration-des-droits-du-patient\/\"]}]},{\"@type\":\"BreadcrumbList\",\"@id\":\"https:\/\/www.onekidsplace.ca\/fr\/declaration-des-droits-du-patient\/#breadcrumb\",\"itemListElement\":[{\"@type\":\"ListItem\",\"position\":1,\"name\":\"Home\",\"item\":\"https:\/\/www.onekidsplace.ca\/\"},{\"@type\":\"ListItem\",\"position\":2,\"name\":\"D\u00e9claration des droits du patient\"}]},{\"@type\":\"WebSite\",\"@id\":\"https:\/\/www.onekidsplace.ca\/#website\",\"url\":\"https:\/\/www.onekidsplace.ca\/\",\"name\":\"One Kids Place\",\"description\":\"Children&#039;s Treatment Centre\",\"potentialAction\":[{\"@type\":\"SearchAction\",\"target\":{\"@type\":\"EntryPoint\",\"urlTemplate\":\"https:\/\/www.onekidsplace.ca\/?s={search_term_string}\"},\"query-input\":{\"@type\":\"PropertyValueSpecification\",\"valueRequired\":true,\"valueName\":\"search_term_string\"}}],\"inLanguage\":\"fr-FR\"}]}<\/script>\n<!-- \/ Yoast SEO plugin. -->","yoast_head_json":{"title":"D\u00e9claration des droits du patient - One Kids Place","robots":{"index":"index","follow":"follow","max-snippet":"max-snippet:-1","max-image-preview":"max-image-preview:large","max-video-preview":"max-video-preview:-1"},"canonical":"https:\/\/www.onekidsplace.ca\/fr\/declaration-des-droits-du-patient\/","og_locale":"fr_FR","og_type":"article","og_title":"D\u00e9claration des droits du patient - One Kids Place","og_description":"D\u00e9claration des droits du patientEn tant que patient, membre de la famille, mandataire sp\u00e9cial ou soignant, vous avez le droit de vous attendre \u00e0 ce que chaque employ\u00e9, membre du conseil d\u2019administration et fournisseur de services de sant\u00e9 retenu \u00e0 contrat de Services de soutien \u00e0 domicile et en milieu communautaire s\u2019engage \u00e0 respecter et \u00e0 promouvoir vos droits, qui sont les suivants : \u00catre trait\u00e9 avec respect, sans mauvais traitements d\u2019ordre physique, sexuel, mental, \u00e9motionnel, verbal ou financier. \u00catre trait\u00e9 d\u2019une mani\u00e8re qui respecte votre dignit\u00e9 et votre vie priv\u00e9e et qui favorise votre autonomie et votre participation \u00e0 la prise de d\u00e9cisions. \u00catre trait\u00e9 d\u2019une mani\u00e8re qui tient compte de votre individualit\u00e9 ainsi que de vos besoins et pr\u00e9f\u00e9rences, notamment vos pr\u00e9f\u00e9rences fond\u00e9es sur des facteurs ethniques, spirituels, linguistiques, familiaux et culturels. Recevoir des services de soins \u00e0 domicile et en milieu communautaire sans discrimination conform\u00e9ment au Code des droits de la personne ou \u00e0 la Charte canadienne des droits et libert\u00e9s. Pour les patients des Premi\u00e8res Nations, m\u00e9tis ou inuits, recevoir des services de soins \u00e0 domicile et en milieu communautaire d\u2019une mani\u00e8re s\u00e9curitaire sur le plan culturel. Recevoir des renseignements clairs sur les services de soins [&hellip;]","og_url":"https:\/\/www.onekidsplace.ca\/fr\/declaration-des-droits-du-patient\/","og_site_name":"One Kids Place","article_modified_time":"2023-06-30T22:08:27+00:00","twitter_card":"summary_large_image","twitter_misc":{"Dur\u00e9e de lecture estim\u00e9e":"5 minutes"},"schema":{"@context":"https:\/\/schema.org","@graph":[{"@type":"WebPage","@id":"https:\/\/www.onekidsplace.ca\/fr\/declaration-des-droits-du-patient\/","url":"https:\/\/www.onekidsplace.ca\/fr\/declaration-des-droits-du-patient\/","name":"D\u00e9claration des droits du patient - One Kids Place","isPartOf":{"@id":"https:\/\/www.onekidsplace.ca\/#website"},"datePublished":"2022-10-20T16:42:46+00:00","dateModified":"2023-06-30T22:08:27+00:00","breadcrumb":{"@id":"https:\/\/www.onekidsplace.ca\/fr\/declaration-des-droits-du-patient\/#breadcrumb"},"inLanguage":"fr-FR","potentialAction":[{"@type":"ReadAction","target":["https:\/\/www.onekidsplace.ca\/fr\/declaration-des-droits-du-patient\/"]}]},{"@type":"BreadcrumbList","@id":"https:\/\/www.onekidsplace.ca\/fr\/declaration-des-droits-du-patient\/#breadcrumb","itemListElement":[{"@type":"ListItem","position":1,"name":"Home","item":"https:\/\/www.onekidsplace.ca\/"},{"@type":"ListItem","position":2,"name":"D\u00e9claration des droits du patient"}]},{"@type":"WebSite","@id":"https:\/\/www.onekidsplace.ca\/#website","url":"https:\/\/www.onekidsplace.ca\/","name":"One Kids Place","description":"Children&#039;s Treatment Centre","potentialAction":[{"@type":"SearchAction","target":{"@type":"EntryPoint","urlTemplate":"https:\/\/www.onekidsplace.ca\/?s={search_term_string}"},"query-input":{"@type":"PropertyValueSpecification","valueRequired":true,"valueName":"search_term_string"}}],"inLanguage":"fr-FR"}]}},"ticketed":false,"_links":{"self":[{"href":"https:\/\/www.onekidsplace.ca\/fr\/wp-json\/wp\/v2\/pages\/9782","targetHints":{"allow":["GET"]}}],"collection":[{"href":"https:\/\/www.onekidsplace.ca\/fr\/wp-json\/wp\/v2\/pages"}],"about":[{"href":"https:\/\/www.onekidsplace.ca\/fr\/wp-json\/wp\/v2\/types\/page"}],"author":[{"embeddable":true,"href":"https:\/\/www.onekidsplace.ca\/fr\/wp-json\/wp\/v2\/users\/2"}],"replies":[{"embeddable":true,"href":"https:\/\/www.onekidsplace.ca\/fr\/wp-json\/wp\/v2\/comments?post=9782"}],"version-history":[{"count":2,"href":"https:\/\/www.onekidsplace.ca\/fr\/wp-json\/wp\/v2\/pages\/9782\/revisions"}],"predecessor-version":[{"id":9784,"href":"https:\/\/www.onekidsplace.ca\/fr\/wp-json\/wp\/v2\/pages\/9782\/revisions\/9784"}],"wp:attachment":[{"href":"https:\/\/www.onekidsplace.ca\/fr\/wp-json\/wp\/v2\/media?parent=9782"}],"wp:term":[{"taxonomy":"category","embeddable":true,"href":"https:\/\/www.onekidsplace.ca\/fr\/wp-json\/wp\/v2\/categories?post=9782"},{"taxonomy":"post_tag","embeddable":true,"href":"https:\/\/www.onekidsplace.ca\/fr\/wp-json\/wp\/v2\/tags?post=9782"}],"curies":[{"name":"wp","href":"https:\/\/api.w.org\/{rel}","templated":true}]}}