{"id":9035,"date":"2021-10-21T22:50:46","date_gmt":"2021-10-22T02:50:46","guid":{"rendered":"https:\/\/www.onekidsplace.ca\/programme-de-transition-a-lecole\/"},"modified":"2023-08-04T00:49:46","modified_gmt":"2023-08-04T04:49:46","slug":"programme-de-transition-a-lecole","status":"publish","type":"page","link":"https:\/\/www.onekidsplace.ca\/fr\/programme-de-transition-a-lecole\/","title":{"rendered":"Programme de transition \u00e0 l\u2019\u00e9cole"},"content":{"rendered":"<p>[et_pb_section fb_built=\u00a0\u00bb1&Prime; custom_padding_last_edited=\u00a0\u00bbon|desktop\u00a0\u00bb _builder_version=\u00a0\u00bb4.14.7&Prime; _module_preset=\u00a0\u00bbdefault\u00a0\u00bb background_color=\u00a0\u00bb#005e9e\u00a0\u00bb background_color_gradient_start=\u00a0\u00bbrgba(10,10,10,0.08)\u00a0\u00bb background_color_gradient_end=\u00a0\u00bbrgba(10,10,10,0.08)\u00a0\u00bb background_enable_image=\u00a0\u00bboff\u00a0\u00bb parallax=\u00a0\u00bbon\u00a0\u00bb custom_padding=\u00a0\u00bb10px||10px||true|false\u00a0\u00bb custom_padding_tablet=\u00a0\u00bb\u00a0\u00bb custom_padding_phone=\u00a0\u00bb\u00a0\u00bb locked=\u00a0\u00bboff\u00a0\u00bb global_colors_info=\u00a0\u00bb{}\u00a0\u00bb][et_pb_row use_custom_gutter=\u00a0\u00bbon\u00a0\u00bb gutter_width=\u00a0\u00bb1&Prime; make_equal=\u00a0\u00bbon\u00a0\u00bb custom_padding_last_edited=\u00a0\u00bbon|desktop\u00a0\u00bb _builder_version=\u00a0\u00bb4.14.7&Prime; _module_preset=\u00a0\u00bbdefault\u00a0\u00bb background_enable_color=\u00a0\u00bboff\u00a0\u00bb custom_margin=\u00a0\u00bb||||false|false\u00a0\u00bb custom_margin_tablet=\u00a0\u00bb||||false|false\u00a0\u00bb custom_margin_phone=\u00a0\u00bb||||false|false\u00a0\u00bb custom_margin_last_edited=\u00a0\u00bbon|desktop\u00a0\u00bb custom_padding=\u00a0\u00bb0px||10px||false|false\u00a0\u00bb custom_padding_tablet=\u00a0\u00bb0px||0px||true|false\u00a0\u00bb custom_padding_phone=\u00a0\u00bb0px||0px||true|false\u00a0\u00bb custom_css_main_element=\u00a0\u00bbalign-items:center;\u00a0\u00bb global_colors_info=\u00a0\u00bb{}\u00a0\u00bb][et_pb_column type=\u00a0\u00bb4_4&Prime; _builder_version=\u00a0\u00bb4.14.7&Prime; _module_preset=\u00a0\u00bbdefault\u00a0\u00bb background_enable_color=\u00a0\u00bboff\u00a0\u00bb custom_padding=\u00a0\u00bb10px|0px|10px|0px|true|true\u00a0\u00bb custom_padding_tablet=\u00a0\u00bb\u00a0\u00bb custom_padding_phone=\u00a0\u00bb\u00a0\u00bb custom_padding_last_edited=\u00a0\u00bbon|desktop\u00a0\u00bb global_colors_info=\u00a0\u00bb{}\u00a0\u00bb][et_pb_text _builder_version=\u00a0\u00bb4.14.7&Prime; _module_preset=\u00a0\u00bbdefault\u00a0\u00bb header_font=\u00a0\u00bbNunito Sans|800|||||||\u00a0\u00bb header_text_align=\u00a0\u00bbcenter\u00a0\u00bb header_text_color=\u00a0\u00bb#ffffff\u00a0\u00bb header_font_size=\u00a0\u00bb40px\u00a0\u00bb header_line_height=\u00a0\u00bb1.3em\u00a0\u00bb custom_margin=\u00a0\u00bb||||false|false\u00a0\u00bb custom_margin_tablet=\u00a0\u00bb-20px||||false|false\u00a0\u00bb custom_margin_phone=\u00a0\u00bb\u00a0\u00bb custom_margin_last_edited=\u00a0\u00bbon|phone\u00a0\u00bb custom_padding=\u00a0\u00bb20px||||false|false\u00a0\u00bb custom_padding_tablet=\u00a0\u00bb30px||||false|false\u00a0\u00bb custom_padding_phone=\u00a0\u00bb40px||10px||false|false\u00a0\u00bb custom_padding_last_edited=\u00a0\u00bbon|desktop\u00a0\u00bb header_text_align_tablet=\u00a0\u00bbcenter\u00a0\u00bb header_text_align_phone=\u00a0\u00bbcenter\u00a0\u00bb header_text_align_last_edited=\u00a0\u00bbon|tablet\u00a0\u00bb header_font_size_tablet=\u00a0\u00bb\u00a0\u00bb header_font_size_phone=\u00a0\u00bb30px\u00a0\u00bb header_font_size_last_edited=\u00a0\u00bbon|desktop\u00a0\u00bb header_text_shadow_style=\u00a0\u00bbpreset2&Prime; header_text_shadow_color=\u00a0\u00bbrgba(0,0,0,0.18)\u00a0\u00bb global_colors_info=\u00a0\u00bb{}\u00a0\u00bb]<\/p>\n<h1>Programme de transition \u00e0 l\u2019\u00e9cole<\/h1>\n<p>[\/et_pb_text][\/et_pb_column][\/et_pb_row][\/et_pb_section][et_pb_section fb_built=\u00a0\u00bb1&Prime; _builder_version=\u00a0\u00bb4.10.6&Prime; _module_preset=\u00a0\u00bbdefault\u00a0\u00bb global_colors_info=\u00a0\u00bb{}\u00a0\u00bb][et_pb_row column_structure=\u00a0\u00bb3_5,2_5&Prime; _builder_version=\u00a0\u00bb4.10.6&Prime; _module_preset=\u00a0\u00bbdefault\u00a0\u00bb global_colors_info=\u00a0\u00bb{}\u00a0\u00bb][et_pb_column type=\u00a0\u00bb3_5&Prime; _builder_version=\u00a0\u00bb4.10.6&Prime; _module_preset=\u00a0\u00bbdefault\u00a0\u00bb global_colors_info=\u00a0\u00bb{}\u00a0\u00bb][et_pb_text _builder_version=\u00a0\u00bb4.14.7&Prime; _module_preset=\u00a0\u00bbdefault\u00a0\u00bb text_font=\u00a0\u00bb|600|||||||\u00a0\u00bb text_text_color=\u00a0\u00bb#2E3E47&Prime; text_font_size=\u00a0\u00bb18px\u00a0\u00bb background_layout=\u00a0\u00bbdark\u00a0\u00bb text_orientation_tablet=\u00a0\u00bbcenter\u00a0\u00bb text_orientation_phone=\u00a0\u00bbcenter\u00a0\u00bb text_orientation_last_edited=\u00a0\u00bbon|phone\u00a0\u00bb global_colors_info=\u00a0\u00bb{}\u00a0\u00bb]<\/p>\n<p>Ce programme permet aux enfants d\u2019acqu\u00e9rir les comp\u00e9tences n\u00e9cessaires pour r\u00e9ussir leur transition \u00e0 l\u2019environnement scolaire.<\/p>\n<p>[\/et_pb_text][et_pb_text _builder_version=\u00a0\u00bb4.10.6&Prime; _module_preset=\u00a0\u00bbdefault\u00a0\u00bb global_colors_info=\u00a0\u00bb{}\u00a0\u00bb]<\/p>\n<p>Le <strong>Programme de transition \u00e0 l\u2019\u00e9cole<\/strong> est un service de traitement de jour en milieu scolaire. Il offre des services th\u00e9rapeutiques et \u00e9ducatifs aux enfants qui rencontrent des obstacles dans leur environnement actuel ou qui ont besoin d\u2019un soutien suppl\u00e9mentaire pour r\u00e9ussir leur transition vers un programme scolaire.<\/p>\n<p><strong>Ce programme<\/strong> aide l\u2019enfant \u00e0 se pr\u00e9parer \u00e0 la vie scolaire, \u00e0 am\u00e9liorer ses communications sociales, \u00e0 \u00eatre plus autonome et \u00e0 rehausser son estime de soi. Il favorise aussi la gestion de l\u2019impulsivit\u00e9, l\u2019autor\u00e9gulation, la conscience de soi et le contr\u00f4le des \u00e9motions. Les interventions refl\u00e8tent les principes bien \u00e9tablis de l\u2019analyse comportementale appliqu\u00e9e. Toutes les approches sont personnalis\u00e9es : soins, gestion du comportement, traitement et cong\u00e9 \u00e0 la fin des services. <\/p>\n<p>Les services de soutien facilitent la t\u00e2che des enfants, des parents ou tuteurs et du personnel de l\u2019\u00e9cole au moment o\u00f9 l\u2019enfant fait son entr\u00e9e \u00e0 l\u2019\u00e9cole. Le programme d\u2019\u00e9t\u00e9 offre des services aux enfants qui s\u2019appr\u00eatent \u00e0 entrer en maternelle ou au jardin d\u2019enfants. <\/p>\n<p>[\/et_pb_text][\/et_pb_column][et_pb_column type=\u00a0\u00bb2_5&Prime; _builder_version=\u00a0\u00bb4.10.6&Prime; _module_preset=\u00a0\u00bbdefault\u00a0\u00bb global_colors_info=\u00a0\u00bb{}\u00a0\u00bb][et_pb_image src=\u00a0\u00bbhttps:\/\/www.onekidsplace.ca\/wp-content\/uploads\/2022\/03\/image-for-TTS-page-scaled.jpg\u00a0\u00bb _builder_version=\u00a0\u00bb4.14.9&Prime; _module_preset=\u00a0\u00bbdefault\u00a0\u00bb hover_enabled=\u00a0\u00bb0&Prime; global_colors_info=\u00a0\u00bb{}\u00a0\u00bb sticky_enabled=\u00a0\u00bb0&Prime;][\/et_pb_image][\/et_pb_column][\/et_pb_row][et_pb_row _builder_version=\u00a0\u00bb4.10.6&Prime; _module_preset=\u00a0\u00bbdefault\u00a0\u00bb global_colors_info=\u00a0\u00bb{}\u00a0\u00bb][et_pb_column type=\u00a0\u00bb4_4&Prime; _builder_version=\u00a0\u00bb4.10.6&Prime; _module_preset=\u00a0\u00bbdefault\u00a0\u00bb global_colors_info=\u00a0\u00bb{}\u00a0\u00bb][et_pb_text _builder_version=\u00a0\u00bb4.10.6&Prime; _module_preset=\u00a0\u00bbdefault\u00a0\u00bb header_2_font=\u00a0\u00bb|700|||||||\u00a0\u00bb header_2_text_color=\u00a0\u00bb#005e9e\u00a0\u00bb header_3_font=\u00a0\u00bb|700|||||||\u00a0\u00bb header_3_text_color=\u00a0\u00bb#005e9e\u00a0\u00bb header_3_font_size=\u00a0\u00bb26px\u00a0\u00bb global_colors_info=\u00a0\u00bb{}\u00a0\u00bb]<\/p>\n<h2>Cette \u00e9quipe travaille avec plusieurs partenaires :<\/h2>\n<p>[\/et_pb_text][et_pb_text _builder_version=\u00a0\u00bb4.10.6&Prime; _module_preset=\u00a0\u00bbdefault\u00a0\u00bb global_colors_info=\u00a0\u00bb{}\u00a0\u00bb]<\/p>\n<ul>\n<li>\n<p>Autres th\u00e9rapeutes de La Place des enfants (ergoth\u00e9rapie, orthophonie, physioth\u00e9rapie, th\u00e9rapie comportementale, ludotherapie, assistantes et assistants en th\u00e9rapie stagiaires)<\/p>\n<\/li>\n<li>\n<p>Comit\u00e9 sur l\u2019\u00e9ducation de l\u2019enfance en difficult\u00e9 du Near North District School Board<\/p>\n<\/li>\n<li>\n<p>Soci\u00e9t\u00e9 d\u2019aide \u00e0 l\u2019enfance<\/p>\n<\/li>\n<li>\n<p>Nipissing Parry Sound Catholic District School Board<\/p>\n<\/li>\n<li>\n<p>Nation m\u00e9tisse de l\u2019Ontario<\/p>\n<\/li>\n<li>\n<p>Centre multiculturel de North Bay et du District<\/p>\n<\/li>\n<li>\n<p>North Bay Indigenous Friendship Centre<\/p>\n<\/li>\n<li>\n<p>Services de d\u00e9veloppement du nourrisson et de l\u2019enfant<\/p>\n<\/li>\n<li>\n<p>Int\u00e9gration communautaire (B\u00e9b\u00e9s en sant\u00e9, enfants en sant\u00e9; programmes ON y va)<\/p>\n<\/li>\n<\/ul>\n<p>[\/et_pb_text][\/et_pb_column][\/et_pb_row][et_pb_row _builder_version=\u00a0\u00bb4.10.6&Prime; _module_preset=\u00a0\u00bbdefault\u00a0\u00bb global_colors_info=\u00a0\u00bb{}\u00a0\u00bb][et_pb_column type=\u00a0\u00bb4_4&Prime; _builder_version=\u00a0\u00bb4.10.6&Prime; _module_preset=\u00a0\u00bbdefault\u00a0\u00bb global_colors_info=\u00a0\u00bb{}\u00a0\u00bb][et_pb_text _builder_version=\u00a0\u00bb4.10.6&Prime; _module_preset=\u00a0\u00bbdefault\u00a0\u00bb header_2_font=\u00a0\u00bb|700|||||||\u00a0\u00bb header_2_text_color=\u00a0\u00bb#005e9e\u00a0\u00bb header_3_font=\u00a0\u00bb|700|||||||\u00a0\u00bb header_3_text_color=\u00a0\u00bb#005e9e\u00a0\u00bb header_3_font_size=\u00a0\u00bb26px\u00a0\u00bb global_colors_info=\u00a0\u00bb{}\u00a0\u00bb]<\/p>\n<h3>Admissibilit\u00e9<\/h3>\n<p>[\/et_pb_text][et_pb_text _builder_version=\u00a0\u00bb4.10.6&Prime; _module_preset=\u00a0\u00bbdefault\u00a0\u00bb link_font=\u00a0\u00bb|600||||||#594B6A|\u00a0\u00bb link_text_color=\u00a0\u00bb#594b6a\u00a0\u00bb global_colors_info=\u00a0\u00bb{}\u00a0\u00bb]<\/p>\n<p>Le programme est ouvert aux enfants de 3 \u00bd \u00e0 7 ans qui sont admissibles \u00e0 fr\u00e9quenter la maternelle ou le jardin d\u2019enfants dans le district de Muskoka, de Nipissing ou de Parry Sound.<\/p>\n<p>Les enfants doivent recevoir d\u2019autres services de La Place des enfants ou y \u00eatre admissibles. Ce programme s\u2019adresse aux enfants qui pr\u00e9sentent un retard de d\u00e9veloppement, qui ont des difficult\u00e9s \u00e9motionnelles, sociales ou comportementales, et qui sont confront\u00e9s \u00e0 des obstacles importants \u00e0 l\u2019entr\u00e9e au sein du syst\u00e8me scolaire ou \u00e0 la participation scolaire. <\/p>\n<p>[\/et_pb_text][\/et_pb_column][\/et_pb_row][\/et_pb_section][et_pb_section fb_built=\u00a0\u00bb1&Prime; _builder_version=\u00a0\u00bb4.10.6&Prime; _module_preset=\u00a0\u00bbdefault\u00a0\u00bb background_color=\u00a0\u00bb#e3eaf4&Prime; global_colors_info=\u00a0\u00bb{}\u00a0\u00bb][et_pb_row _builder_version=\u00a0\u00bb4.10.6&Prime; _module_preset=\u00a0\u00bbdefault\u00a0\u00bb global_colors_info=\u00a0\u00bb{}\u00a0\u00bb][et_pb_column type=\u00a0\u00bb4_4&Prime; _builder_version=\u00a0\u00bb4.10.6&Prime; _module_preset=\u00a0\u00bbdefault\u00a0\u00bb global_colors_info=\u00a0\u00bb{}\u00a0\u00bb][et_pb_text _builder_version=\u00a0\u00bb4.10.6&Prime; _module_preset=\u00a0\u00bbdefault\u00a0\u00bb header_2_font=\u00a0\u00bb|700|||||||\u00a0\u00bb header_2_text_color=\u00a0\u00bb#005e9e\u00a0\u00bb header_3_font=\u00a0\u00bb|700|||||||\u00a0\u00bb header_3_text_color=\u00a0\u00bb#005e9e\u00a0\u00bb header_3_font_size=\u00a0\u00bb26px\u00a0\u00bb global_colors_info=\u00a0\u00bb{}\u00a0\u00bb]<\/p>\n<h3>Demande de services<\/h3>\n<p>[\/et_pb_text][et_pb_text _builder_version=\u00a0\u00bb4.10.6&Prime; _module_preset=\u00a0\u00bbdefault\u00a0\u00bb link_font=\u00a0\u00bb|600||||||#594B6A|\u00a0\u00bb link_text_color=\u00a0\u00bb#594b6a\u00a0\u00bb global_colors_info=\u00a0\u00bb{}\u00a0\u00bb]<\/p>\n<p>La demande peut \u00eatre faite par un parent ou par un aidant, un m\u00e9decin de famille, un th\u00e9rapeute, un m\u00e9decin ou un p\u00e9diatre :<\/p>\n<p>[\/et_pb_text][dsm_icon_list icon_color=\u00a0\u00bb#005e9e\u00a0\u00bb icon_background_color=\u00a0\u00bbRGBA(0,0,0,0)\u00a0\u00bb icon_padding=\u00a0\u00bb5px\u00a0\u00bb icon_font_size=\u00a0\u00bb18px\u00a0\u00bb text_indent=\u00a0\u00bb8px\u00a0\u00bb _builder_version=\u00a0\u00bb4.14.8&Prime; _module_preset=\u00a0\u00bbdefault\u00a0\u00bb text_font=\u00a0\u00bb|600|||||||\u00a0\u00bb text_text_color=\u00a0\u00bb#2E3E47&Prime; locked=\u00a0\u00bboff\u00a0\u00bb global_colors_info=\u00a0\u00bb{}\u00a0\u00bb][dsm_icon_list_child text=\u00a0\u00bb1-866-626-9100&Prime; font_icon=\u00a0\u00bb&#xe090;||divi||400&Prime; url=\u00a0\u00bbtel:1-866-626-9100&Prime; _builder_version=\u00a0\u00bb4.14.8&Prime; _module_preset=\u00a0\u00bbdefault\u00a0\u00bb global_colors_info=\u00a0\u00bb{}\u00a0\u00bb][\/dsm_icon_list_child][dsm_icon_list_child text=\u00a0\u00bbFormulaire de demande de services\u00a0\u00bb font_icon=\u00a0\u00bb&#xe00e;||divi||400&Prime; url=\u00a0\u00bb@ET-DC@eyJkeW5hbWljIjp0cnVlLCJjb250ZW50IjoicG9zdF9saW5rX3VybF9wYWdlIiwic2V0dGluZ3MiOnsicG9zdF9pZCI6IjYyOCJ9fQ==@\u00a0\u00bb _builder_version=\u00a0\u00bb4.14.8&Prime; _dynamic_attributes=\u00a0\u00bburl\u00a0\u00bb _module_preset=\u00a0\u00bbdefault\u00a0\u00bb global_colors_info=\u00a0\u00bb{}\u00a0\u00bb][\/dsm_icon_list_child][\/dsm_icon_list][\/et_pb_column][\/et_pb_row][\/et_pb_section]<\/p>\n","protected":false},"excerpt":{"rendered":"<p>Programme de transition \u00e0 l\u2019\u00e9coleCe programme permet aux enfants d\u2019acqu\u00e9rir les comp\u00e9tences n\u00e9cessaires pour r\u00e9ussir leur transition \u00e0 l\u2019environnement scolaire.Le Programme de transition \u00e0 l\u2019\u00e9cole est un service de traitement de jour en milieu scolaire. Il offre des services th\u00e9rapeutiques et \u00e9ducatifs aux enfants qui rencontrent des obstacles dans leur environnement actuel ou qui ont besoin d\u2019un soutien suppl\u00e9mentaire pour r\u00e9ussir leur transition vers un programme scolaire. Ce programme aide l\u2019enfant \u00e0 se pr\u00e9parer \u00e0 la vie scolaire, \u00e0 am\u00e9liorer ses communications sociales, \u00e0 \u00eatre plus autonome et \u00e0 rehausser son estime de soi. Il favorise aussi la gestion de l\u2019impulsivit\u00e9, l\u2019autor\u00e9gulation, la conscience de soi et le contr\u00f4le des \u00e9motions. Les interventions refl\u00e8tent les principes bien \u00e9tablis de l\u2019analyse comportementale appliqu\u00e9e. Toutes les approches sont personnalis\u00e9es : soins, gestion du comportement, traitement et cong\u00e9 \u00e0 la fin des services. Les services de soutien facilitent la t\u00e2che des enfants, des parents ou tuteurs et du personnel de l\u2019\u00e9cole au moment o\u00f9 l\u2019enfant fait son entr\u00e9e \u00e0 l\u2019\u00e9cole. Le programme d\u2019\u00e9t\u00e9 offre des services aux enfants qui s\u2019appr\u00eatent \u00e0 entrer en maternelle ou au jardin d\u2019enfants. Cette \u00e9quipe travaille avec plusieurs partenaires : Autres th\u00e9rapeutes de La Place des enfants (ergoth\u00e9rapie, [&hellip;]<\/p>\n","protected":false},"author":2,"featured_media":0,"parent":0,"menu_order":0,"comment_status":"closed","ping_status":"closed","template":"","meta":{"_et_pb_use_builder":"on","_et_pb_old_content":"","_et_gb_content_width":"","_price":"","_stock":"","_tribe_ticket_header":"","_tribe_default_ticket_provider":"","_tribe_ticket_capacity":"0","_ticket_start_date":"","_ticket_end_date":"","_tribe_ticket_show_description":"","_tribe_ticket_show_not_going":false,"_tribe_ticket_use_global_stock":"","_tribe_ticket_global_stock_level":"","_global_stock_mode":"","_global_stock_cap":"","_tribe_rsvp_for_event":"","_tribe_ticket_going_count":"","_tribe_ticket_not_going_count":"","_tribe_tickets_list":"[]","_tribe_ticket_has_attendee_info_fields":false,"footnotes":"","_tec_slr_enabled":"","_tec_slr_layout":""},"categories":[],"tags":[],"class_list":["post-9035","page","type-page","status-publish","hentry"],"yoast_head":"<!-- This site is optimized with the Yoast SEO plugin v27.4 - https:\/\/yoast.com\/product\/yoast-seo-wordpress\/ -->\n<title>Programme de transition \u00e0 l\u2019\u00e9cole - One Kids Place<\/title>\n<meta name=\"robots\" content=\"index, follow, max-snippet:-1, max-image-preview:large, max-video-preview:-1\" \/>\n<link rel=\"canonical\" href=\"https:\/\/www.onekidsplace.ca\/transition-to-school-program\/\" \/>\n<meta property=\"og:locale\" content=\"fr_FR\" \/>\n<meta property=\"og:type\" content=\"article\" \/>\n<meta property=\"og:title\" content=\"Programme de transition \u00e0 l\u2019\u00e9cole - One Kids Place\" \/>\n<meta property=\"og:description\" content=\"Programme de transition \u00e0 l\u2019\u00e9coleCe programme permet aux enfants d\u2019acqu\u00e9rir les comp\u00e9tences n\u00e9cessaires pour r\u00e9ussir leur transition \u00e0 l\u2019environnement scolaire.Le Programme de transition \u00e0 l\u2019\u00e9cole est un service de traitement de jour en milieu scolaire. Il offre des services th\u00e9rapeutiques et \u00e9ducatifs aux enfants qui rencontrent des obstacles dans leur environnement actuel ou qui ont besoin d\u2019un soutien suppl\u00e9mentaire pour r\u00e9ussir leur transition vers un programme scolaire. Ce programme aide l\u2019enfant \u00e0 se pr\u00e9parer \u00e0 la vie scolaire, \u00e0 am\u00e9liorer ses communications sociales, \u00e0 \u00eatre plus autonome et \u00e0 rehausser son estime de soi. Il favorise aussi la gestion de l\u2019impulsivit\u00e9, l\u2019autor\u00e9gulation, la conscience de soi et le contr\u00f4le des \u00e9motions. Les interventions refl\u00e8tent les principes bien \u00e9tablis de l\u2019analyse comportementale appliqu\u00e9e. Toutes les approches sont personnalis\u00e9es : soins, gestion du comportement, traitement et cong\u00e9 \u00e0 la fin des services. Les services de soutien facilitent la t\u00e2che des enfants, des parents ou tuteurs et du personnel de l\u2019\u00e9cole au moment o\u00f9 l\u2019enfant fait son entr\u00e9e \u00e0 l\u2019\u00e9cole. Le programme d\u2019\u00e9t\u00e9 offre des services aux enfants qui s\u2019appr\u00eatent \u00e0 entrer en maternelle ou au jardin d\u2019enfants. Cette \u00e9quipe travaille avec plusieurs partenaires : Autres th\u00e9rapeutes de La Place des enfants (ergoth\u00e9rapie, [&hellip;]\" \/>\n<meta property=\"og:url\" content=\"https:\/\/www.onekidsplace.ca\/transition-to-school-program\/\" \/>\n<meta property=\"og:site_name\" content=\"One Kids Place\" \/>\n<meta property=\"article:modified_time\" content=\"2023-08-04T04:49:46+00:00\" \/>\n<meta name=\"twitter:card\" content=\"summary_large_image\" \/>\n<meta name=\"twitter:label1\" content=\"Dur\u00e9e de lecture estim\u00e9e\" \/>\n\t<meta name=\"twitter:data1\" content=\"6 minutes\" \/>\n<script type=\"application\/ld+json\" class=\"yoast-schema-graph\">{\"@context\":\"https:\\\/\\\/schema.org\",\"@graph\":[{\"@type\":\"WebPage\",\"@id\":\"https:\\\/\\\/www.onekidsplace.ca\\\/transition-to-school-program\\\/\",\"url\":\"https:\\\/\\\/www.onekidsplace.ca\\\/transition-to-school-program\\\/\",\"name\":\"Programme de transition \u00e0 l\u2019\u00e9cole - One Kids Place\",\"isPartOf\":{\"@id\":\"https:\\\/\\\/www.onekidsplace.ca\\\/#website\"},\"datePublished\":\"2021-10-22T02:50:46+00:00\",\"dateModified\":\"2023-08-04T04:49:46+00:00\",\"breadcrumb\":{\"@id\":\"https:\\\/\\\/www.onekidsplace.ca\\\/transition-to-school-program\\\/#breadcrumb\"},\"inLanguage\":\"fr-FR\",\"potentialAction\":[{\"@type\":\"ReadAction\",\"target\":[\"https:\\\/\\\/www.onekidsplace.ca\\\/transition-to-school-program\\\/\"]}]},{\"@type\":\"BreadcrumbList\",\"@id\":\"https:\\\/\\\/www.onekidsplace.ca\\\/transition-to-school-program\\\/#breadcrumb\",\"itemListElement\":[{\"@type\":\"ListItem\",\"position\":1,\"name\":\"Home\",\"item\":\"https:\\\/\\\/www.onekidsplace.ca\\\/\"},{\"@type\":\"ListItem\",\"position\":2,\"name\":\"Programme de transition \u00e0 l\u2019\u00e9cole\"}]},{\"@type\":\"WebSite\",\"@id\":\"https:\\\/\\\/www.onekidsplace.ca\\\/#website\",\"url\":\"https:\\\/\\\/www.onekidsplace.ca\\\/\",\"name\":\"One Kids Place\",\"description\":\"Children&#039;s Treatment Centre\",\"potentialAction\":[{\"@type\":\"SearchAction\",\"target\":{\"@type\":\"EntryPoint\",\"urlTemplate\":\"https:\\\/\\\/www.onekidsplace.ca\\\/?s={search_term_string}\"},\"query-input\":{\"@type\":\"PropertyValueSpecification\",\"valueRequired\":true,\"valueName\":\"search_term_string\"}}],\"inLanguage\":\"fr-FR\"}]}<\/script>\n<!-- \/ Yoast SEO plugin. -->","yoast_head_json":{"title":"Programme de transition \u00e0 l\u2019\u00e9cole - One Kids Place","robots":{"index":"index","follow":"follow","max-snippet":"max-snippet:-1","max-image-preview":"max-image-preview:large","max-video-preview":"max-video-preview:-1"},"canonical":"https:\/\/www.onekidsplace.ca\/transition-to-school-program\/","og_locale":"fr_FR","og_type":"article","og_title":"Programme de transition \u00e0 l\u2019\u00e9cole - One Kids Place","og_description":"Programme de transition \u00e0 l\u2019\u00e9coleCe programme permet aux enfants d\u2019acqu\u00e9rir les comp\u00e9tences n\u00e9cessaires pour r\u00e9ussir leur transition \u00e0 l\u2019environnement scolaire.Le Programme de transition \u00e0 l\u2019\u00e9cole est un service de traitement de jour en milieu scolaire. Il offre des services th\u00e9rapeutiques et \u00e9ducatifs aux enfants qui rencontrent des obstacles dans leur environnement actuel ou qui ont besoin d\u2019un soutien suppl\u00e9mentaire pour r\u00e9ussir leur transition vers un programme scolaire. Ce programme aide l\u2019enfant \u00e0 se pr\u00e9parer \u00e0 la vie scolaire, \u00e0 am\u00e9liorer ses communications sociales, \u00e0 \u00eatre plus autonome et \u00e0 rehausser son estime de soi. Il favorise aussi la gestion de l\u2019impulsivit\u00e9, l\u2019autor\u00e9gulation, la conscience de soi et le contr\u00f4le des \u00e9motions. Les interventions refl\u00e8tent les principes bien \u00e9tablis de l\u2019analyse comportementale appliqu\u00e9e. Toutes les approches sont personnalis\u00e9es : soins, gestion du comportement, traitement et cong\u00e9 \u00e0 la fin des services. Les services de soutien facilitent la t\u00e2che des enfants, des parents ou tuteurs et du personnel de l\u2019\u00e9cole au moment o\u00f9 l\u2019enfant fait son entr\u00e9e \u00e0 l\u2019\u00e9cole. Le programme d\u2019\u00e9t\u00e9 offre des services aux enfants qui s\u2019appr\u00eatent \u00e0 entrer en maternelle ou au jardin d\u2019enfants. Cette \u00e9quipe travaille avec plusieurs partenaires : Autres th\u00e9rapeutes de La Place des enfants (ergoth\u00e9rapie, [&hellip;]","og_url":"https:\/\/www.onekidsplace.ca\/transition-to-school-program\/","og_site_name":"One Kids Place","article_modified_time":"2023-08-04T04:49:46+00:00","twitter_card":"summary_large_image","twitter_misc":{"Dur\u00e9e de lecture estim\u00e9e":"6 minutes"},"schema":{"@context":"https:\/\/schema.org","@graph":[{"@type":"WebPage","@id":"https:\/\/www.onekidsplace.ca\/transition-to-school-program\/","url":"https:\/\/www.onekidsplace.ca\/transition-to-school-program\/","name":"Programme de transition \u00e0 l\u2019\u00e9cole - One Kids Place","isPartOf":{"@id":"https:\/\/www.onekidsplace.ca\/#website"},"datePublished":"2021-10-22T02:50:46+00:00","dateModified":"2023-08-04T04:49:46+00:00","breadcrumb":{"@id":"https:\/\/www.onekidsplace.ca\/transition-to-school-program\/#breadcrumb"},"inLanguage":"fr-FR","potentialAction":[{"@type":"ReadAction","target":["https:\/\/www.onekidsplace.ca\/transition-to-school-program\/"]}]},{"@type":"BreadcrumbList","@id":"https:\/\/www.onekidsplace.ca\/transition-to-school-program\/#breadcrumb","itemListElement":[{"@type":"ListItem","position":1,"name":"Home","item":"https:\/\/www.onekidsplace.ca\/"},{"@type":"ListItem","position":2,"name":"Programme de transition \u00e0 l\u2019\u00e9cole"}]},{"@type":"WebSite","@id":"https:\/\/www.onekidsplace.ca\/#website","url":"https:\/\/www.onekidsplace.ca\/","name":"One Kids Place","description":"Children&#039;s Treatment Centre","potentialAction":[{"@type":"SearchAction","target":{"@type":"EntryPoint","urlTemplate":"https:\/\/www.onekidsplace.ca\/?s={search_term_string}"},"query-input":{"@type":"PropertyValueSpecification","valueRequired":true,"valueName":"search_term_string"}}],"inLanguage":"fr-FR"}]}},"ticketed":false,"_links":{"self":[{"href":"https:\/\/www.onekidsplace.ca\/fr\/wp-json\/wp\/v2\/pages\/9035","targetHints":{"allow":["GET"]}}],"collection":[{"href":"https:\/\/www.onekidsplace.ca\/fr\/wp-json\/wp\/v2\/pages"}],"about":[{"href":"https:\/\/www.onekidsplace.ca\/fr\/wp-json\/wp\/v2\/types\/page"}],"author":[{"embeddable":true,"href":"https:\/\/www.onekidsplace.ca\/fr\/wp-json\/wp\/v2\/users\/2"}],"replies":[{"embeddable":true,"href":"https:\/\/www.onekidsplace.ca\/fr\/wp-json\/wp\/v2\/comments?post=9035"}],"version-history":[{"count":8,"href":"https:\/\/www.onekidsplace.ca\/fr\/wp-json\/wp\/v2\/pages\/9035\/revisions"}],"predecessor-version":[{"id":10814,"href":"https:\/\/www.onekidsplace.ca\/fr\/wp-json\/wp\/v2\/pages\/9035\/revisions\/10814"}],"wp:attachment":[{"href":"https:\/\/www.onekidsplace.ca\/fr\/wp-json\/wp\/v2\/media?parent=9035"}],"wp:term":[{"taxonomy":"category","embeddable":true,"href":"https:\/\/www.onekidsplace.ca\/fr\/wp-json\/wp\/v2\/categories?post=9035"},{"taxonomy":"post_tag","embeddable":true,"href":"https:\/\/www.onekidsplace.ca\/fr\/wp-json\/wp\/v2\/tags?post=9035"}],"curies":[{"name":"wp","href":"https:\/\/api.w.org\/{rel}","templated":true}]}}