{"id":9032,"date":"2021-10-21T22:52:32","date_gmt":"2021-10-22T02:52:32","guid":{"rendered":"https:\/\/www.onekidsplace.ca\/clinique-de-position-assise-et-de-mobilite\/"},"modified":"2024-03-15T15:19:53","modified_gmt":"2024-03-15T19:19:53","slug":"clinique-de-position-assise-et-de-mobilite","status":"publish","type":"page","link":"https:\/\/www.onekidsplace.ca\/fr\/clinique-de-position-assise-et-de-mobilite\/","title":{"rendered":"Clinique de position assise et de mobilit\u00e9"},"content":{"rendered":"<p>[et_pb_section fb_built=\u00a0\u00bb1&Prime; custom_padding_last_edited=\u00a0\u00bbon|desktop\u00a0\u00bb _builder_version=\u00a0\u00bb4.16&Prime; _module_preset=\u00a0\u00bbdefault\u00a0\u00bb background_color=\u00a0\u00bb#005e9e\u00a0\u00bb background_color_gradient_start=\u00a0\u00bbrgba(10,10,10,0.08)\u00a0\u00bb background_color_gradient_end=\u00a0\u00bbrgba(10,10,10,0.08)\u00a0\u00bb background_enable_image=\u00a0\u00bboff\u00a0\u00bb parallax=\u00a0\u00bbon\u00a0\u00bb custom_padding=\u00a0\u00bb10px||10px||true|false\u00a0\u00bb custom_padding_tablet=\u00a0\u00bb\u00a0\u00bb custom_padding_phone=\u00a0\u00bb\u00a0\u00bb locked=\u00a0\u00bboff\u00a0\u00bb global_colors_info=\u00a0\u00bb{}\u00a0\u00bb da_is_popup=\u00a0\u00bboff\u00a0\u00bb da_exit_intent=\u00a0\u00bboff\u00a0\u00bb da_has_close=\u00a0\u00bbon\u00a0\u00bb da_alt_close=\u00a0\u00bboff\u00a0\u00bb da_dark_close=\u00a0\u00bboff\u00a0\u00bb da_not_modal=\u00a0\u00bbon\u00a0\u00bb da_is_singular=\u00a0\u00bboff\u00a0\u00bb da_with_loader=\u00a0\u00bboff\u00a0\u00bb da_has_shadow=\u00a0\u00bbon\u00a0\u00bb da_disable_devices=\u00a0\u00bboff|off|off\u00a0\u00bb][et_pb_row use_custom_gutter=\u00a0\u00bbon\u00a0\u00bb gutter_width=\u00a0\u00bb1&Prime; make_equal=\u00a0\u00bbon\u00a0\u00bb custom_padding_last_edited=\u00a0\u00bbon|desktop\u00a0\u00bb _builder_version=\u00a0\u00bb4.16&Prime; _module_preset=\u00a0\u00bbdefault\u00a0\u00bb background_enable_color=\u00a0\u00bboff\u00a0\u00bb custom_margin=\u00a0\u00bb||||false|false\u00a0\u00bb custom_margin_tablet=\u00a0\u00bb||||false|false\u00a0\u00bb custom_margin_phone=\u00a0\u00bb||||false|false\u00a0\u00bb custom_margin_last_edited=\u00a0\u00bbon|desktop\u00a0\u00bb custom_padding=\u00a0\u00bb0px||10px||false|false\u00a0\u00bb custom_padding_tablet=\u00a0\u00bb0px||0px||true|false\u00a0\u00bb custom_padding_phone=\u00a0\u00bb0px||0px||true|false\u00a0\u00bb custom_css_main_element=\u00a0\u00bbalign-items:center;\u00a0\u00bb global_colors_info=\u00a0\u00bb{}\u00a0\u00bb][et_pb_column type=\u00a0\u00bb4_4&Prime; _builder_version=\u00a0\u00bb4.16&Prime; _module_preset=\u00a0\u00bbdefault\u00a0\u00bb background_enable_color=\u00a0\u00bboff\u00a0\u00bb custom_padding=\u00a0\u00bb10px|0px|10px|0px|true|true\u00a0\u00bb custom_padding_tablet=\u00a0\u00bb\u00a0\u00bb custom_padding_phone=\u00a0\u00bb\u00a0\u00bb custom_padding_last_edited=\u00a0\u00bbon|desktop\u00a0\u00bb global_colors_info=\u00a0\u00bb{}\u00a0\u00bb][et_pb_text _builder_version=\u00a0\u00bb4.16&Prime; _module_preset=\u00a0\u00bbdefault\u00a0\u00bb header_font=\u00a0\u00bbNunito Sans|800|||||||\u00a0\u00bb header_text_align=\u00a0\u00bbcenter\u00a0\u00bb header_text_color=\u00a0\u00bb#ffffff\u00a0\u00bb header_font_size=\u00a0\u00bb40px\u00a0\u00bb header_line_height=\u00a0\u00bb1.3em\u00a0\u00bb custom_margin=\u00a0\u00bb||||false|false\u00a0\u00bb custom_margin_tablet=\u00a0\u00bb-20px||||false|false\u00a0\u00bb custom_margin_phone=\u00a0\u00bb\u00a0\u00bb custom_margin_last_edited=\u00a0\u00bbon|phone\u00a0\u00bb custom_padding=\u00a0\u00bb20px||||false|false\u00a0\u00bb custom_padding_tablet=\u00a0\u00bb30px||||false|false\u00a0\u00bb custom_padding_phone=\u00a0\u00bb40px||10px||false|false\u00a0\u00bb custom_padding_last_edited=\u00a0\u00bbon|desktop\u00a0\u00bb header_text_align_tablet=\u00a0\u00bbcenter\u00a0\u00bb header_text_align_phone=\u00a0\u00bbcenter\u00a0\u00bb header_text_align_last_edited=\u00a0\u00bbon|tablet\u00a0\u00bb header_font_size_tablet=\u00a0\u00bb\u00a0\u00bb header_font_size_phone=\u00a0\u00bb30px\u00a0\u00bb header_font_size_last_edited=\u00a0\u00bbon|desktop\u00a0\u00bb header_text_shadow_style=\u00a0\u00bbpreset2&Prime; header_text_shadow_color=\u00a0\u00bbrgba(0,0,0,0.18)\u00a0\u00bb global_colors_info=\u00a0\u00bb{}\u00a0\u00bb]<\/p>\n<h1>Clinique de position assise et de mobilit\u00e9<\/h1>\n<p>[\/et_pb_text][\/et_pb_column][\/et_pb_row][\/et_pb_section][et_pb_section fb_built=\u00a0\u00bb1&Prime; _builder_version=\u00a0\u00bb4.16&Prime; _module_preset=\u00a0\u00bbdefault\u00a0\u00bb global_colors_info=\u00a0\u00bb{}\u00a0\u00bb da_is_popup=\u00a0\u00bboff\u00a0\u00bb da_exit_intent=\u00a0\u00bboff\u00a0\u00bb da_has_close=\u00a0\u00bbon\u00a0\u00bb da_alt_close=\u00a0\u00bboff\u00a0\u00bb da_dark_close=\u00a0\u00bboff\u00a0\u00bb da_not_modal=\u00a0\u00bbon\u00a0\u00bb da_is_singular=\u00a0\u00bboff\u00a0\u00bb da_with_loader=\u00a0\u00bboff\u00a0\u00bb da_has_shadow=\u00a0\u00bbon\u00a0\u00bb da_disable_devices=\u00a0\u00bboff|off|off\u00a0\u00bb][et_pb_row _builder_version=\u00a0\u00bb4.16&Prime; _module_preset=\u00a0\u00bbdefault\u00a0\u00bb global_colors_info=\u00a0\u00bb{}\u00a0\u00bb][et_pb_column type=\u00a0\u00bb4_4&Prime; _builder_version=\u00a0\u00bb4.16&Prime; _module_preset=\u00a0\u00bbdefault\u00a0\u00bb global_colors_info=\u00a0\u00bb{}\u00a0\u00bb][et_pb_text _builder_version=\u00a0\u00bb4.16&Prime; _module_preset=\u00a0\u00bbdefault\u00a0\u00bb text_font=\u00a0\u00bb|600|||||||\u00a0\u00bb text_text_color=\u00a0\u00bb#2E3E47&Prime; text_font_size=\u00a0\u00bb18px\u00a0\u00bb background_layout=\u00a0\u00bbdark\u00a0\u00bb text_orientation_tablet=\u00a0\u00bbcenter\u00a0\u00bb text_orientation_phone=\u00a0\u00bbcenter\u00a0\u00bb text_orientation_last_edited=\u00a0\u00bbon|phone\u00a0\u00bb global_colors_info=\u00a0\u00bb{}\u00a0\u00bb]<\/p>\n<p>Nous aidons les enfants et les jeunes \u00e0 r\u00e9pondre \u00e0 leurs besoins de mobilit\u00e9 ou de positionnement assis dans leur environnement quotidien.<\/p>\n<p>[\/et_pb_text][et_pb_text _builder_version=\u00a0\u00bb4.16&Prime; _module_preset=\u00a0\u00bbdefault\u00a0\u00bb global_colors_info=\u00a0\u00bb{}\u00a0\u00bb]<\/p>\n<p>L\u2019\u00e9quipe de la <strong>Clinique de position assise et de mobilit\u00e9<\/strong> facilite le choix de l\u2019\u00e9quipement le plus appropri\u00e9 pour am\u00e9liorer la mobilit\u00e9 et assurer une bonne position assise en tout temps. Cette \u00e9quipe conna\u00eet bien les options de financement et guide les familles vers les meilleures options. <\/p>\n<p>Nos <strong>th\u00e9rapeutes<\/strong> sont des autorisateurs agr\u00e9\u00e9s du Programme d\u2019appareils et accessoires fonctionnels de l\u2019Ontario. Ces th\u00e9rapeutes ont une grande exp\u00e9rience des options de dispositifs manuels, \u00e9lectriques et personnalis\u00e9s. Ils et elles \u00e9valuent avec soin les besoins de positionnement assis et de mobilit\u00e9. De plus, l\u2019\u00e9quipe de La Place des enfants travaille avec les fournisseurs de votre choix afin de d\u00e9terminer l\u2019\u00e9quipement le plus appropri\u00e9 selon les besoins de positionnement uniques de l\u2019enfant.  <\/p>\n<p>[\/et_pb_text][\/et_pb_column][\/et_pb_row][et_pb_row _builder_version=\u00a0\u00bb4.16&Prime; _module_preset=\u00a0\u00bbdefault\u00a0\u00bb global_colors_info=\u00a0\u00bb{}\u00a0\u00bb][et_pb_column type=\u00a0\u00bb4_4&Prime; _builder_version=\u00a0\u00bb4.16&Prime; _module_preset=\u00a0\u00bbdefault\u00a0\u00bb global_colors_info=\u00a0\u00bb{}\u00a0\u00bb][et_pb_text _builder_version=\u00a0\u00bb4.16&Prime; _module_preset=\u00a0\u00bbdefault\u00a0\u00bb header_2_font=\u00a0\u00bb|700|||||||\u00a0\u00bb header_2_text_color=\u00a0\u00bb#005e9e\u00a0\u00bb header_3_font=\u00a0\u00bb|700|||||||\u00a0\u00bb header_3_text_color=\u00a0\u00bb#005e9e\u00a0\u00bb header_3_font_size=\u00a0\u00bb26px\u00a0\u00bb global_colors_info=\u00a0\u00bb{}\u00a0\u00bb]<\/p>\n<h3>Admissibilit\u00e9<\/h3>\n<p>[\/et_pb_text][et_pb_text _builder_version=\u00a0\u00bb4.22.2&Prime; _module_preset=\u00a0\u00bbdefault\u00a0\u00bb link_font=\u00a0\u00bb|600||||||#594B6A|\u00a0\u00bb link_text_color=\u00a0\u00bb#594b6a\u00a0\u00bb hover_enabled=\u00a0\u00bb0&Prime; global_colors_info=\u00a0\u00bb{}\u00a0\u00bb sticky_enabled=\u00a0\u00bb0&Prime;]<\/p>\n<p>Enfants et jeunes (jusqu&rsquo;\u00e0 19 ans, ou 21 ans s&rsquo;ils fr\u00e9quentent une \u00e9cole secondaire) qui r\u00e9sident dans les districts de Muskoka, Nipissing et Parry Sound n\u00e9cessitant des si\u00e8ges sp\u00e9cialis\u00e9s et\/ou un \u00e9quipement de mobilit\u00e9 en raison d&rsquo;un handicap physique.<\/p>\n<p>[\/et_pb_text][\/et_pb_column][\/et_pb_row][\/et_pb_section][et_pb_section fb_built=\u00a0\u00bb1&Prime; _builder_version=\u00a0\u00bb4.16&Prime; _module_preset=\u00a0\u00bbdefault\u00a0\u00bb background_color=\u00a0\u00bb#e3eaf4&Prime; global_colors_info=\u00a0\u00bb{}\u00a0\u00bb da_is_popup=\u00a0\u00bboff\u00a0\u00bb da_exit_intent=\u00a0\u00bboff\u00a0\u00bb da_has_close=\u00a0\u00bbon\u00a0\u00bb da_alt_close=\u00a0\u00bboff\u00a0\u00bb da_dark_close=\u00a0\u00bboff\u00a0\u00bb da_not_modal=\u00a0\u00bbon\u00a0\u00bb da_is_singular=\u00a0\u00bboff\u00a0\u00bb da_with_loader=\u00a0\u00bboff\u00a0\u00bb da_has_shadow=\u00a0\u00bbon\u00a0\u00bb da_disable_devices=\u00a0\u00bboff|off|off\u00a0\u00bb][et_pb_row _builder_version=\u00a0\u00bb4.16&Prime; _module_preset=\u00a0\u00bbdefault\u00a0\u00bb global_colors_info=\u00a0\u00bb{}\u00a0\u00bb][et_pb_column type=\u00a0\u00bb4_4&Prime; _builder_version=\u00a0\u00bb4.16&Prime; _module_preset=\u00a0\u00bbdefault\u00a0\u00bb global_colors_info=\u00a0\u00bb{}\u00a0\u00bb][et_pb_text _builder_version=\u00a0\u00bb4.16&Prime; _module_preset=\u00a0\u00bbdefault\u00a0\u00bb header_2_font=\u00a0\u00bb|700|||||||\u00a0\u00bb header_2_text_color=\u00a0\u00bb#005e9e\u00a0\u00bb header_3_font=\u00a0\u00bb|700|||||||\u00a0\u00bb header_3_text_color=\u00a0\u00bb#005e9e\u00a0\u00bb header_3_font_size=\u00a0\u00bb26px\u00a0\u00bb global_colors_info=\u00a0\u00bb{}\u00a0\u00bb]<\/p>\n<h3>Demande de services<\/h3>\n<p>[\/et_pb_text][et_pb_text _builder_version=\u00a0\u00bb4.16&Prime; _module_preset=\u00a0\u00bbdefault\u00a0\u00bb link_font=\u00a0\u00bb|600||||||#594B6A|\u00a0\u00bb link_text_color=\u00a0\u00bb#594b6a\u00a0\u00bb global_colors_info=\u00a0\u00bb{}\u00a0\u00bb]<\/p>\n<p>La demande peut \u00eatre faite par un parent ou par un aidant, un m\u00e9decin de famille, un p\u00e9diatre ou une tierce partie avec le consentement des parents :<\/p>\n<p>[\/et_pb_text][dsm_icon_list icon_color=\u00a0\u00bb#005e9e\u00a0\u00bb icon_background_color=\u00a0\u00bbRGBA(0,0,0,0)\u00a0\u00bb icon_padding=\u00a0\u00bb5px\u00a0\u00bb icon_font_size=\u00a0\u00bb18px\u00a0\u00bb text_indent=\u00a0\u00bb8px\u00a0\u00bb _builder_version=\u00a0\u00bb4.16&Prime; _module_preset=\u00a0\u00bbdefault\u00a0\u00bb text_font=\u00a0\u00bb|600|||||||\u00a0\u00bb text_text_color=\u00a0\u00bb#2E3E47&Prime; locked=\u00a0\u00bboff\u00a0\u00bb global_colors_info=\u00a0\u00bb{}\u00a0\u00bb][dsm_icon_list_child text=\u00a0\u00bb1-866-626-9100&Prime; font_icon=\u00a0\u00bb&#xe090;||divi||400&Prime; url=\u00a0\u00bbtel:1-866-626-9100&Prime; _builder_version=\u00a0\u00bb4.16&Prime; _module_preset=\u00a0\u00bbdefault\u00a0\u00bb global_colors_info=\u00a0\u00bb{}\u00a0\u00bb][\/dsm_icon_list_child][dsm_icon_list_child text=\u00a0\u00bbFormulaire de demande de services\u00a0\u00bb font_icon=\u00a0\u00bb&#xe00e;||divi||400&Prime; url=\u00a0\u00bb@ET-DC@eyJkeW5hbWljIjp0cnVlLCJjb250ZW50IjoicG9zdF9saW5rX3VybF9wYWdlIiwic2V0dGluZ3MiOnsicG9zdF9pZCI6IjYyOCJ9fQ==@\u00a0\u00bb _builder_version=\u00a0\u00bb4.16&Prime; _dynamic_attributes=\u00a0\u00bburl\u00a0\u00bb _module_preset=\u00a0\u00bbdefault\u00a0\u00bb global_colors_info=\u00a0\u00bb{}\u00a0\u00bb][\/dsm_icon_list_child][\/dsm_icon_list][\/et_pb_column][\/et_pb_row][\/et_pb_section]<\/p>\n","protected":false},"excerpt":{"rendered":"<p>Clinique de position assise et de mobilit\u00e9Nous aidons les enfants et les jeunes \u00e0 r\u00e9pondre \u00e0 leurs besoins de mobilit\u00e9 ou de positionnement assis dans leur environnement quotidien.L\u2019\u00e9quipe de la Clinique de position assise et de mobilit\u00e9 facilite le choix de l\u2019\u00e9quipement le plus appropri\u00e9 pour am\u00e9liorer la mobilit\u00e9 et assurer une bonne position assise en tout temps. Cette \u00e9quipe conna\u00eet bien les options de financement et guide les familles vers les meilleures options. Nos th\u00e9rapeutes sont des autorisateurs agr\u00e9\u00e9s du Programme d\u2019appareils et accessoires fonctionnels de l\u2019Ontario. Ces th\u00e9rapeutes ont une grande exp\u00e9rience des options de dispositifs manuels, \u00e9lectriques et personnalis\u00e9s. Ils et elles \u00e9valuent avec soin les besoins de positionnement assis et de mobilit\u00e9. De plus, l\u2019\u00e9quipe de La Place des enfants travaille avec les fournisseurs de votre choix afin de d\u00e9terminer l\u2019\u00e9quipement le plus appropri\u00e9 selon les besoins de positionnement uniques de l\u2019enfant. Admissibilit\u00e9Enfants et jeunes (jusqu&rsquo;\u00e0 19 ans, ou 21 ans s&rsquo;ils fr\u00e9quentent une \u00e9cole secondaire) qui r\u00e9sident dans les districts de Muskoka, Nipissing et Parry Sound n\u00e9cessitant des si\u00e8ges sp\u00e9cialis\u00e9s et\/ou un \u00e9quipement de mobilit\u00e9 en raison d&rsquo;un handicap physique.Demande de servicesLa demande peut \u00eatre faite par un parent ou par un aidant, un m\u00e9decin [&hellip;]<\/p>\n","protected":false},"author":2,"featured_media":0,"parent":0,"menu_order":0,"comment_status":"closed","ping_status":"closed","template":"","meta":{"_et_pb_use_builder":"on","_et_pb_old_content":"","_et_gb_content_width":"","_price":"","_stock":"","_tribe_ticket_header":"","_tribe_default_ticket_provider":"","_tribe_ticket_capacity":"0","_ticket_start_date":"","_ticket_end_date":"","_tribe_ticket_show_description":"","_tribe_ticket_show_not_going":false,"_tribe_ticket_use_global_stock":"","_tribe_ticket_global_stock_level":"","_global_stock_mode":"","_global_stock_cap":"","_tribe_rsvp_for_event":"","_tribe_ticket_going_count":"","_tribe_ticket_not_going_count":"","_tribe_tickets_list":"[]","_tribe_ticket_has_attendee_info_fields":false,"footnotes":"","_tec_slr_enabled":"","_tec_slr_layout":""},"categories":[],"tags":[],"class_list":["post-9032","page","type-page","status-publish","hentry"],"yoast_head":"<!-- This site is optimized with the Yoast SEO plugin v27.4 - https:\/\/yoast.com\/product\/yoast-seo-wordpress\/ -->\n<title>Clinique de position assise et de mobilit\u00e9 - One Kids Place<\/title>\n<meta name=\"robots\" content=\"index, follow, max-snippet:-1, max-image-preview:large, max-video-preview:-1\" \/>\n<link rel=\"canonical\" href=\"https:\/\/www.onekidsplace.ca\/seating-mobility-clinic\/\" \/>\n<meta property=\"og:locale\" content=\"fr_FR\" \/>\n<meta property=\"og:type\" content=\"article\" \/>\n<meta property=\"og:title\" content=\"Clinique de position assise et de mobilit\u00e9 - One Kids Place\" \/>\n<meta property=\"og:description\" content=\"Clinique de position assise et de mobilit\u00e9Nous aidons les enfants et les jeunes \u00e0 r\u00e9pondre \u00e0 leurs besoins de mobilit\u00e9 ou de positionnement assis dans leur environnement quotidien.L\u2019\u00e9quipe de la Clinique de position assise et de mobilit\u00e9 facilite le choix de l\u2019\u00e9quipement le plus appropri\u00e9 pour am\u00e9liorer la mobilit\u00e9 et assurer une bonne position assise en tout temps. Cette \u00e9quipe conna\u00eet bien les options de financement et guide les familles vers les meilleures options. Nos th\u00e9rapeutes sont des autorisateurs agr\u00e9\u00e9s du Programme d\u2019appareils et accessoires fonctionnels de l\u2019Ontario. Ces th\u00e9rapeutes ont une grande exp\u00e9rience des options de dispositifs manuels, \u00e9lectriques et personnalis\u00e9s. Ils et elles \u00e9valuent avec soin les besoins de positionnement assis et de mobilit\u00e9. De plus, l\u2019\u00e9quipe de La Place des enfants travaille avec les fournisseurs de votre choix afin de d\u00e9terminer l\u2019\u00e9quipement le plus appropri\u00e9 selon les besoins de positionnement uniques de l\u2019enfant. Admissibilit\u00e9Enfants et jeunes (jusqu&#039;\u00e0 19 ans, ou 21 ans s&#039;ils fr\u00e9quentent une \u00e9cole secondaire) qui r\u00e9sident dans les districts de Muskoka, Nipissing et Parry Sound n\u00e9cessitant des si\u00e8ges sp\u00e9cialis\u00e9s et\/ou un \u00e9quipement de mobilit\u00e9 en raison d&#039;un handicap physique.Demande de servicesLa demande peut \u00eatre faite par un parent ou par un aidant, un m\u00e9decin [&hellip;]\" \/>\n<meta property=\"og:url\" content=\"https:\/\/www.onekidsplace.ca\/seating-mobility-clinic\/\" \/>\n<meta property=\"og:site_name\" content=\"One Kids Place\" \/>\n<meta property=\"article:modified_time\" content=\"2024-03-15T19:19:53+00:00\" \/>\n<meta name=\"twitter:card\" content=\"summary_large_image\" \/>\n<meta name=\"twitter:label1\" content=\"Dur\u00e9e de lecture estim\u00e9e\" \/>\n\t<meta name=\"twitter:data1\" content=\"5 minutes\" \/>\n<script type=\"application\/ld+json\" class=\"yoast-schema-graph\">{\"@context\":\"https:\\\/\\\/schema.org\",\"@graph\":[{\"@type\":\"WebPage\",\"@id\":\"https:\\\/\\\/www.onekidsplace.ca\\\/seating-mobility-clinic\\\/\",\"url\":\"https:\\\/\\\/www.onekidsplace.ca\\\/seating-mobility-clinic\\\/\",\"name\":\"Clinique de position assise et de mobilit\u00e9 - One Kids Place\",\"isPartOf\":{\"@id\":\"https:\\\/\\\/www.onekidsplace.ca\\\/#website\"},\"datePublished\":\"2021-10-22T02:52:32+00:00\",\"dateModified\":\"2024-03-15T19:19:53+00:00\",\"breadcrumb\":{\"@id\":\"https:\\\/\\\/www.onekidsplace.ca\\\/seating-mobility-clinic\\\/#breadcrumb\"},\"inLanguage\":\"fr-FR\",\"potentialAction\":[{\"@type\":\"ReadAction\",\"target\":[\"https:\\\/\\\/www.onekidsplace.ca\\\/seating-mobility-clinic\\\/\"]}]},{\"@type\":\"BreadcrumbList\",\"@id\":\"https:\\\/\\\/www.onekidsplace.ca\\\/seating-mobility-clinic\\\/#breadcrumb\",\"itemListElement\":[{\"@type\":\"ListItem\",\"position\":1,\"name\":\"Home\",\"item\":\"https:\\\/\\\/www.onekidsplace.ca\\\/\"},{\"@type\":\"ListItem\",\"position\":2,\"name\":\"Clinique de position assise et de mobilit\u00e9\"}]},{\"@type\":\"WebSite\",\"@id\":\"https:\\\/\\\/www.onekidsplace.ca\\\/#website\",\"url\":\"https:\\\/\\\/www.onekidsplace.ca\\\/\",\"name\":\"One Kids Place\",\"description\":\"Children&#039;s Treatment Centre\",\"potentialAction\":[{\"@type\":\"SearchAction\",\"target\":{\"@type\":\"EntryPoint\",\"urlTemplate\":\"https:\\\/\\\/www.onekidsplace.ca\\\/?s={search_term_string}\"},\"query-input\":{\"@type\":\"PropertyValueSpecification\",\"valueRequired\":true,\"valueName\":\"search_term_string\"}}],\"inLanguage\":\"fr-FR\"}]}<\/script>\n<!-- \/ Yoast SEO plugin. -->","yoast_head_json":{"title":"Clinique de position assise et de mobilit\u00e9 - One Kids Place","robots":{"index":"index","follow":"follow","max-snippet":"max-snippet:-1","max-image-preview":"max-image-preview:large","max-video-preview":"max-video-preview:-1"},"canonical":"https:\/\/www.onekidsplace.ca\/seating-mobility-clinic\/","og_locale":"fr_FR","og_type":"article","og_title":"Clinique de position assise et de mobilit\u00e9 - One Kids Place","og_description":"Clinique de position assise et de mobilit\u00e9Nous aidons les enfants et les jeunes \u00e0 r\u00e9pondre \u00e0 leurs besoins de mobilit\u00e9 ou de positionnement assis dans leur environnement quotidien.L\u2019\u00e9quipe de la Clinique de position assise et de mobilit\u00e9 facilite le choix de l\u2019\u00e9quipement le plus appropri\u00e9 pour am\u00e9liorer la mobilit\u00e9 et assurer une bonne position assise en tout temps. Cette \u00e9quipe conna\u00eet bien les options de financement et guide les familles vers les meilleures options. Nos th\u00e9rapeutes sont des autorisateurs agr\u00e9\u00e9s du Programme d\u2019appareils et accessoires fonctionnels de l\u2019Ontario. Ces th\u00e9rapeutes ont une grande exp\u00e9rience des options de dispositifs manuels, \u00e9lectriques et personnalis\u00e9s. Ils et elles \u00e9valuent avec soin les besoins de positionnement assis et de mobilit\u00e9. De plus, l\u2019\u00e9quipe de La Place des enfants travaille avec les fournisseurs de votre choix afin de d\u00e9terminer l\u2019\u00e9quipement le plus appropri\u00e9 selon les besoins de positionnement uniques de l\u2019enfant. Admissibilit\u00e9Enfants et jeunes (jusqu'\u00e0 19 ans, ou 21 ans s'ils fr\u00e9quentent une \u00e9cole secondaire) qui r\u00e9sident dans les districts de Muskoka, Nipissing et Parry Sound n\u00e9cessitant des si\u00e8ges sp\u00e9cialis\u00e9s et\/ou un \u00e9quipement de mobilit\u00e9 en raison d'un handicap physique.Demande de servicesLa demande peut \u00eatre faite par un parent ou par un aidant, un m\u00e9decin [&hellip;]","og_url":"https:\/\/www.onekidsplace.ca\/seating-mobility-clinic\/","og_site_name":"One Kids Place","article_modified_time":"2024-03-15T19:19:53+00:00","twitter_card":"summary_large_image","twitter_misc":{"Dur\u00e9e de lecture estim\u00e9e":"5 minutes"},"schema":{"@context":"https:\/\/schema.org","@graph":[{"@type":"WebPage","@id":"https:\/\/www.onekidsplace.ca\/seating-mobility-clinic\/","url":"https:\/\/www.onekidsplace.ca\/seating-mobility-clinic\/","name":"Clinique de position assise et de mobilit\u00e9 - One Kids Place","isPartOf":{"@id":"https:\/\/www.onekidsplace.ca\/#website"},"datePublished":"2021-10-22T02:52:32+00:00","dateModified":"2024-03-15T19:19:53+00:00","breadcrumb":{"@id":"https:\/\/www.onekidsplace.ca\/seating-mobility-clinic\/#breadcrumb"},"inLanguage":"fr-FR","potentialAction":[{"@type":"ReadAction","target":["https:\/\/www.onekidsplace.ca\/seating-mobility-clinic\/"]}]},{"@type":"BreadcrumbList","@id":"https:\/\/www.onekidsplace.ca\/seating-mobility-clinic\/#breadcrumb","itemListElement":[{"@type":"ListItem","position":1,"name":"Home","item":"https:\/\/www.onekidsplace.ca\/"},{"@type":"ListItem","position":2,"name":"Clinique de position assise et de mobilit\u00e9"}]},{"@type":"WebSite","@id":"https:\/\/www.onekidsplace.ca\/#website","url":"https:\/\/www.onekidsplace.ca\/","name":"One Kids Place","description":"Children&#039;s Treatment Centre","potentialAction":[{"@type":"SearchAction","target":{"@type":"EntryPoint","urlTemplate":"https:\/\/www.onekidsplace.ca\/?s={search_term_string}"},"query-input":{"@type":"PropertyValueSpecification","valueRequired":true,"valueName":"search_term_string"}}],"inLanguage":"fr-FR"}]}},"ticketed":false,"_links":{"self":[{"href":"https:\/\/www.onekidsplace.ca\/fr\/wp-json\/wp\/v2\/pages\/9032","targetHints":{"allow":["GET"]}}],"collection":[{"href":"https:\/\/www.onekidsplace.ca\/fr\/wp-json\/wp\/v2\/pages"}],"about":[{"href":"https:\/\/www.onekidsplace.ca\/fr\/wp-json\/wp\/v2\/types\/page"}],"author":[{"embeddable":true,"href":"https:\/\/www.onekidsplace.ca\/fr\/wp-json\/wp\/v2\/users\/2"}],"replies":[{"embeddable":true,"href":"https:\/\/www.onekidsplace.ca\/fr\/wp-json\/wp\/v2\/comments?post=9032"}],"version-history":[{"count":5,"href":"https:\/\/www.onekidsplace.ca\/fr\/wp-json\/wp\/v2\/pages\/9032\/revisions"}],"predecessor-version":[{"id":13443,"href":"https:\/\/www.onekidsplace.ca\/fr\/wp-json\/wp\/v2\/pages\/9032\/revisions\/13443"}],"wp:attachment":[{"href":"https:\/\/www.onekidsplace.ca\/fr\/wp-json\/wp\/v2\/media?parent=9032"}],"wp:term":[{"taxonomy":"category","embeddable":true,"href":"https:\/\/www.onekidsplace.ca\/fr\/wp-json\/wp\/v2\/categories?post=9032"},{"taxonomy":"post_tag","embeddable":true,"href":"https:\/\/www.onekidsplace.ca\/fr\/wp-json\/wp\/v2\/tags?post=9032"}],"curies":[{"name":"wp","href":"https:\/\/api.w.org\/{rel}","templated":true}]}}