{"id":9029,"date":"2021-10-21T22:50:17","date_gmt":"2021-10-22T02:50:17","guid":{"rendered":"https:\/\/www.onekidsplace.ca\/services-de-readaptation-en-milieu-scolaire\/"},"modified":"2023-08-04T00:50:17","modified_gmt":"2023-08-04T04:50:17","slug":"services-de-readaptation-en-milieu-scolaire","status":"publish","type":"page","link":"https:\/\/www.onekidsplace.ca\/fr\/services-de-readaptation-en-milieu-scolaire\/","title":{"rendered":"Services de r\u00e9adaptation en milieu scolaire"},"content":{"rendered":"<p>[et_pb_section fb_built=\u00a0\u00bb1&Prime; custom_padding_last_edited=\u00a0\u00bbon|desktop\u00a0\u00bb _builder_version=\u00a0\u00bb4.14.7&Prime; _module_preset=\u00a0\u00bbdefault\u00a0\u00bb background_color=\u00a0\u00bb#005e9e\u00a0\u00bb background_color_gradient_start=\u00a0\u00bbrgba(10,10,10,0.08)\u00a0\u00bb background_color_gradient_end=\u00a0\u00bbrgba(10,10,10,0.08)\u00a0\u00bb background_enable_image=\u00a0\u00bboff\u00a0\u00bb parallax=\u00a0\u00bbon\u00a0\u00bb custom_padding=\u00a0\u00bb10px||10px||true|false\u00a0\u00bb custom_padding_tablet=\u00a0\u00bb\u00a0\u00bb custom_padding_phone=\u00a0\u00bb\u00a0\u00bb locked=\u00a0\u00bboff\u00a0\u00bb global_colors_info=\u00a0\u00bb{}\u00a0\u00bb][et_pb_row use_custom_gutter=\u00a0\u00bbon\u00a0\u00bb gutter_width=\u00a0\u00bb1&Prime; make_equal=\u00a0\u00bbon\u00a0\u00bb custom_padding_last_edited=\u00a0\u00bbon|desktop\u00a0\u00bb _builder_version=\u00a0\u00bb4.14.7&Prime; _module_preset=\u00a0\u00bbdefault\u00a0\u00bb background_enable_color=\u00a0\u00bboff\u00a0\u00bb custom_margin=\u00a0\u00bb||||false|false\u00a0\u00bb custom_margin_tablet=\u00a0\u00bb||||false|false\u00a0\u00bb custom_margin_phone=\u00a0\u00bb||||false|false\u00a0\u00bb custom_margin_last_edited=\u00a0\u00bbon|desktop\u00a0\u00bb custom_padding=\u00a0\u00bb0px||10px||false|false\u00a0\u00bb custom_padding_tablet=\u00a0\u00bb0px||0px||true|false\u00a0\u00bb custom_padding_phone=\u00a0\u00bb0px||0px||true|false\u00a0\u00bb custom_css_main_element=\u00a0\u00bbalign-items:center;\u00a0\u00bb global_colors_info=\u00a0\u00bb{}\u00a0\u00bb][et_pb_column type=\u00a0\u00bb4_4&Prime; _builder_version=\u00a0\u00bb4.14.7&Prime; _module_preset=\u00a0\u00bbdefault\u00a0\u00bb background_enable_color=\u00a0\u00bboff\u00a0\u00bb custom_padding=\u00a0\u00bb10px|0px|10px|0px|true|true\u00a0\u00bb custom_padding_tablet=\u00a0\u00bb\u00a0\u00bb custom_padding_phone=\u00a0\u00bb\u00a0\u00bb custom_padding_last_edited=\u00a0\u00bbon|desktop\u00a0\u00bb global_colors_info=\u00a0\u00bb{}\u00a0\u00bb][et_pb_text _builder_version=\u00a0\u00bb4.14.8&Prime; _module_preset=\u00a0\u00bbdefault\u00a0\u00bb header_font=\u00a0\u00bbNunito Sans|800|||||||\u00a0\u00bb header_text_align=\u00a0\u00bbcenter\u00a0\u00bb header_text_color=\u00a0\u00bb#ffffff\u00a0\u00bb header_font_size=\u00a0\u00bb40px\u00a0\u00bb header_line_height=\u00a0\u00bb1.3em\u00a0\u00bb custom_margin=\u00a0\u00bb||||false|false\u00a0\u00bb custom_margin_tablet=\u00a0\u00bb-20px||||false|false\u00a0\u00bb custom_margin_phone=\u00a0\u00bb\u00a0\u00bb custom_margin_last_edited=\u00a0\u00bbon|phone\u00a0\u00bb custom_padding=\u00a0\u00bb20px||||false|false\u00a0\u00bb custom_padding_tablet=\u00a0\u00bb30px||||false|false\u00a0\u00bb custom_padding_phone=\u00a0\u00bb40px||10px||false|false\u00a0\u00bb custom_padding_last_edited=\u00a0\u00bbon|desktop\u00a0\u00bb header_text_align_tablet=\u00a0\u00bbcenter\u00a0\u00bb header_text_align_phone=\u00a0\u00bbcenter\u00a0\u00bb header_text_align_last_edited=\u00a0\u00bbon|tablet\u00a0\u00bb header_font_size_tablet=\u00a0\u00bb\u00a0\u00bb header_font_size_phone=\u00a0\u00bb30px\u00a0\u00bb header_font_size_last_edited=\u00a0\u00bbon|desktop\u00a0\u00bb header_text_shadow_style=\u00a0\u00bbpreset2&Prime; header_text_shadow_color=\u00a0\u00bbrgba(0,0,0,0.18)\u00a0\u00bb global_colors_info=\u00a0\u00bb{}\u00a0\u00bb]<\/p>\n<h1>Services de r\u00e9adaptation en milieu scolaire<\/h1>\n<p>[\/et_pb_text][\/et_pb_column][\/et_pb_row][\/et_pb_section][et_pb_section fb_built=\u00a0\u00bb1&Prime; _builder_version=\u00a0\u00bb4.10.6&Prime; _module_preset=\u00a0\u00bbdefault\u00a0\u00bb global_colors_info=\u00a0\u00bb{}\u00a0\u00bb][et_pb_row _builder_version=\u00a0\u00bb4.10.6&Prime; _module_preset=\u00a0\u00bbdefault\u00a0\u00bb global_colors_info=\u00a0\u00bb{}\u00a0\u00bb][et_pb_column type=\u00a0\u00bb4_4&Prime; _builder_version=\u00a0\u00bb4.10.6&Prime; _module_preset=\u00a0\u00bbdefault\u00a0\u00bb global_colors_info=\u00a0\u00bb{}\u00a0\u00bb][et_pb_text _builder_version=\u00a0\u00bb4.14.8&Prime; _module_preset=\u00a0\u00bbdefault\u00a0\u00bb text_font=\u00a0\u00bb|600|||||||\u00a0\u00bb text_text_color=\u00a0\u00bb#2E3E47&Prime; text_font_size=\u00a0\u00bb18px\u00a0\u00bb background_layout=\u00a0\u00bbdark\u00a0\u00bb text_orientation_tablet=\u00a0\u00bbcenter\u00a0\u00bb text_orientation_phone=\u00a0\u00bbcenter\u00a0\u00bb text_orientation_last_edited=\u00a0\u00bbon|phone\u00a0\u00bb global_colors_info=\u00a0\u00bb{}\u00a0\u00bb]<\/p>\n<p>Les <strong>Services de r\u00e9adaptation en milieu scolaire<\/strong> de La Place des enfants donnent acc\u00e8s \u00e0 un soutien en ergoth\u00e9rapie, en physioth\u00e9rapie et en orthophonie aux \u00e9l\u00e8ves ayant des besoins de r\u00e9adaptation. Ces services sont offerts dans toutes les \u00e9coles financ\u00e9es publiquement des districts de Muskoka, de Nipissing et de Parry Sound.<\/p>\n<p>[\/et_pb_text][et_pb_text _builder_version=\u00a0\u00bb4.14.8&Prime; _module_preset=\u00a0\u00bbdefault\u00a0\u00bb global_colors_info=\u00a0\u00bb{}\u00a0\u00bb]<\/p>\n<p>Ce programme est essentiel pour cr\u00e9er un continuum int\u00e9gr\u00e9 de services et de soutiens centr\u00e9s sur l\u2019enfant. Les services permettent aux enfants de participer pleinement au programme scolaire.<\/p>\n<p>[\/et_pb_text][\/et_pb_column][\/et_pb_row][et_pb_row _builder_version=\u00a0\u00bb4.10.6&Prime; _module_preset=\u00a0\u00bbdefault\u00a0\u00bb global_colors_info=\u00a0\u00bb{}\u00a0\u00bb][et_pb_column type=\u00a0\u00bb4_4&Prime; _builder_version=\u00a0\u00bb4.10.6&Prime; _module_preset=\u00a0\u00bbdefault\u00a0\u00bb global_colors_info=\u00a0\u00bb{}\u00a0\u00bb][et_pb_text _builder_version=\u00a0\u00bb4.10.6&Prime; _module_preset=\u00a0\u00bbdefault\u00a0\u00bb header_2_font=\u00a0\u00bb|700|||||||\u00a0\u00bb header_2_text_color=\u00a0\u00bb#005e9e\u00a0\u00bb header_3_font=\u00a0\u00bb|700|||||||\u00a0\u00bb header_3_text_color=\u00a0\u00bb#005e9e\u00a0\u00bb header_3_font_size=\u00a0\u00bb26px\u00a0\u00bb global_colors_info=\u00a0\u00bb{}\u00a0\u00bb]<\/p>\n<h3>Admissibilit\u00e9<\/h3>\n<p>[\/et_pb_text][et_pb_text _builder_version=\u00a0\u00bb4.14.8&Prime; _module_preset=\u00a0\u00bbdefault\u00a0\u00bb link_font=\u00a0\u00bb|600||||||#594B6A|\u00a0\u00bb link_text_color=\u00a0\u00bb#594b6a\u00a0\u00bb global_colors_info=\u00a0\u00bb{}\u00a0\u00bb]<\/p>\n<p>Les services s\u2019adressent aux enfants d\u2019\u00e2ge scolaire qui r\u00e9sident dans le district de Muskoka, de Nipissing ou de Parry Sound et qui ont un handicap physique, une d\u00e9ficience d\u00e9veloppementale ou un trouble de la communication.<\/p>\n<p>[\/et_pb_text][\/et_pb_column][\/et_pb_row][\/et_pb_section][et_pb_section fb_built=\u00a0\u00bb1&Prime; _builder_version=\u00a0\u00bb4.10.6&Prime; _module_preset=\u00a0\u00bbdefault\u00a0\u00bb background_color=\u00a0\u00bb#e3eaf4&Prime; global_colors_info=\u00a0\u00bb{}\u00a0\u00bb][et_pb_row _builder_version=\u00a0\u00bb4.10.6&Prime; _module_preset=\u00a0\u00bbdefault\u00a0\u00bb global_colors_info=\u00a0\u00bb{}\u00a0\u00bb][et_pb_column type=\u00a0\u00bb4_4&Prime; _builder_version=\u00a0\u00bb4.10.6&Prime; _module_preset=\u00a0\u00bbdefault\u00a0\u00bb global_colors_info=\u00a0\u00bb{}\u00a0\u00bb][et_pb_text _builder_version=\u00a0\u00bb4.10.6&Prime; _module_preset=\u00a0\u00bbdefault\u00a0\u00bb header_2_font=\u00a0\u00bb|700|||||||\u00a0\u00bb header_2_text_color=\u00a0\u00bb#005e9e\u00a0\u00bb header_3_font=\u00a0\u00bb|700|||||||\u00a0\u00bb header_3_text_color=\u00a0\u00bb#005e9e\u00a0\u00bb header_3_font_size=\u00a0\u00bb26px\u00a0\u00bb global_colors_info=\u00a0\u00bb{}\u00a0\u00bb]<\/p>\n<h3>Demande de services<\/h3>\n<p>[\/et_pb_text][et_pb_text _builder_version=\u00a0\u00bb4.14.8&Prime; _module_preset=\u00a0\u00bbdefault\u00a0\u00bb link_font=\u00a0\u00bb|600||||||#594B6A|\u00a0\u00bb link_text_color=\u00a0\u00bb#594b6a\u00a0\u00bb locked=\u00a0\u00bboff\u00a0\u00bb global_colors_info=\u00a0\u00bb{}\u00a0\u00bb]<\/p>\n<p>La demande peut \u00eatre faite par un parent ou par un aidant, un m\u00e9decin de famille ou une tierce partie avec le consentement des parents :<\/p>\n<p>[\/et_pb_text][dsm_icon_list icon_color=\u00a0\u00bb#005e9e\u00a0\u00bb icon_background_color=\u00a0\u00bbRGBA(0,0,0,0)\u00a0\u00bb icon_padding=\u00a0\u00bb5px\u00a0\u00bb icon_font_size=\u00a0\u00bb18px\u00a0\u00bb text_indent=\u00a0\u00bb8px\u00a0\u00bb _builder_version=\u00a0\u00bb4.14.8&Prime; _module_preset=\u00a0\u00bbdefault\u00a0\u00bb text_font=\u00a0\u00bb|600|||||||\u00a0\u00bb text_text_color=\u00a0\u00bb#2E3E47&Prime; locked=\u00a0\u00bboff\u00a0\u00bb global_colors_info=\u00a0\u00bb{}\u00a0\u00bb][dsm_icon_list_child text=\u00a0\u00bb1-866-626-9100&Prime; font_icon=\u00a0\u00bb&#xe090;||divi||400&Prime; url=\u00a0\u00bbtel:1-866-626-9100&Prime; _builder_version=\u00a0\u00bb4.14.8&Prime; _module_preset=\u00a0\u00bbdefault\u00a0\u00bb global_colors_info=\u00a0\u00bb{}\u00a0\u00bb][\/dsm_icon_list_child][dsm_icon_list_child text=\u00a0\u00bbFormulaire de demande de services\u00a0\u00bb font_icon=\u00a0\u00bb&#xe00e;||divi||400&Prime; url=\u00a0\u00bb@ET-DC@eyJkeW5hbWljIjp0cnVlLCJjb250ZW50IjoicG9zdF9saW5rX3VybF9wYWdlIiwic2V0dGluZ3MiOnsicG9zdF9pZCI6Ijg4MSJ9fQ==@\u00a0\u00bb _builder_version=\u00a0\u00bb4.14.8&Prime; _dynamic_attributes=\u00a0\u00bburl\u00a0\u00bb _module_preset=\u00a0\u00bbdefault\u00a0\u00bb global_colors_info=\u00a0\u00bb{}\u00a0\u00bb][\/dsm_icon_list_child][\/dsm_icon_list][\/et_pb_column][\/et_pb_row][\/et_pb_section]<\/p>\n","protected":false},"excerpt":{"rendered":"<p>Services de r\u00e9adaptation en milieu scolaireLes Services de r\u00e9adaptation en milieu scolaire de La Place des enfants donnent acc\u00e8s \u00e0 un soutien en ergoth\u00e9rapie, en physioth\u00e9rapie et en orthophonie aux \u00e9l\u00e8ves ayant des besoins de r\u00e9adaptation. Ces services sont offerts dans toutes les \u00e9coles financ\u00e9es publiquement des districts de Muskoka, de Nipissing et de Parry Sound.Ce programme est essentiel pour cr\u00e9er un continuum int\u00e9gr\u00e9 de services et de soutiens centr\u00e9s sur l\u2019enfant. Les services permettent aux enfants de participer pleinement au programme scolaire.Admissibilit\u00e9Les services s\u2019adressent aux enfants d\u2019\u00e2ge scolaire qui r\u00e9sident dans le district de Muskoka, de Nipissing ou de Parry Sound et qui ont un handicap physique, une d\u00e9ficience d\u00e9veloppementale ou un trouble de la communication.Demande de servicesLa demande peut \u00eatre faite par un parent ou par un aidant, un m\u00e9decin de famille ou une tierce partie avec le consentement des parents :<div class=\"et_pb_module dsm_icon_list dsm_icon_list_0\">\r\n\t\t\t\t\r\n\t\t\t\t\r\n\t\t\t\t\r\n\t\t\t\t\r\n\t\t\t\t\r\n\t\t\t\t\r\n\t\t\t\t<div class=\"et_pb_module_inner\">\r\n\t\t\t\t\t<ul class=\"dsm_icon_list_items dsm_icon_list_ltr_direction dsm_icon_list_layout_vertical\"><li class=\"dsm_icon_list_child dsm_icon_list_child_0\">\r\n\t\t\t\t\r\n\t\t\t\t\r\n\t\t\t\t\r\n\t\t\t\t\r\n\t\t\t\t<a href=\"tel:1-866-626-9100\"><span class=\"dsm_icon_list_wrapper\"><span class=\"dsm_icon_list_icon\">\ue090<\/span><\/span><span class=\"dsm_icon_list_text\">1-866-626-9100<\/span><\/a>\r\n\t\t\t<\/li><li class=\"dsm_icon_list_child dsm_icon_list_child_1\">\r\n\t\t\t\t\r\n\t\t\t\t\r\n\t\t\t\t\r\n\t\t\t\t\r\n\t\t\t\t<span class=\"dsm_icon_list_wrapper\"><span class=\"dsm_icon_list_icon\">\ue00e<\/span><\/span><span class=\"dsm_icon_list_text\">Formulaire de demande de services<\/span>\r\n\t\t\t<\/li><\/ul>\r\n\t\t\t\t<\/div>\r\n\t\t\t<\/div><\/p>\n","protected":false},"author":2,"featured_media":0,"parent":0,"menu_order":0,"comment_status":"closed","ping_status":"closed","template":"","meta":{"_et_pb_use_builder":"on","_et_pb_old_content":"","_et_gb_content_width":"","_price":"","_stock":"","_tribe_ticket_header":"","_tribe_default_ticket_provider":"","_tribe_ticket_capacity":"0","_ticket_start_date":"","_ticket_end_date":"","_tribe_ticket_show_description":"","_tribe_ticket_show_not_going":false,"_tribe_ticket_use_global_stock":"","_tribe_ticket_global_stock_level":"","_global_stock_mode":"","_global_stock_cap":"","_tribe_rsvp_for_event":"","_tribe_ticket_going_count":"","_tribe_ticket_not_going_count":"","_tribe_tickets_list":"[]","_tribe_ticket_has_attendee_info_fields":false,"footnotes":"","_tec_slr_enabled":"","_tec_slr_layout":""},"categories":[],"tags":[],"class_list":["post-9029","page","type-page","status-publish","hentry"],"yoast_head":"<!-- This site is optimized with the Yoast SEO plugin v27.2 - https:\/\/yoast.com\/product\/yoast-seo-wordpress\/ -->\n<title>Services de r\u00e9adaptation en milieu scolaire - One Kids Place<\/title>\n<meta name=\"robots\" content=\"index, follow, max-snippet:-1, max-image-preview:large, max-video-preview:-1\" \/>\n<link rel=\"canonical\" href=\"https:\/\/www.onekidsplace.ca\/school-based-rehabilitation-service\/\" \/>\n<meta property=\"og:locale\" content=\"fr_FR\" \/>\n<meta property=\"og:type\" content=\"article\" \/>\n<meta property=\"og:title\" content=\"Services de r\u00e9adaptation en milieu scolaire - One Kids Place\" \/>\n<meta property=\"og:description\" content=\"Services de r\u00e9adaptation en milieu scolaireLes Services de r\u00e9adaptation en milieu scolaire de La Place des enfants donnent acc\u00e8s \u00e0 un soutien en ergoth\u00e9rapie, en physioth\u00e9rapie et en orthophonie aux \u00e9l\u00e8ves ayant des besoins de r\u00e9adaptation. Ces services sont offerts dans toutes les \u00e9coles financ\u00e9es publiquement des districts de Muskoka, de Nipissing et de Parry Sound.Ce programme est essentiel pour cr\u00e9er un continuum int\u00e9gr\u00e9 de services et de soutiens centr\u00e9s sur l\u2019enfant. Les services permettent aux enfants de participer pleinement au programme scolaire.Admissibilit\u00e9Les services s\u2019adressent aux enfants d\u2019\u00e2ge scolaire qui r\u00e9sident dans le district de Muskoka, de Nipissing ou de Parry Sound et qui ont un handicap physique, une d\u00e9ficience d\u00e9veloppementale ou un trouble de la communication.Demande de servicesLa demande peut \u00eatre faite par un parent ou par un aidant, un m\u00e9decin de famille ou une tierce partie avec le consentement des parents :\" \/>\n<meta property=\"og:url\" content=\"https:\/\/www.onekidsplace.ca\/school-based-rehabilitation-service\/\" \/>\n<meta property=\"og:site_name\" content=\"One Kids Place\" \/>\n<meta property=\"article:modified_time\" content=\"2023-08-04T04:50:17+00:00\" \/>\n<meta name=\"twitter:card\" content=\"summary_large_image\" \/>\n<meta name=\"twitter:label1\" content=\"Dur\u00e9e de lecture estim\u00e9e\" \/>\n\t<meta name=\"twitter:data1\" content=\"4 minutes\" \/>\n<script type=\"application\/ld+json\" class=\"yoast-schema-graph\">{\"@context\":\"https:\/\/schema.org\",\"@graph\":[{\"@type\":\"WebPage\",\"@id\":\"https:\/\/www.onekidsplace.ca\/school-based-rehabilitation-service\/\",\"url\":\"https:\/\/www.onekidsplace.ca\/school-based-rehabilitation-service\/\",\"name\":\"Services de r\u00e9adaptation en milieu scolaire - One Kids Place\",\"isPartOf\":{\"@id\":\"https:\/\/www.onekidsplace.ca\/#website\"},\"datePublished\":\"2021-10-22T02:50:17+00:00\",\"dateModified\":\"2023-08-04T04:50:17+00:00\",\"breadcrumb\":{\"@id\":\"https:\/\/www.onekidsplace.ca\/school-based-rehabilitation-service\/#breadcrumb\"},\"inLanguage\":\"fr-FR\",\"potentialAction\":[{\"@type\":\"ReadAction\",\"target\":[\"https:\/\/www.onekidsplace.ca\/school-based-rehabilitation-service\/\"]}]},{\"@type\":\"BreadcrumbList\",\"@id\":\"https:\/\/www.onekidsplace.ca\/school-based-rehabilitation-service\/#breadcrumb\",\"itemListElement\":[{\"@type\":\"ListItem\",\"position\":1,\"name\":\"Home\",\"item\":\"https:\/\/www.onekidsplace.ca\/\"},{\"@type\":\"ListItem\",\"position\":2,\"name\":\"Services de r\u00e9adaptation en milieu scolaire\"}]},{\"@type\":\"WebSite\",\"@id\":\"https:\/\/www.onekidsplace.ca\/#website\",\"url\":\"https:\/\/www.onekidsplace.ca\/\",\"name\":\"One Kids Place\",\"description\":\"Children&#039;s Treatment Centre\",\"potentialAction\":[{\"@type\":\"SearchAction\",\"target\":{\"@type\":\"EntryPoint\",\"urlTemplate\":\"https:\/\/www.onekidsplace.ca\/?s={search_term_string}\"},\"query-input\":{\"@type\":\"PropertyValueSpecification\",\"valueRequired\":true,\"valueName\":\"search_term_string\"}}],\"inLanguage\":\"fr-FR\"}]}<\/script>\n<!-- \/ Yoast SEO plugin. -->","yoast_head_json":{"title":"Services de r\u00e9adaptation en milieu scolaire - One Kids Place","robots":{"index":"index","follow":"follow","max-snippet":"max-snippet:-1","max-image-preview":"max-image-preview:large","max-video-preview":"max-video-preview:-1"},"canonical":"https:\/\/www.onekidsplace.ca\/school-based-rehabilitation-service\/","og_locale":"fr_FR","og_type":"article","og_title":"Services de r\u00e9adaptation en milieu scolaire - One Kids Place","og_description":"Services de r\u00e9adaptation en milieu scolaireLes Services de r\u00e9adaptation en milieu scolaire de La Place des enfants donnent acc\u00e8s \u00e0 un soutien en ergoth\u00e9rapie, en physioth\u00e9rapie et en orthophonie aux \u00e9l\u00e8ves ayant des besoins de r\u00e9adaptation. Ces services sont offerts dans toutes les \u00e9coles financ\u00e9es publiquement des districts de Muskoka, de Nipissing et de Parry Sound.Ce programme est essentiel pour cr\u00e9er un continuum int\u00e9gr\u00e9 de services et de soutiens centr\u00e9s sur l\u2019enfant. Les services permettent aux enfants de participer pleinement au programme scolaire.Admissibilit\u00e9Les services s\u2019adressent aux enfants d\u2019\u00e2ge scolaire qui r\u00e9sident dans le district de Muskoka, de Nipissing ou de Parry Sound et qui ont un handicap physique, une d\u00e9ficience d\u00e9veloppementale ou un trouble de la communication.Demande de servicesLa demande peut \u00eatre faite par un parent ou par un aidant, un m\u00e9decin de famille ou une tierce partie avec le consentement des parents :","og_url":"https:\/\/www.onekidsplace.ca\/school-based-rehabilitation-service\/","og_site_name":"One Kids Place","article_modified_time":"2023-08-04T04:50:17+00:00","twitter_card":"summary_large_image","twitter_misc":{"Dur\u00e9e de lecture estim\u00e9e":"4 minutes"},"schema":{"@context":"https:\/\/schema.org","@graph":[{"@type":"WebPage","@id":"https:\/\/www.onekidsplace.ca\/school-based-rehabilitation-service\/","url":"https:\/\/www.onekidsplace.ca\/school-based-rehabilitation-service\/","name":"Services de r\u00e9adaptation en milieu scolaire - One Kids Place","isPartOf":{"@id":"https:\/\/www.onekidsplace.ca\/#website"},"datePublished":"2021-10-22T02:50:17+00:00","dateModified":"2023-08-04T04:50:17+00:00","breadcrumb":{"@id":"https:\/\/www.onekidsplace.ca\/school-based-rehabilitation-service\/#breadcrumb"},"inLanguage":"fr-FR","potentialAction":[{"@type":"ReadAction","target":["https:\/\/www.onekidsplace.ca\/school-based-rehabilitation-service\/"]}]},{"@type":"BreadcrumbList","@id":"https:\/\/www.onekidsplace.ca\/school-based-rehabilitation-service\/#breadcrumb","itemListElement":[{"@type":"ListItem","position":1,"name":"Home","item":"https:\/\/www.onekidsplace.ca\/"},{"@type":"ListItem","position":2,"name":"Services de r\u00e9adaptation en milieu scolaire"}]},{"@type":"WebSite","@id":"https:\/\/www.onekidsplace.ca\/#website","url":"https:\/\/www.onekidsplace.ca\/","name":"One Kids Place","description":"Children&#039;s Treatment Centre","potentialAction":[{"@type":"SearchAction","target":{"@type":"EntryPoint","urlTemplate":"https:\/\/www.onekidsplace.ca\/?s={search_term_string}"},"query-input":{"@type":"PropertyValueSpecification","valueRequired":true,"valueName":"search_term_string"}}],"inLanguage":"fr-FR"}]}},"ticketed":false,"_links":{"self":[{"href":"https:\/\/www.onekidsplace.ca\/fr\/wp-json\/wp\/v2\/pages\/9029","targetHints":{"allow":["GET"]}}],"collection":[{"href":"https:\/\/www.onekidsplace.ca\/fr\/wp-json\/wp\/v2\/pages"}],"about":[{"href":"https:\/\/www.onekidsplace.ca\/fr\/wp-json\/wp\/v2\/types\/page"}],"author":[{"embeddable":true,"href":"https:\/\/www.onekidsplace.ca\/fr\/wp-json\/wp\/v2\/users\/2"}],"replies":[{"embeddable":true,"href":"https:\/\/www.onekidsplace.ca\/fr\/wp-json\/wp\/v2\/comments?post=9029"}],"version-history":[{"count":4,"href":"https:\/\/www.onekidsplace.ca\/fr\/wp-json\/wp\/v2\/pages\/9029\/revisions"}],"predecessor-version":[{"id":10818,"href":"https:\/\/www.onekidsplace.ca\/fr\/wp-json\/wp\/v2\/pages\/9029\/revisions\/10818"}],"wp:attachment":[{"href":"https:\/\/www.onekidsplace.ca\/fr\/wp-json\/wp\/v2\/media?parent=9029"}],"wp:term":[{"taxonomy":"category","embeddable":true,"href":"https:\/\/www.onekidsplace.ca\/fr\/wp-json\/wp\/v2\/categories?post=9029"},{"taxonomy":"post_tag","embeddable":true,"href":"https:\/\/www.onekidsplace.ca\/fr\/wp-json\/wp\/v2\/tags?post=9029"}],"curies":[{"name":"wp","href":"https:\/\/api.w.org\/{rel}","templated":true}]}}