{"id":9023,"date":"2021-10-21T22:51:55","date_gmt":"2021-10-22T02:51:55","guid":{"rendered":"https:\/\/www.onekidsplace.ca\/programme-de-pret-dequipement\/"},"modified":"2023-08-04T00:50:51","modified_gmt":"2023-08-04T04:50:51","slug":"programme-de-pret-dequipement","status":"publish","type":"page","link":"https:\/\/www.onekidsplace.ca\/fr\/programme-de-pret-dequipement\/","title":{"rendered":"Programme de pr\u00eat d\u2019\u00e9quipement"},"content":{"rendered":"<p>[et_pb_section fb_built=\u00a0\u00bb1&Prime; custom_padding_last_edited=\u00a0\u00bbon|desktop\u00a0\u00bb _builder_version=\u00a0\u00bb4.14.7&Prime; _module_preset=\u00a0\u00bbdefault\u00a0\u00bb background_color=\u00a0\u00bb#005e9e\u00a0\u00bb background_color_gradient_start=\u00a0\u00bbrgba(10,10,10,0.08)\u00a0\u00bb background_color_gradient_end=\u00a0\u00bbrgba(10,10,10,0.08)\u00a0\u00bb background_enable_image=\u00a0\u00bboff\u00a0\u00bb parallax=\u00a0\u00bbon\u00a0\u00bb custom_padding=\u00a0\u00bb10px||10px||true|false\u00a0\u00bb custom_padding_tablet=\u00a0\u00bb\u00a0\u00bb custom_padding_phone=\u00a0\u00bb\u00a0\u00bb locked=\u00a0\u00bboff\u00a0\u00bb global_colors_info=\u00a0\u00bb{}\u00a0\u00bb][et_pb_row use_custom_gutter=\u00a0\u00bbon\u00a0\u00bb gutter_width=\u00a0\u00bb1&Prime; make_equal=\u00a0\u00bbon\u00a0\u00bb custom_padding_last_edited=\u00a0\u00bbon|desktop\u00a0\u00bb _builder_version=\u00a0\u00bb4.14.7&Prime; _module_preset=\u00a0\u00bbdefault\u00a0\u00bb background_enable_color=\u00a0\u00bboff\u00a0\u00bb custom_margin=\u00a0\u00bb||||false|false\u00a0\u00bb custom_margin_tablet=\u00a0\u00bb||||false|false\u00a0\u00bb custom_margin_phone=\u00a0\u00bb||||false|false\u00a0\u00bb custom_margin_last_edited=\u00a0\u00bbon|desktop\u00a0\u00bb custom_padding=\u00a0\u00bb0px||10px||false|false\u00a0\u00bb custom_padding_tablet=\u00a0\u00bb0px||0px||true|false\u00a0\u00bb custom_padding_phone=\u00a0\u00bb0px||0px||true|false\u00a0\u00bb custom_css_main_element=\u00a0\u00bbalign-items:center;\u00a0\u00bb global_colors_info=\u00a0\u00bb{}\u00a0\u00bb][et_pb_column type=\u00a0\u00bb4_4&Prime; _builder_version=\u00a0\u00bb4.14.7&Prime; _module_preset=\u00a0\u00bbdefault\u00a0\u00bb background_enable_color=\u00a0\u00bboff\u00a0\u00bb custom_padding=\u00a0\u00bb10px|0px|10px|0px|true|true\u00a0\u00bb custom_padding_tablet=\u00a0\u00bb\u00a0\u00bb custom_padding_phone=\u00a0\u00bb\u00a0\u00bb custom_padding_last_edited=\u00a0\u00bbon|desktop\u00a0\u00bb global_colors_info=\u00a0\u00bb{}\u00a0\u00bb][et_pb_text _builder_version=\u00a0\u00bb4.14.7&Prime; _module_preset=\u00a0\u00bbdefault\u00a0\u00bb header_font=\u00a0\u00bbNunito Sans|800|||||||\u00a0\u00bb header_text_align=\u00a0\u00bbcenter\u00a0\u00bb header_text_color=\u00a0\u00bb#ffffff\u00a0\u00bb header_font_size=\u00a0\u00bb40px\u00a0\u00bb header_line_height=\u00a0\u00bb1.3em\u00a0\u00bb custom_margin=\u00a0\u00bb||||false|false\u00a0\u00bb custom_margin_tablet=\u00a0\u00bb-20px||||false|false\u00a0\u00bb custom_margin_phone=\u00a0\u00bb\u00a0\u00bb custom_margin_last_edited=\u00a0\u00bbon|phone\u00a0\u00bb custom_padding=\u00a0\u00bb20px||||false|false\u00a0\u00bb custom_padding_tablet=\u00a0\u00bb30px||||false|false\u00a0\u00bb custom_padding_phone=\u00a0\u00bb40px||10px||false|false\u00a0\u00bb custom_padding_last_edited=\u00a0\u00bbon|desktop\u00a0\u00bb header_text_align_tablet=\u00a0\u00bbcenter\u00a0\u00bb header_text_align_phone=\u00a0\u00bbcenter\u00a0\u00bb header_text_align_last_edited=\u00a0\u00bbon|tablet\u00a0\u00bb header_font_size_tablet=\u00a0\u00bb\u00a0\u00bb header_font_size_phone=\u00a0\u00bb30px\u00a0\u00bb header_font_size_last_edited=\u00a0\u00bbon|desktop\u00a0\u00bb header_text_shadow_style=\u00a0\u00bbpreset2&Prime; header_text_shadow_color=\u00a0\u00bbrgba(0,0,0,0.18)\u00a0\u00bb global_colors_info=\u00a0\u00bb{}\u00a0\u00bb]<\/p>\n<h1>Programme de pr\u00eat d\u2019\u00e9quipement<\/h1>\n<p>[\/et_pb_text][\/et_pb_column][\/et_pb_row][\/et_pb_section][et_pb_section fb_built=\u00a0\u00bb1&Prime; _builder_version=\u00a0\u00bb4.10.6&Prime; _module_preset=\u00a0\u00bbdefault\u00a0\u00bb global_colors_info=\u00a0\u00bb{}\u00a0\u00bb][et_pb_row column_structure=\u00a0\u00bb3_5,2_5&Prime; _builder_version=\u00a0\u00bb4.10.6&Prime; _module_preset=\u00a0\u00bbdefault\u00a0\u00bb global_colors_info=\u00a0\u00bb{}\u00a0\u00bb][et_pb_column type=\u00a0\u00bb3_5&Prime; _builder_version=\u00a0\u00bb4.10.6&Prime; _module_preset=\u00a0\u00bbdefault\u00a0\u00bb global_colors_info=\u00a0\u00bb{}\u00a0\u00bb][et_pb_text _builder_version=\u00a0\u00bb4.14.7&Prime; _module_preset=\u00a0\u00bbdefault\u00a0\u00bb text_font=\u00a0\u00bb|600|||||||\u00a0\u00bb text_text_color=\u00a0\u00bb#2E3E47&Prime; text_font_size=\u00a0\u00bb18px\u00a0\u00bb background_layout=\u00a0\u00bbdark\u00a0\u00bb text_orientation_tablet=\u00a0\u00bbcenter\u00a0\u00bb text_orientation_phone=\u00a0\u00bbcenter\u00a0\u00bb text_orientation_last_edited=\u00a0\u00bbon|phone\u00a0\u00bb global_colors_info=\u00a0\u00bb{}\u00a0\u00bb]<\/p>\n<p>Nous fournissons des ressources th\u00e9rapeutiques, du mat\u00e9riel et de l\u2019\u00e9quipement aux enfants, aux jeunes et aux familles pour leur permettre de participer pleinement aux s\u00e9ances de th\u00e9rapie et aux activit\u00e9s de groupe, mais surtout pour qu\u2019ils vivent pleinement, tous les jours.<\/p>\n<p>[\/et_pb_text][et_pb_text _builder_version=\u00a0\u00bb4.10.6&Prime; _module_preset=\u00a0\u00bbdefault\u00a0\u00bb global_colors_info=\u00a0\u00bb{}\u00a0\u00bb]<\/p>\n<p>Le Programme de pr\u00eat d\u2019\u00e9quipement est le premier du genre dans les districts de Muskoka, de Nipissing et de Parry Sound.<\/p>\n<p>L\u2019\u00e9quipement peut \u00eatre tr\u00e8s co\u00fbteux pour les familles, ce qui limite le traitement et la possibilit\u00e9 de participer aux activit\u00e9s quotidiennes.<\/p>\n<p>Ce programme de La Place des enfants permet aux familles, aux aidants et aux \u00e9coles d\u2019emprunter gratuitement du mat\u00e9riel sp\u00e9cialis\u00e9 et des ressources th\u00e9rapeutiques pour une p\u00e9riode donn\u00e9e.<\/p>\n<p>Apr\u00e8s son utilisation, le mat\u00e9riel est nettoy\u00e9, remis en \u00e9tat et pr\u00eat\u00e9 \u00e0 une autre famille. Cela permet d\u2019utiliser l\u2019\u00e9quipement jusqu\u2019\u00e0 la fin de sa vie utile et donne aux familles la possibilit\u00e9 de faire des choix de th\u00e9rapie pour leur enfant. <\/p>\n<p>Ce programme poss\u00e8de plus de 2 500 articles et effectue de 600 \u00e0 750 pr\u00eats par ann\u00e9e.<\/p>\n<p><strong>Le programme est enti\u00e8rement financ\u00e9 par des dons et le soutien de la communaut\u00e9.<\/strong><\/p>\n<p>[\/et_pb_text][\/et_pb_column][et_pb_column type=\u00a0\u00bb2_5&Prime; _builder_version=\u00a0\u00bb4.10.6&Prime; _module_preset=\u00a0\u00bbdefault\u00a0\u00bb global_colors_info=\u00a0\u00bb{}\u00a0\u00bb][et_pb_image src=\u00a0\u00bbhttps:\/\/www.onekidsplace.ca\/wp-content\/uploads\/2022\/02\/LEPoption3-scaled.jpg\u00a0\u00bb alt=\u00a0\u00bbEquipment example: Explorer mini\u00a0\u00bb _builder_version=\u00a0\u00bb4.14.8&Prime; _module_preset=\u00a0\u00bbdefault\u00a0\u00bb global_colors_info=\u00a0\u00bb{}\u00a0\u00bb][\/et_pb_image][\/et_pb_column][\/et_pb_row][et_pb_row _builder_version=\u00a0\u00bb4.10.6&Prime; _module_preset=\u00a0\u00bbdefault\u00a0\u00bb global_colors_info=\u00a0\u00bb{}\u00a0\u00bb][et_pb_column type=\u00a0\u00bb4_4&Prime; _builder_version=\u00a0\u00bb4.10.6&Prime; _module_preset=\u00a0\u00bbdefault\u00a0\u00bb global_colors_info=\u00a0\u00bb{}\u00a0\u00bb][et_pb_testimonial quote_icon_color=\u00a0\u00bb#00A4E4&Prime; _builder_version=\u00a0\u00bb4.14.7&Prime; _module_preset=\u00a0\u00bbdefault\u00a0\u00bb background_color=\u00a0\u00bbRGBA(255,255,255,0)\u00a0\u00bb border_width_all=\u00a0\u00bb1px\u00a0\u00bb border_color_all=\u00a0\u00bbrgba(0,164,228,0.19)\u00a0\u00bb global_colors_info=\u00a0\u00bb{}\u00a0\u00bb]<\/p>\n<p>\u00ab Le Programme de pr\u00eat d\u2019\u00e9quipement est extraordinaire. Notre famille a acc\u00e8s \u00e0 une vaste collection de mat\u00e9riel et d\u2019\u00e9quipement qui nous facilitent tellement la vie. Les enfants grandissent si vite! Il serait impossible de suivre le rythme sans emprunter du mat\u00e9riel aupr\u00e8s de La Place des enfants. \u00bb<\/p>\n<p>[\/et_pb_testimonial][\/et_pb_column][\/et_pb_row][\/et_pb_section][et_pb_section fb_built=\u00a0\u00bb1&Prime; _builder_version=\u00a0\u00bb4.10.6&Prime; _module_preset=\u00a0\u00bbdefault\u00a0\u00bb background_color=\u00a0\u00bb#e3eaf4&Prime; global_colors_info=\u00a0\u00bb{}\u00a0\u00bb][et_pb_row column_structure=\u00a0\u00bb3_5,2_5&Prime; _builder_version=\u00a0\u00bb4.10.6&Prime; _module_preset=\u00a0\u00bbdefault\u00a0\u00bb global_colors_info=\u00a0\u00bb{}\u00a0\u00bb][et_pb_column type=\u00a0\u00bb3_5&Prime; _builder_version=\u00a0\u00bb4.10.6&Prime; _module_preset=\u00a0\u00bbdefault\u00a0\u00bb global_colors_info=\u00a0\u00bb{}\u00a0\u00bb][et_pb_text _builder_version=\u00a0\u00bb4.14.9&Prime; _module_preset=\u00a0\u00bbdefault\u00a0\u00bb text_font=\u00a0\u00bb|700|||||||\u00a0\u00bb link_font=\u00a0\u00bb|600||||||#594B6A|\u00a0\u00bb link_text_color=\u00a0\u00bb#594b6a\u00a0\u00bb hover_enabled=\u00a0\u00bb0&Prime; global_colors_info=\u00a0\u00bb{}\u00a0\u00bb sticky_enabled=\u00a0\u00bb0&Prime;]<\/p>\n<p>Pour plus de renseignements ou demander un pr\u00eat : <a href=\"mailto:lep@onekidsplace.ca\">lep@onekidsplace.ca<\/a><\/p>\n<p>[\/et_pb_text][\/et_pb_column][et_pb_column type=\u00a0\u00bb2_5&Prime; _builder_version=\u00a0\u00bb4.10.6&Prime; _module_preset=\u00a0\u00bbdefault\u00a0\u00bb global_colors_info=\u00a0\u00bb{}\u00a0\u00bb][et_pb_button button_url=\u00a0\u00bb@ET-DC@eyJkeW5hbWljIjp0cnVlLCJjb250ZW50IjoicG9zdF9saW5rX3VybF9wYWdlIiwic2V0dGluZ3MiOnsicG9zdF9pZCI6IjY0OCJ9fQ==@\u00a0\u00bb button_text=\u00a0\u00bbFaites un don\u00a0\u00bb _builder_version=\u00a0\u00bb4.14.8&Prime; _dynamic_attributes=\u00a0\u00bbbutton_url\u00a0\u00bb _module_preset=\u00a0\u00bbdefault\u00a0\u00bb global_colors_info=\u00a0\u00bb{}\u00a0\u00bb][\/et_pb_button][\/et_pb_column][\/et_pb_row][\/et_pb_section]<\/p>\n","protected":false},"excerpt":{"rendered":"<p>Programme de pr\u00eat d\u2019\u00e9quipementNous fournissons des ressources th\u00e9rapeutiques, du mat\u00e9riel et de l\u2019\u00e9quipement aux enfants, aux jeunes et aux familles pour leur permettre de participer pleinement aux s\u00e9ances de th\u00e9rapie et aux activit\u00e9s de groupe, mais surtout pour qu\u2019ils vivent pleinement, tous les jours.Le Programme de pr\u00eat d\u2019\u00e9quipement est le premier du genre dans les districts de Muskoka, de Nipissing et de Parry Sound. L\u2019\u00e9quipement peut \u00eatre tr\u00e8s co\u00fbteux pour les familles, ce qui limite le traitement et la possibilit\u00e9 de participer aux activit\u00e9s quotidiennes. Ce programme de La Place des enfants permet aux familles, aux aidants et aux \u00e9coles d\u2019emprunter gratuitement du mat\u00e9riel sp\u00e9cialis\u00e9 et des ressources th\u00e9rapeutiques pour une p\u00e9riode donn\u00e9e. Apr\u00e8s son utilisation, le mat\u00e9riel est nettoy\u00e9, remis en \u00e9tat et pr\u00eat\u00e9 \u00e0 une autre famille. Cela permet d\u2019utiliser l\u2019\u00e9quipement jusqu\u2019\u00e0 la fin de sa vie utile et donne aux familles la possibilit\u00e9 de faire des choix de th\u00e9rapie pour leur enfant. Ce programme poss\u00e8de plus de 2 500 articles et effectue de 600 \u00e0 750 pr\u00eats par ann\u00e9e. Le programme est enti\u00e8rement financ\u00e9 par des dons et le soutien de la communaut\u00e9.\u00ab Le Programme de pr\u00eat d\u2019\u00e9quipement est extraordinaire. Notre famille a acc\u00e8s \u00e0 une vaste [&hellip;]<\/p>\n","protected":false},"author":2,"featured_media":0,"parent":0,"menu_order":0,"comment_status":"closed","ping_status":"closed","template":"","meta":{"_et_pb_use_builder":"on","_et_pb_old_content":"","_et_gb_content_width":"","_price":"","_stock":"","_tribe_ticket_header":"","_tribe_default_ticket_provider":"","_tribe_ticket_capacity":"0","_ticket_start_date":"","_ticket_end_date":"","_tribe_ticket_show_description":"","_tribe_ticket_show_not_going":false,"_tribe_ticket_use_global_stock":"","_tribe_ticket_global_stock_level":"","_global_stock_mode":"","_global_stock_cap":"","_tribe_rsvp_for_event":"","_tribe_ticket_going_count":"","_tribe_ticket_not_going_count":"","_tribe_tickets_list":"[]","_tribe_ticket_has_attendee_info_fields":false,"footnotes":"","_tec_slr_enabled":"","_tec_slr_layout":""},"categories":[],"tags":[],"class_list":["post-9023","page","type-page","status-publish","hentry"],"yoast_head":"<!-- This site is optimized with the Yoast SEO plugin v27.4 - https:\/\/yoast.com\/product\/yoast-seo-wordpress\/ -->\n<title>Programme de pr\u00eat d\u2019\u00e9quipement - One Kids Place<\/title>\n<meta name=\"robots\" content=\"index, follow, max-snippet:-1, max-image-preview:large, max-video-preview:-1\" \/>\n<link rel=\"canonical\" href=\"https:\/\/www.onekidsplace.ca\/loan-equipment-program\/\" \/>\n<meta property=\"og:locale\" content=\"fr_FR\" \/>\n<meta property=\"og:type\" content=\"article\" \/>\n<meta property=\"og:title\" content=\"Programme de pr\u00eat d\u2019\u00e9quipement - One Kids Place\" \/>\n<meta property=\"og:description\" content=\"Programme de pr\u00eat d\u2019\u00e9quipementNous fournissons des ressources th\u00e9rapeutiques, du mat\u00e9riel et de l\u2019\u00e9quipement aux enfants, aux jeunes et aux familles pour leur permettre de participer pleinement aux s\u00e9ances de th\u00e9rapie et aux activit\u00e9s de groupe, mais surtout pour qu\u2019ils vivent pleinement, tous les jours.Le Programme de pr\u00eat d\u2019\u00e9quipement est le premier du genre dans les districts de Muskoka, de Nipissing et de Parry Sound. L\u2019\u00e9quipement peut \u00eatre tr\u00e8s co\u00fbteux pour les familles, ce qui limite le traitement et la possibilit\u00e9 de participer aux activit\u00e9s quotidiennes. Ce programme de La Place des enfants permet aux familles, aux aidants et aux \u00e9coles d\u2019emprunter gratuitement du mat\u00e9riel sp\u00e9cialis\u00e9 et des ressources th\u00e9rapeutiques pour une p\u00e9riode donn\u00e9e. Apr\u00e8s son utilisation, le mat\u00e9riel est nettoy\u00e9, remis en \u00e9tat et pr\u00eat\u00e9 \u00e0 une autre famille. Cela permet d\u2019utiliser l\u2019\u00e9quipement jusqu\u2019\u00e0 la fin de sa vie utile et donne aux familles la possibilit\u00e9 de faire des choix de th\u00e9rapie pour leur enfant. Ce programme poss\u00e8de plus de 2 500 articles et effectue de 600 \u00e0 750 pr\u00eats par ann\u00e9e. Le programme est enti\u00e8rement financ\u00e9 par des dons et le soutien de la communaut\u00e9.\u00ab Le Programme de pr\u00eat d\u2019\u00e9quipement est extraordinaire. Notre famille a acc\u00e8s \u00e0 une vaste [&hellip;]\" \/>\n<meta property=\"og:url\" content=\"https:\/\/www.onekidsplace.ca\/loan-equipment-program\/\" \/>\n<meta property=\"og:site_name\" content=\"One Kids Place\" \/>\n<meta property=\"article:modified_time\" content=\"2023-08-04T04:50:51+00:00\" \/>\n<meta name=\"twitter:card\" content=\"summary_large_image\" \/>\n<meta name=\"twitter:label1\" content=\"Dur\u00e9e de lecture estim\u00e9e\" \/>\n\t<meta name=\"twitter:data1\" content=\"5 minutes\" \/>\n<script type=\"application\/ld+json\" class=\"yoast-schema-graph\">{\"@context\":\"https:\\\/\\\/schema.org\",\"@graph\":[{\"@type\":\"WebPage\",\"@id\":\"https:\\\/\\\/www.onekidsplace.ca\\\/loan-equipment-program\\\/\",\"url\":\"https:\\\/\\\/www.onekidsplace.ca\\\/loan-equipment-program\\\/\",\"name\":\"Programme de pr\u00eat d\u2019\u00e9quipement - One Kids Place\",\"isPartOf\":{\"@id\":\"https:\\\/\\\/www.onekidsplace.ca\\\/#website\"},\"datePublished\":\"2021-10-22T02:51:55+00:00\",\"dateModified\":\"2023-08-04T04:50:51+00:00\",\"breadcrumb\":{\"@id\":\"https:\\\/\\\/www.onekidsplace.ca\\\/loan-equipment-program\\\/#breadcrumb\"},\"inLanguage\":\"fr-FR\",\"potentialAction\":[{\"@type\":\"ReadAction\",\"target\":[\"https:\\\/\\\/www.onekidsplace.ca\\\/loan-equipment-program\\\/\"]}]},{\"@type\":\"BreadcrumbList\",\"@id\":\"https:\\\/\\\/www.onekidsplace.ca\\\/loan-equipment-program\\\/#breadcrumb\",\"itemListElement\":[{\"@type\":\"ListItem\",\"position\":1,\"name\":\"Home\",\"item\":\"https:\\\/\\\/www.onekidsplace.ca\\\/\"},{\"@type\":\"ListItem\",\"position\":2,\"name\":\"Programme de pr\u00eat d\u2019\u00e9quipement\"}]},{\"@type\":\"WebSite\",\"@id\":\"https:\\\/\\\/www.onekidsplace.ca\\\/#website\",\"url\":\"https:\\\/\\\/www.onekidsplace.ca\\\/\",\"name\":\"One Kids Place\",\"description\":\"Children&#039;s Treatment Centre\",\"potentialAction\":[{\"@type\":\"SearchAction\",\"target\":{\"@type\":\"EntryPoint\",\"urlTemplate\":\"https:\\\/\\\/www.onekidsplace.ca\\\/?s={search_term_string}\"},\"query-input\":{\"@type\":\"PropertyValueSpecification\",\"valueRequired\":true,\"valueName\":\"search_term_string\"}}],\"inLanguage\":\"fr-FR\"}]}<\/script>\n<!-- \/ Yoast SEO plugin. -->","yoast_head_json":{"title":"Programme de pr\u00eat d\u2019\u00e9quipement - One Kids Place","robots":{"index":"index","follow":"follow","max-snippet":"max-snippet:-1","max-image-preview":"max-image-preview:large","max-video-preview":"max-video-preview:-1"},"canonical":"https:\/\/www.onekidsplace.ca\/loan-equipment-program\/","og_locale":"fr_FR","og_type":"article","og_title":"Programme de pr\u00eat d\u2019\u00e9quipement - One Kids Place","og_description":"Programme de pr\u00eat d\u2019\u00e9quipementNous fournissons des ressources th\u00e9rapeutiques, du mat\u00e9riel et de l\u2019\u00e9quipement aux enfants, aux jeunes et aux familles pour leur permettre de participer pleinement aux s\u00e9ances de th\u00e9rapie et aux activit\u00e9s de groupe, mais surtout pour qu\u2019ils vivent pleinement, tous les jours.Le Programme de pr\u00eat d\u2019\u00e9quipement est le premier du genre dans les districts de Muskoka, de Nipissing et de Parry Sound. L\u2019\u00e9quipement peut \u00eatre tr\u00e8s co\u00fbteux pour les familles, ce qui limite le traitement et la possibilit\u00e9 de participer aux activit\u00e9s quotidiennes. Ce programme de La Place des enfants permet aux familles, aux aidants et aux \u00e9coles d\u2019emprunter gratuitement du mat\u00e9riel sp\u00e9cialis\u00e9 et des ressources th\u00e9rapeutiques pour une p\u00e9riode donn\u00e9e. Apr\u00e8s son utilisation, le mat\u00e9riel est nettoy\u00e9, remis en \u00e9tat et pr\u00eat\u00e9 \u00e0 une autre famille. Cela permet d\u2019utiliser l\u2019\u00e9quipement jusqu\u2019\u00e0 la fin de sa vie utile et donne aux familles la possibilit\u00e9 de faire des choix de th\u00e9rapie pour leur enfant. Ce programme poss\u00e8de plus de 2 500 articles et effectue de 600 \u00e0 750 pr\u00eats par ann\u00e9e. Le programme est enti\u00e8rement financ\u00e9 par des dons et le soutien de la communaut\u00e9.\u00ab Le Programme de pr\u00eat d\u2019\u00e9quipement est extraordinaire. Notre famille a acc\u00e8s \u00e0 une vaste [&hellip;]","og_url":"https:\/\/www.onekidsplace.ca\/loan-equipment-program\/","og_site_name":"One Kids Place","article_modified_time":"2023-08-04T04:50:51+00:00","twitter_card":"summary_large_image","twitter_misc":{"Dur\u00e9e de lecture estim\u00e9e":"5 minutes"},"schema":{"@context":"https:\/\/schema.org","@graph":[{"@type":"WebPage","@id":"https:\/\/www.onekidsplace.ca\/loan-equipment-program\/","url":"https:\/\/www.onekidsplace.ca\/loan-equipment-program\/","name":"Programme de pr\u00eat d\u2019\u00e9quipement - One Kids Place","isPartOf":{"@id":"https:\/\/www.onekidsplace.ca\/#website"},"datePublished":"2021-10-22T02:51:55+00:00","dateModified":"2023-08-04T04:50:51+00:00","breadcrumb":{"@id":"https:\/\/www.onekidsplace.ca\/loan-equipment-program\/#breadcrumb"},"inLanguage":"fr-FR","potentialAction":[{"@type":"ReadAction","target":["https:\/\/www.onekidsplace.ca\/loan-equipment-program\/"]}]},{"@type":"BreadcrumbList","@id":"https:\/\/www.onekidsplace.ca\/loan-equipment-program\/#breadcrumb","itemListElement":[{"@type":"ListItem","position":1,"name":"Home","item":"https:\/\/www.onekidsplace.ca\/"},{"@type":"ListItem","position":2,"name":"Programme de pr\u00eat d\u2019\u00e9quipement"}]},{"@type":"WebSite","@id":"https:\/\/www.onekidsplace.ca\/#website","url":"https:\/\/www.onekidsplace.ca\/","name":"One Kids Place","description":"Children&#039;s Treatment Centre","potentialAction":[{"@type":"SearchAction","target":{"@type":"EntryPoint","urlTemplate":"https:\/\/www.onekidsplace.ca\/?s={search_term_string}"},"query-input":{"@type":"PropertyValueSpecification","valueRequired":true,"valueName":"search_term_string"}}],"inLanguage":"fr-FR"}]}},"ticketed":false,"_links":{"self":[{"href":"https:\/\/www.onekidsplace.ca\/fr\/wp-json\/wp\/v2\/pages\/9023","targetHints":{"allow":["GET"]}}],"collection":[{"href":"https:\/\/www.onekidsplace.ca\/fr\/wp-json\/wp\/v2\/pages"}],"about":[{"href":"https:\/\/www.onekidsplace.ca\/fr\/wp-json\/wp\/v2\/types\/page"}],"author":[{"embeddable":true,"href":"https:\/\/www.onekidsplace.ca\/fr\/wp-json\/wp\/v2\/users\/2"}],"replies":[{"embeddable":true,"href":"https:\/\/www.onekidsplace.ca\/fr\/wp-json\/wp\/v2\/comments?post=9023"}],"version-history":[{"count":6,"href":"https:\/\/www.onekidsplace.ca\/fr\/wp-json\/wp\/v2\/pages\/9023\/revisions"}],"predecessor-version":[{"id":10822,"href":"https:\/\/www.onekidsplace.ca\/fr\/wp-json\/wp\/v2\/pages\/9023\/revisions\/10822"}],"wp:attachment":[{"href":"https:\/\/www.onekidsplace.ca\/fr\/wp-json\/wp\/v2\/media?parent=9023"}],"wp:term":[{"taxonomy":"category","embeddable":true,"href":"https:\/\/www.onekidsplace.ca\/fr\/wp-json\/wp\/v2\/categories?post=9023"},{"taxonomy":"post_tag","embeddable":true,"href":"https:\/\/www.onekidsplace.ca\/fr\/wp-json\/wp\/v2\/tags?post=9023"}],"curies":[{"name":"wp","href":"https:\/\/api.w.org\/{rel}","templated":true}]}}