{"id":9019,"date":"2021-10-21T22:49:53","date_gmt":"2021-10-22T02:49:53","guid":{"rendered":"https:\/\/www.onekidsplace.ca\/programme-de-depistage-neonatal-des-troubles-auditifs-et-dintervention-precoce\/"},"modified":"2023-08-04T00:51:16","modified_gmt":"2023-08-04T04:51:16","slug":"programme-de-depistage-neonatal-des-troubles-auditifs-et-dintervention-precoce","status":"publish","type":"page","link":"https:\/\/www.onekidsplace.ca\/fr\/programme-de-depistage-neonatal-des-troubles-auditifs-et-dintervention-precoce\/","title":{"rendered":"Programme de d\u00e9pistage n\u00e9onatal des troubles auditifs et d\u2019intervention pr\u00e9coce"},"content":{"rendered":"<p>[et_pb_section fb_built=\u00a0\u00bb1&Prime; custom_padding_last_edited=\u00a0\u00bbon|desktop\u00a0\u00bb _builder_version=\u00a0\u00bb4.14.7&Prime; _module_preset=\u00a0\u00bbdefault\u00a0\u00bb background_color=\u00a0\u00bb#005e9e\u00a0\u00bb background_color_gradient_start=\u00a0\u00bbrgba(10,10,10,0.08)\u00a0\u00bb background_color_gradient_end=\u00a0\u00bbrgba(10,10,10,0.08)\u00a0\u00bb background_enable_image=\u00a0\u00bboff\u00a0\u00bb parallax=\u00a0\u00bbon\u00a0\u00bb custom_padding=\u00a0\u00bb10px||10px||true|false\u00a0\u00bb custom_padding_tablet=\u00a0\u00bb\u00a0\u00bb custom_padding_phone=\u00a0\u00bb\u00a0\u00bb locked=\u00a0\u00bboff\u00a0\u00bb global_colors_info=\u00a0\u00bb{}\u00a0\u00bb da_is_popup=\u00a0\u00bboff\u00a0\u00bb da_exit_intent=\u00a0\u00bboff\u00a0\u00bb da_has_close=\u00a0\u00bbon\u00a0\u00bb da_alt_close=\u00a0\u00bboff\u00a0\u00bb da_dark_close=\u00a0\u00bboff\u00a0\u00bb da_not_modal=\u00a0\u00bbon\u00a0\u00bb da_is_singular=\u00a0\u00bboff\u00a0\u00bb da_with_loader=\u00a0\u00bboff\u00a0\u00bb da_has_shadow=\u00a0\u00bbon\u00a0\u00bb da_disable_devices=\u00a0\u00bboff|off|off\u00a0\u00bb][et_pb_row use_custom_gutter=\u00a0\u00bbon\u00a0\u00bb gutter_width=\u00a0\u00bb1&Prime; make_equal=\u00a0\u00bbon\u00a0\u00bb custom_padding_last_edited=\u00a0\u00bbon|desktop\u00a0\u00bb _builder_version=\u00a0\u00bb4.14.7&Prime; _module_preset=\u00a0\u00bbdefault\u00a0\u00bb background_enable_color=\u00a0\u00bboff\u00a0\u00bb custom_margin=\u00a0\u00bb||||false|false\u00a0\u00bb custom_margin_tablet=\u00a0\u00bb||||false|false\u00a0\u00bb custom_margin_phone=\u00a0\u00bb||||false|false\u00a0\u00bb custom_margin_last_edited=\u00a0\u00bbon|desktop\u00a0\u00bb custom_padding=\u00a0\u00bb0px||10px||false|false\u00a0\u00bb custom_padding_tablet=\u00a0\u00bb0px||0px||true|false\u00a0\u00bb custom_padding_phone=\u00a0\u00bb0px||0px||true|false\u00a0\u00bb custom_css_main_element=\u00a0\u00bbalign-items:center;\u00a0\u00bb global_colors_info=\u00a0\u00bb{}\u00a0\u00bb][et_pb_column type=\u00a0\u00bb4_4&Prime; _builder_version=\u00a0\u00bb4.14.7&Prime; _module_preset=\u00a0\u00bbdefault\u00a0\u00bb background_enable_color=\u00a0\u00bboff\u00a0\u00bb custom_padding=\u00a0\u00bb10px|0px|10px|0px|true|true\u00a0\u00bb custom_padding_tablet=\u00a0\u00bb\u00a0\u00bb custom_padding_phone=\u00a0\u00bb\u00a0\u00bb custom_padding_last_edited=\u00a0\u00bbon|desktop\u00a0\u00bb global_colors_info=\u00a0\u00bb{}\u00a0\u00bb][et_pb_text _builder_version=\u00a0\u00bb4.14.7&Prime; _module_preset=\u00a0\u00bbdefault\u00a0\u00bb header_font=\u00a0\u00bbNunito Sans|800|||||||\u00a0\u00bb header_text_align=\u00a0\u00bbcenter\u00a0\u00bb header_text_color=\u00a0\u00bb#ffffff\u00a0\u00bb header_font_size=\u00a0\u00bb40px\u00a0\u00bb header_line_height=\u00a0\u00bb1.3em\u00a0\u00bb custom_margin=\u00a0\u00bb||||false|false\u00a0\u00bb custom_margin_tablet=\u00a0\u00bb-20px||||false|false\u00a0\u00bb custom_margin_phone=\u00a0\u00bb\u00a0\u00bb custom_margin_last_edited=\u00a0\u00bbon|phone\u00a0\u00bb custom_padding=\u00a0\u00bb20px||||false|false\u00a0\u00bb custom_padding_tablet=\u00a0\u00bb30px||||false|false\u00a0\u00bb custom_padding_phone=\u00a0\u00bb40px||10px||false|false\u00a0\u00bb custom_padding_last_edited=\u00a0\u00bbon|desktop\u00a0\u00bb header_text_align_tablet=\u00a0\u00bbcenter\u00a0\u00bb header_text_align_phone=\u00a0\u00bbcenter\u00a0\u00bb header_text_align_last_edited=\u00a0\u00bbon|tablet\u00a0\u00bb header_font_size_tablet=\u00a0\u00bb\u00a0\u00bb header_font_size_phone=\u00a0\u00bb30px\u00a0\u00bb header_font_size_last_edited=\u00a0\u00bbon|desktop\u00a0\u00bb header_text_shadow_style=\u00a0\u00bbpreset2&Prime; header_text_shadow_color=\u00a0\u00bbrgba(0,0,0,0.18)\u00a0\u00bb global_colors_info=\u00a0\u00bb{}\u00a0\u00bb]<\/p>\n<h1>Programme de d\u00e9pistage n\u00e9onatal des troubles auditifs et d\u2019intervention pr\u00e9coce<\/h1>\n<p>[\/et_pb_text][\/et_pb_column][\/et_pb_row][\/et_pb_section][et_pb_section fb_built=\u00a0\u00bb1&Prime; _builder_version=\u00a0\u00bb4.10.6&Prime; _module_preset=\u00a0\u00bbdefault\u00a0\u00bb global_colors_info=\u00a0\u00bb{}\u00a0\u00bb da_is_popup=\u00a0\u00bboff\u00a0\u00bb da_exit_intent=\u00a0\u00bboff\u00a0\u00bb da_has_close=\u00a0\u00bbon\u00a0\u00bb da_alt_close=\u00a0\u00bboff\u00a0\u00bb da_dark_close=\u00a0\u00bboff\u00a0\u00bb da_not_modal=\u00a0\u00bbon\u00a0\u00bb da_is_singular=\u00a0\u00bboff\u00a0\u00bb da_with_loader=\u00a0\u00bboff\u00a0\u00bb da_has_shadow=\u00a0\u00bbon\u00a0\u00bb da_disable_devices=\u00a0\u00bboff|off|off\u00a0\u00bb][et_pb_row _builder_version=\u00a0\u00bb4.10.6&Prime; _module_preset=\u00a0\u00bbdefault\u00a0\u00bb global_colors_info=\u00a0\u00bb{}\u00a0\u00bb][et_pb_column type=\u00a0\u00bb4_4&Prime; _builder_version=\u00a0\u00bb4.10.6&Prime; _module_preset=\u00a0\u00bbdefault\u00a0\u00bb global_colors_info=\u00a0\u00bb{}\u00a0\u00bb][et_pb_text _builder_version=\u00a0\u00bb4.14.7&Prime; _module_preset=\u00a0\u00bbdefault\u00a0\u00bb text_font=\u00a0\u00bb|600|||||||\u00a0\u00bb text_text_color=\u00a0\u00bb#2E3E47&Prime; text_font_size=\u00a0\u00bb18px\u00a0\u00bb background_layout=\u00a0\u00bbdark\u00a0\u00bb text_orientation_tablet=\u00a0\u00bbcenter\u00a0\u00bb text_orientation_phone=\u00a0\u00bbcenter\u00a0\u00bb text_orientation_last_edited=\u00a0\u00bbon|phone\u00a0\u00bb global_colors_info=\u00a0\u00bb{}\u00a0\u00bb]<\/p>\n<p>Le Programme de d\u00e9pistage n\u00e9onatal des troubles auditifs et d\u2019intervention pr\u00e9coce fournit un soutien dans les domaines de la parole et du langage pour les enfants ayant une perte auditive permanente. Le programme est offert dans le Nord-Est de l\u2019Ontario et \u00e0 Simcoe, Muskoka et Parry Sound.<\/p>\n<p>[\/et_pb_text][et_pb_text _builder_version=\u00a0\u00bb4.10.6&Prime; _module_preset=\u00a0\u00bbdefault\u00a0\u00bb global_colors_info=\u00a0\u00bb{}\u00a0\u00bb]<\/p>\n<p>Le <strong>Programme de d\u00e9pistage n\u00e9onatal des troubles auditifs et d\u2019intervention pr\u00e9coce<\/strong> comprend tout un \u00e9ventail de services pour les enfants et les familles :<\/p>\n<ul>\n<li>Cliniques communautaires de d\u00e9pistage en deux \u00e9tapes du Programme de d\u00e9pistage n\u00e9onatal des troubles auditifs et d\u2019intervention pr\u00e9coce du Nord-Est de l\u2019Ontario (dans les districts de Nipissing et de Timiskaming)<\/li>\n<li>Travail social : soutien, conseils et consultations avec d\u2019autres fournisseurs de services<\/li>\n<li>Orthophonie : th\u00e9rapie auditive et verbale, th\u00e9rapie de la parole et du langage<\/li>\n<li>Interventions dans le cadre du Programme de services de r\u00e9\u00e9ducation de la parole et du langage pour les enfants d\u2019\u00e2ge pr\u00e9scolaire<\/li>\n<\/ul>\n<p>&nbsp;<\/p>\n<p>[\/et_pb_text][\/et_pb_column][\/et_pb_row][et_pb_row _builder_version=\u00a0\u00bb4.10.6&Prime; _module_preset=\u00a0\u00bbdefault\u00a0\u00bb global_colors_info=\u00a0\u00bb{}\u00a0\u00bb][et_pb_column type=\u00a0\u00bb4_4&Prime; _builder_version=\u00a0\u00bb4.10.6&Prime; _module_preset=\u00a0\u00bbdefault\u00a0\u00bb global_colors_info=\u00a0\u00bb{}\u00a0\u00bb][et_pb_text _builder_version=\u00a0\u00bb4.10.6&Prime; _module_preset=\u00a0\u00bbdefault\u00a0\u00bb header_2_font=\u00a0\u00bb|700|||||||\u00a0\u00bb header_2_text_color=\u00a0\u00bb#005e9e\u00a0\u00bb header_3_font=\u00a0\u00bb|700|||||||\u00a0\u00bb header_3_text_color=\u00a0\u00bb#005e9e\u00a0\u00bb header_3_font_size=\u00a0\u00bb26px\u00a0\u00bb global_colors_info=\u00a0\u00bb{}\u00a0\u00bb]<\/p>\n<h2>\u00c0 propos des services<\/h2>\n<p>[\/et_pb_text][et_pb_text _builder_version=\u00a0\u00bb4.10.6&Prime; _module_preset=\u00a0\u00bbdefault\u00a0\u00bb global_colors_info=\u00a0\u00bb{}\u00a0\u00bb]<\/p>\n<p><strong>L\u2019\u00e9quipe<\/strong> se compose d\u2019orthophonistes, de travailleuses sociales et travailleurs sociaux et d\u2019assistantes et assistants en troubles de la communication et en orthophonie.<\/p>\n<p>[\/et_pb_text][\/et_pb_column][\/et_pb_row][et_pb_row _builder_version=\u00a0\u00bb4.10.6&Prime; _module_preset=\u00a0\u00bbdefault\u00a0\u00bb global_colors_info=\u00a0\u00bb{}\u00a0\u00bb][et_pb_column type=\u00a0\u00bb4_4&Prime; _builder_version=\u00a0\u00bb4.10.6&Prime; _module_preset=\u00a0\u00bbdefault\u00a0\u00bb global_colors_info=\u00a0\u00bb{}\u00a0\u00bb][et_pb_text _builder_version=\u00a0\u00bb4.10.6&Prime; _module_preset=\u00a0\u00bbdefault\u00a0\u00bb header_2_font=\u00a0\u00bb|700|||||||\u00a0\u00bb header_2_text_color=\u00a0\u00bb#005e9e\u00a0\u00bb header_3_font=\u00a0\u00bb|700|||||||\u00a0\u00bb header_3_text_color=\u00a0\u00bb#005e9e\u00a0\u00bb header_3_font_size=\u00a0\u00bb26px\u00a0\u00bb global_colors_info=\u00a0\u00bb{}\u00a0\u00bb]<\/p>\n<h3>Admissibilit\u00e9<\/h3>\n<p>[\/et_pb_text][et_pb_text _builder_version=\u00a0\u00bb4.10.6&Prime; _module_preset=\u00a0\u00bbdefault\u00a0\u00bb link_font=\u00a0\u00bb|600||||||#594B6A|\u00a0\u00bb link_text_color=\u00a0\u00bb#594b6a\u00a0\u00bb global_colors_info=\u00a0\u00bb{}\u00a0\u00bb]<\/p>\n<p>Les services sont offerts aux enfants et aux jeunes jusqu\u2019\u00e0 l\u2019\u00e2ge de 7 ans qui r\u00e9sident dans le district de Muskoka, de Nipissing ou de Parry Sound et qui ont une perte auditive permanente.<\/p>\n<p>[\/et_pb_text][\/et_pb_column][\/et_pb_row][\/et_pb_section][et_pb_section fb_built=\u00a0\u00bb1&Prime; _builder_version=\u00a0\u00bb4.10.6&Prime; _module_preset=\u00a0\u00bbdefault\u00a0\u00bb background_color=\u00a0\u00bb#e3eaf4&Prime; global_colors_info=\u00a0\u00bb{}\u00a0\u00bb da_is_popup=\u00a0\u00bboff\u00a0\u00bb da_exit_intent=\u00a0\u00bboff\u00a0\u00bb da_has_close=\u00a0\u00bbon\u00a0\u00bb da_alt_close=\u00a0\u00bboff\u00a0\u00bb da_dark_close=\u00a0\u00bboff\u00a0\u00bb da_not_modal=\u00a0\u00bbon\u00a0\u00bb da_is_singular=\u00a0\u00bboff\u00a0\u00bb da_with_loader=\u00a0\u00bboff\u00a0\u00bb da_has_shadow=\u00a0\u00bbon\u00a0\u00bb da_disable_devices=\u00a0\u00bboff|off|off\u00a0\u00bb][et_pb_row _builder_version=\u00a0\u00bb4.10.6&Prime; _module_preset=\u00a0\u00bbdefault\u00a0\u00bb global_colors_info=\u00a0\u00bb{}\u00a0\u00bb][et_pb_column type=\u00a0\u00bb4_4&Prime; _builder_version=\u00a0\u00bb4.10.6&Prime; _module_preset=\u00a0\u00bbdefault\u00a0\u00bb global_colors_info=\u00a0\u00bb{}\u00a0\u00bb][et_pb_text _builder_version=\u00a0\u00bb4.10.6&Prime; _module_preset=\u00a0\u00bbdefault\u00a0\u00bb header_2_font=\u00a0\u00bb|700|||||||\u00a0\u00bb header_2_text_color=\u00a0\u00bb#005e9e\u00a0\u00bb header_3_font=\u00a0\u00bb|700|||||||\u00a0\u00bb header_3_text_color=\u00a0\u00bb#005e9e\u00a0\u00bb header_3_font_size=\u00a0\u00bb26px\u00a0\u00bb global_colors_info=\u00a0\u00bb{}\u00a0\u00bb]<\/p>\n<h3>Demande de services<\/h3>\n<p>[\/et_pb_text][et_pb_text _builder_version=\u00a0\u00bb4.10.6&Prime; _module_preset=\u00a0\u00bbdefault\u00a0\u00bb link_font=\u00a0\u00bb|600||||||#594B6A|\u00a0\u00bb link_text_color=\u00a0\u00bb#594b6a\u00a0\u00bb global_colors_info=\u00a0\u00bb{}\u00a0\u00bb]<\/p>\n<p>Le Centre r\u00e9gional de sant\u00e9 de North Bay (CRSNB) est l\u2019organisme responsable du Programme de d\u00e9pistage n\u00e9onatal des troubles auditifs et d\u2019intervention pr\u00e9coce du Nord-Est de l\u2019Ontario. Le CRSNB est la source des demandes de services. Ce programme fait partie du programme provincial de d\u00e9pistage n\u00e9onatal des troubles auditifs et d\u2019intervention pr\u00e9coce.<\/p>\n<p><strong>La Place des enfants re\u00e7oit les demandes pour le Nord-Est de l\u2019Ontario.<\/strong><\/p>\n<p>Pour les enfants qui r\u00e9sident :<\/p>\n<p><u>\u00c0 Nipissing ou Timiskaming<\/u>, veuillez contacter :<\/p>\n<p>[\/et_pb_text][dsm_icon_list icon_color=\u00a0\u00bb#005e9e\u00a0\u00bb icon_background_color=\u00a0\u00bbRGBA(0,0,0,0)\u00a0\u00bb icon_padding=\u00a0\u00bb5px\u00a0\u00bb icon_font_size=\u00a0\u00bb18px\u00a0\u00bb text_indent=\u00a0\u00bb8px\u00a0\u00bb _builder_version=\u00a0\u00bb4.14.9&Prime; _module_preset=\u00a0\u00bbdefault\u00a0\u00bb text_font=\u00a0\u00bb|600|||||||\u00a0\u00bb text_text_color=\u00a0\u00bb#2E3E47&Prime; global_colors_info=\u00a0\u00bb{}\u00a0\u00bb][dsm_icon_list_child text=\u00a0\u00bbJeux de mots 1-705-522-6655&Prime; font_icon=\u00a0\u00bb&#xe090;||divi||400&Prime; url=\u00a0\u00bbtel:1-705-522-6655&Prime; _builder_version=\u00a0\u00bb4.10.6&Prime; _module_preset=\u00a0\u00bbdefault\u00a0\u00bb global_colors_info=\u00a0\u00bb{}\u00a0\u00bb][\/dsm_icon_list_child][dsm_icon_list_child text=\u00a0\u00bbnbrhc.on.ca\/fr\u00a0\u00bb font_icon=\u00a0\u00bb&#xe0e3;||divi||400&Prime; url=\u00a0\u00bbhttp:\/\/nbrhc.on.ca\/programs-services\/mental-health-programs-services\/wordplay-jeux-de-mots\/\u00a0\u00bb url_new_window=\u00a0\u00bbon\u00a0\u00bb _builder_version=\u00a0\u00bb4.14.9&Prime; _module_preset=\u00a0\u00bbdefault\u00a0\u00bb global_colors_info=\u00a0\u00bb{}\u00a0\u00bb][\/dsm_icon_list_child][\/dsm_icon_list][et_pb_text _builder_version=\u00a0\u00bb4.10.6&Prime; _module_preset=\u00a0\u00bbdefault\u00a0\u00bb link_font=\u00a0\u00bb|600||||||#594B6A|\u00a0\u00bb link_text_color=\u00a0\u00bb#594b6a\u00a0\u00bb global_colors_info=\u00a0\u00bb{}\u00a0\u00bb]<\/p>\n<p><u>\u00c0 Simcoe, Muskoka ou Parry Sound<\/u>, veuillez contacter :<\/p>\n<p>[\/et_pb_text][dsm_icon_list icon_color=\u00a0\u00bb#005e9e\u00a0\u00bb icon_background_color=\u00a0\u00bbRGBA(0,0,0,0)\u00a0\u00bb icon_padding=\u00a0\u00bb5px\u00a0\u00bb icon_font_size=\u00a0\u00bb18px\u00a0\u00bb text_indent=\u00a0\u00bb8px\u00a0\u00bb _builder_version=\u00a0\u00bb4.14.9&Prime; _module_preset=\u00a0\u00bbdefault\u00a0\u00bb text_font=\u00a0\u00bb|600|||||||\u00a0\u00bb text_text_color=\u00a0\u00bb#2E3E47&Prime; hover_enabled=\u00a0\u00bb0&Prime; global_colors_info=\u00a0\u00bb{}\u00a0\u00bb sticky_enabled=\u00a0\u00bb0&Prime;][dsm_icon_list_child text=\u00a0\u00bbRoyal Victoria Regional Health Centre, Infant Hearing Program 1-705-728-9090&Prime; font_icon=\u00a0\u00bb&#xe090;||divi||400&Prime; url=\u00a0\u00bbtel:1-705-728-9090&Prime; _builder_version=\u00a0\u00bb4.14.9&Prime; _module_preset=\u00a0\u00bbdefault\u00a0\u00bb hover_enabled=\u00a0\u00bb0&Prime; global_colors_info=\u00a0\u00bb{}\u00a0\u00bb sticky_enabled=\u00a0\u00bb0&Prime;][\/dsm_icon_list_child][dsm_icon_list_child text=\u00a0\u00bbrvh.on.ca\u00a0\u00bb font_icon=\u00a0\u00bb&#xe0e3;||divi||400&Prime; url=\u00a0\u00bbhttps:\/\/www.rvh.on.ca\/speecha-nd-hearing-2011-006\/\u00a0\u00bb url_new_window=\u00a0\u00bbon\u00a0\u00bb _builder_version=\u00a0\u00bb4.14.9&Prime; _module_preset=\u00a0\u00bbdefault\u00a0\u00bb global_colors_info=\u00a0\u00bb{}\u00a0\u00bb][\/dsm_icon_list_child][\/dsm_icon_list][\/et_pb_column][\/et_pb_row][\/et_pb_section]<\/p>\n","protected":false},"excerpt":{"rendered":"<p>Programme de d\u00e9pistage n\u00e9onatal des troubles auditifs et d\u2019intervention pr\u00e9coceLe Programme de d\u00e9pistage n\u00e9onatal des troubles auditifs et d\u2019intervention pr\u00e9coce fournit un soutien dans les domaines de la parole et du langage pour les enfants ayant une perte auditive permanente. Le programme est offert dans le Nord-Est de l\u2019Ontario et \u00e0 Simcoe, Muskoka et Parry Sound.Le Programme de d\u00e9pistage n\u00e9onatal des troubles auditifs et d\u2019intervention pr\u00e9coce comprend tout un \u00e9ventail de services pour les enfants et les familles : Cliniques communautaires de d\u00e9pistage en deux \u00e9tapes du Programme de d\u00e9pistage n\u00e9onatal des troubles auditifs et d\u2019intervention pr\u00e9coce du Nord-Est de l\u2019Ontario (dans les districts de Nipissing et de Timiskaming) Travail social : soutien, conseils et consultations avec d\u2019autres fournisseurs de services Orthophonie : th\u00e9rapie auditive et verbale, th\u00e9rapie de la parole et du langage Interventions dans le cadre du Programme de services de r\u00e9\u00e9ducation de la parole et du langage pour les enfants d\u2019\u00e2ge pr\u00e9scolaire &nbsp;\u00c0 propos des servicesL\u2019\u00e9quipe se compose d\u2019orthophonistes, de travailleuses sociales et travailleurs sociaux et d\u2019assistantes et assistants en troubles de la communication et en orthophonie.Admissibilit\u00e9Les services sont offerts aux enfants et aux jeunes jusqu\u2019\u00e0 l\u2019\u00e2ge de 7 ans qui r\u00e9sident dans le district de Muskoka, [&hellip;]<\/p>\n","protected":false},"author":2,"featured_media":0,"parent":0,"menu_order":0,"comment_status":"closed","ping_status":"closed","template":"","meta":{"_et_pb_use_builder":"on","_et_pb_old_content":"","_et_gb_content_width":"","_price":"","_stock":"","_tribe_ticket_header":"","_tribe_default_ticket_provider":"","_tribe_ticket_capacity":"0","_ticket_start_date":"","_ticket_end_date":"","_tribe_ticket_show_description":"","_tribe_ticket_show_not_going":false,"_tribe_ticket_use_global_stock":"","_tribe_ticket_global_stock_level":"","_global_stock_mode":"","_global_stock_cap":"","_tribe_rsvp_for_event":"","_tribe_ticket_going_count":"","_tribe_ticket_not_going_count":"","_tribe_tickets_list":"[]","_tribe_ticket_has_attendee_info_fields":false,"footnotes":"","_tec_slr_enabled":"","_tec_slr_layout":""},"categories":[],"tags":[],"class_list":["post-9019","page","type-page","status-publish","hentry"],"yoast_head":"<!-- This site is optimized with the Yoast SEO plugin v27.4 - https:\/\/yoast.com\/product\/yoast-seo-wordpress\/ -->\n<title>Programme de d\u00e9pistage n\u00e9onatal des troubles auditifs et d\u2019intervention pr\u00e9coce - One Kids Place<\/title>\n<meta name=\"robots\" content=\"index, follow, max-snippet:-1, max-image-preview:large, max-video-preview:-1\" \/>\n<link rel=\"canonical\" href=\"https:\/\/www.onekidsplace.ca\/infant-hearing-program\/\" \/>\n<meta property=\"og:locale\" content=\"fr_FR\" \/>\n<meta property=\"og:type\" content=\"article\" \/>\n<meta property=\"og:title\" content=\"Programme de d\u00e9pistage n\u00e9onatal des troubles auditifs et d\u2019intervention pr\u00e9coce - One Kids Place\" \/>\n<meta property=\"og:description\" content=\"Programme de d\u00e9pistage n\u00e9onatal des troubles auditifs et d\u2019intervention pr\u00e9coceLe Programme de d\u00e9pistage n\u00e9onatal des troubles auditifs et d\u2019intervention pr\u00e9coce fournit un soutien dans les domaines de la parole et du langage pour les enfants ayant une perte auditive permanente. Le programme est offert dans le Nord-Est de l\u2019Ontario et \u00e0 Simcoe, Muskoka et Parry Sound.Le Programme de d\u00e9pistage n\u00e9onatal des troubles auditifs et d\u2019intervention pr\u00e9coce comprend tout un \u00e9ventail de services pour les enfants et les familles : Cliniques communautaires de d\u00e9pistage en deux \u00e9tapes du Programme de d\u00e9pistage n\u00e9onatal des troubles auditifs et d\u2019intervention pr\u00e9coce du Nord-Est de l\u2019Ontario (dans les districts de Nipissing et de Timiskaming) Travail social : soutien, conseils et consultations avec d\u2019autres fournisseurs de services Orthophonie : th\u00e9rapie auditive et verbale, th\u00e9rapie de la parole et du langage Interventions dans le cadre du Programme de services de r\u00e9\u00e9ducation de la parole et du langage pour les enfants d\u2019\u00e2ge pr\u00e9scolaire &nbsp;\u00c0 propos des servicesL\u2019\u00e9quipe se compose d\u2019orthophonistes, de travailleuses sociales et travailleurs sociaux et d\u2019assistantes et assistants en troubles de la communication et en orthophonie.Admissibilit\u00e9Les services sont offerts aux enfants et aux jeunes jusqu\u2019\u00e0 l\u2019\u00e2ge de 7 ans qui r\u00e9sident dans le district de Muskoka, [&hellip;]\" \/>\n<meta property=\"og:url\" content=\"https:\/\/www.onekidsplace.ca\/infant-hearing-program\/\" \/>\n<meta property=\"og:site_name\" content=\"One Kids Place\" \/>\n<meta property=\"article:modified_time\" content=\"2023-08-04T04:51:16+00:00\" \/>\n<meta name=\"twitter:card\" content=\"summary_large_image\" \/>\n<meta name=\"twitter:label1\" content=\"Dur\u00e9e de lecture estim\u00e9e\" \/>\n\t<meta name=\"twitter:data1\" content=\"7 minutes\" \/>\n<script type=\"application\/ld+json\" class=\"yoast-schema-graph\">{\"@context\":\"https:\\\/\\\/schema.org\",\"@graph\":[{\"@type\":\"WebPage\",\"@id\":\"https:\\\/\\\/www.onekidsplace.ca\\\/infant-hearing-program\\\/\",\"url\":\"https:\\\/\\\/www.onekidsplace.ca\\\/infant-hearing-program\\\/\",\"name\":\"Programme de d\u00e9pistage n\u00e9onatal des troubles auditifs et d\u2019intervention pr\u00e9coce - One Kids Place\",\"isPartOf\":{\"@id\":\"https:\\\/\\\/www.onekidsplace.ca\\\/#website\"},\"datePublished\":\"2021-10-22T02:49:53+00:00\",\"dateModified\":\"2023-08-04T04:51:16+00:00\",\"breadcrumb\":{\"@id\":\"https:\\\/\\\/www.onekidsplace.ca\\\/infant-hearing-program\\\/#breadcrumb\"},\"inLanguage\":\"fr-FR\",\"potentialAction\":[{\"@type\":\"ReadAction\",\"target\":[\"https:\\\/\\\/www.onekidsplace.ca\\\/infant-hearing-program\\\/\"]}]},{\"@type\":\"BreadcrumbList\",\"@id\":\"https:\\\/\\\/www.onekidsplace.ca\\\/infant-hearing-program\\\/#breadcrumb\",\"itemListElement\":[{\"@type\":\"ListItem\",\"position\":1,\"name\":\"Home\",\"item\":\"https:\\\/\\\/www.onekidsplace.ca\\\/\"},{\"@type\":\"ListItem\",\"position\":2,\"name\":\"Programme de d\u00e9pistage n\u00e9onatal des troubles auditifs et d\u2019intervention pr\u00e9coce\"}]},{\"@type\":\"WebSite\",\"@id\":\"https:\\\/\\\/www.onekidsplace.ca\\\/#website\",\"url\":\"https:\\\/\\\/www.onekidsplace.ca\\\/\",\"name\":\"One Kids Place\",\"description\":\"Children&#039;s Treatment Centre\",\"potentialAction\":[{\"@type\":\"SearchAction\",\"target\":{\"@type\":\"EntryPoint\",\"urlTemplate\":\"https:\\\/\\\/www.onekidsplace.ca\\\/?s={search_term_string}\"},\"query-input\":{\"@type\":\"PropertyValueSpecification\",\"valueRequired\":true,\"valueName\":\"search_term_string\"}}],\"inLanguage\":\"fr-FR\"}]}<\/script>\n<!-- \/ Yoast SEO plugin. -->","yoast_head_json":{"title":"Programme de d\u00e9pistage n\u00e9onatal des troubles auditifs et d\u2019intervention pr\u00e9coce - One Kids Place","robots":{"index":"index","follow":"follow","max-snippet":"max-snippet:-1","max-image-preview":"max-image-preview:large","max-video-preview":"max-video-preview:-1"},"canonical":"https:\/\/www.onekidsplace.ca\/infant-hearing-program\/","og_locale":"fr_FR","og_type":"article","og_title":"Programme de d\u00e9pistage n\u00e9onatal des troubles auditifs et d\u2019intervention pr\u00e9coce - One Kids Place","og_description":"Programme de d\u00e9pistage n\u00e9onatal des troubles auditifs et d\u2019intervention pr\u00e9coceLe Programme de d\u00e9pistage n\u00e9onatal des troubles auditifs et d\u2019intervention pr\u00e9coce fournit un soutien dans les domaines de la parole et du langage pour les enfants ayant une perte auditive permanente. Le programme est offert dans le Nord-Est de l\u2019Ontario et \u00e0 Simcoe, Muskoka et Parry Sound.Le Programme de d\u00e9pistage n\u00e9onatal des troubles auditifs et d\u2019intervention pr\u00e9coce comprend tout un \u00e9ventail de services pour les enfants et les familles : Cliniques communautaires de d\u00e9pistage en deux \u00e9tapes du Programme de d\u00e9pistage n\u00e9onatal des troubles auditifs et d\u2019intervention pr\u00e9coce du Nord-Est de l\u2019Ontario (dans les districts de Nipissing et de Timiskaming) Travail social : soutien, conseils et consultations avec d\u2019autres fournisseurs de services Orthophonie : th\u00e9rapie auditive et verbale, th\u00e9rapie de la parole et du langage Interventions dans le cadre du Programme de services de r\u00e9\u00e9ducation de la parole et du langage pour les enfants d\u2019\u00e2ge pr\u00e9scolaire &nbsp;\u00c0 propos des servicesL\u2019\u00e9quipe se compose d\u2019orthophonistes, de travailleuses sociales et travailleurs sociaux et d\u2019assistantes et assistants en troubles de la communication et en orthophonie.Admissibilit\u00e9Les services sont offerts aux enfants et aux jeunes jusqu\u2019\u00e0 l\u2019\u00e2ge de 7 ans qui r\u00e9sident dans le district de Muskoka, [&hellip;]","og_url":"https:\/\/www.onekidsplace.ca\/infant-hearing-program\/","og_site_name":"One Kids Place","article_modified_time":"2023-08-04T04:51:16+00:00","twitter_card":"summary_large_image","twitter_misc":{"Dur\u00e9e de lecture estim\u00e9e":"7 minutes"},"schema":{"@context":"https:\/\/schema.org","@graph":[{"@type":"WebPage","@id":"https:\/\/www.onekidsplace.ca\/infant-hearing-program\/","url":"https:\/\/www.onekidsplace.ca\/infant-hearing-program\/","name":"Programme de d\u00e9pistage n\u00e9onatal des troubles auditifs et d\u2019intervention pr\u00e9coce - One Kids Place","isPartOf":{"@id":"https:\/\/www.onekidsplace.ca\/#website"},"datePublished":"2021-10-22T02:49:53+00:00","dateModified":"2023-08-04T04:51:16+00:00","breadcrumb":{"@id":"https:\/\/www.onekidsplace.ca\/infant-hearing-program\/#breadcrumb"},"inLanguage":"fr-FR","potentialAction":[{"@type":"ReadAction","target":["https:\/\/www.onekidsplace.ca\/infant-hearing-program\/"]}]},{"@type":"BreadcrumbList","@id":"https:\/\/www.onekidsplace.ca\/infant-hearing-program\/#breadcrumb","itemListElement":[{"@type":"ListItem","position":1,"name":"Home","item":"https:\/\/www.onekidsplace.ca\/"},{"@type":"ListItem","position":2,"name":"Programme de d\u00e9pistage n\u00e9onatal des troubles auditifs et d\u2019intervention pr\u00e9coce"}]},{"@type":"WebSite","@id":"https:\/\/www.onekidsplace.ca\/#website","url":"https:\/\/www.onekidsplace.ca\/","name":"One Kids Place","description":"Children&#039;s Treatment Centre","potentialAction":[{"@type":"SearchAction","target":{"@type":"EntryPoint","urlTemplate":"https:\/\/www.onekidsplace.ca\/?s={search_term_string}"},"query-input":{"@type":"PropertyValueSpecification","valueRequired":true,"valueName":"search_term_string"}}],"inLanguage":"fr-FR"}]}},"ticketed":false,"_links":{"self":[{"href":"https:\/\/www.onekidsplace.ca\/fr\/wp-json\/wp\/v2\/pages\/9019","targetHints":{"allow":["GET"]}}],"collection":[{"href":"https:\/\/www.onekidsplace.ca\/fr\/wp-json\/wp\/v2\/pages"}],"about":[{"href":"https:\/\/www.onekidsplace.ca\/fr\/wp-json\/wp\/v2\/types\/page"}],"author":[{"embeddable":true,"href":"https:\/\/www.onekidsplace.ca\/fr\/wp-json\/wp\/v2\/users\/2"}],"replies":[{"embeddable":true,"href":"https:\/\/www.onekidsplace.ca\/fr\/wp-json\/wp\/v2\/comments?post=9019"}],"version-history":[{"count":4,"href":"https:\/\/www.onekidsplace.ca\/fr\/wp-json\/wp\/v2\/pages\/9019\/revisions"}],"predecessor-version":[{"id":10824,"href":"https:\/\/www.onekidsplace.ca\/fr\/wp-json\/wp\/v2\/pages\/9019\/revisions\/10824"}],"wp:attachment":[{"href":"https:\/\/www.onekidsplace.ca\/fr\/wp-json\/wp\/v2\/media?parent=9019"}],"wp:term":[{"taxonomy":"category","embeddable":true,"href":"https:\/\/www.onekidsplace.ca\/fr\/wp-json\/wp\/v2\/categories?post=9019"},{"taxonomy":"post_tag","embeddable":true,"href":"https:\/\/www.onekidsplace.ca\/fr\/wp-json\/wp\/v2\/tags?post=9019"}],"curies":[{"name":"wp","href":"https:\/\/api.w.org\/{rel}","templated":true}]}}