{"id":9016,"date":"2021-10-22T05:01:48","date_gmt":"2021-10-22T09:01:48","guid":{"rendered":"https:\/\/www.onekidsplace.ca\/programme-dintervention-precoce-aupres-des-enfants-aveugles-ou-ayant-une-basse-vision\/"},"modified":"2023-08-04T00:51:47","modified_gmt":"2023-08-04T04:51:47","slug":"programme-dintervention-precoce-aupres-des-enfants-aveugles-ou-ayant-une-basse-vision","status":"publish","type":"page","link":"https:\/\/www.onekidsplace.ca\/fr\/programme-dintervention-precoce-aupres-des-enfants-aveugles-ou-ayant-une-basse-vision\/","title":{"rendered":"Programme d\u2019intervention pr\u00e9coce aupr\u00e8s des enfants aveugles ou ayant une basse vision"},"content":{"rendered":"<p>[et_pb_section fb_built=\u00a0\u00bb1&Prime; custom_padding_last_edited=\u00a0\u00bbon|desktop\u00a0\u00bb _builder_version=\u00a0\u00bb4.14.7&Prime; _module_preset=\u00a0\u00bbdefault\u00a0\u00bb background_color=\u00a0\u00bb#005e9e\u00a0\u00bb background_color_gradient_start=\u00a0\u00bbrgba(10,10,10,0.08)\u00a0\u00bb background_color_gradient_end=\u00a0\u00bbrgba(10,10,10,0.08)\u00a0\u00bb background_enable_image=\u00a0\u00bboff\u00a0\u00bb parallax=\u00a0\u00bbon\u00a0\u00bb custom_padding=\u00a0\u00bb10px||10px||true|false\u00a0\u00bb custom_padding_tablet=\u00a0\u00bb\u00a0\u00bb custom_padding_phone=\u00a0\u00bb\u00a0\u00bb locked=\u00a0\u00bboff\u00a0\u00bb global_colors_info=\u00a0\u00bb{}\u00a0\u00bb][et_pb_row use_custom_gutter=\u00a0\u00bbon\u00a0\u00bb gutter_width=\u00a0\u00bb1&Prime; make_equal=\u00a0\u00bbon\u00a0\u00bb custom_padding_last_edited=\u00a0\u00bbon|desktop\u00a0\u00bb _builder_version=\u00a0\u00bb4.14.7&Prime; _module_preset=\u00a0\u00bbdefault\u00a0\u00bb background_enable_color=\u00a0\u00bboff\u00a0\u00bb custom_margin=\u00a0\u00bb||||false|false\u00a0\u00bb custom_margin_tablet=\u00a0\u00bb||||false|false\u00a0\u00bb custom_margin_phone=\u00a0\u00bb||||false|false\u00a0\u00bb custom_margin_last_edited=\u00a0\u00bbon|desktop\u00a0\u00bb custom_padding=\u00a0\u00bb0px||10px||false|false\u00a0\u00bb custom_padding_tablet=\u00a0\u00bb0px||0px||true|false\u00a0\u00bb custom_padding_phone=\u00a0\u00bb0px||0px||true|false\u00a0\u00bb custom_css_main_element=\u00a0\u00bbalign-items:center;\u00a0\u00bb global_colors_info=\u00a0\u00bb{}\u00a0\u00bb][et_pb_column type=\u00a0\u00bb4_4&Prime; _builder_version=\u00a0\u00bb4.14.7&Prime; _module_preset=\u00a0\u00bbdefault\u00a0\u00bb background_enable_color=\u00a0\u00bboff\u00a0\u00bb custom_padding=\u00a0\u00bb10px|0px|10px|0px|true|true\u00a0\u00bb custom_padding_tablet=\u00a0\u00bb\u00a0\u00bb custom_padding_phone=\u00a0\u00bb\u00a0\u00bb custom_padding_last_edited=\u00a0\u00bbon|desktop\u00a0\u00bb global_colors_info=\u00a0\u00bb{}\u00a0\u00bb][et_pb_text _builder_version=\u00a0\u00bb4.14.7&Prime; _module_preset=\u00a0\u00bbdefault\u00a0\u00bb header_font=\u00a0\u00bbNunito Sans|800|||||||\u00a0\u00bb header_text_align=\u00a0\u00bbcenter\u00a0\u00bb header_text_color=\u00a0\u00bb#ffffff\u00a0\u00bb header_font_size=\u00a0\u00bb40px\u00a0\u00bb header_line_height=\u00a0\u00bb1.3em\u00a0\u00bb custom_margin=\u00a0\u00bb||||false|false\u00a0\u00bb custom_margin_tablet=\u00a0\u00bb-20px||||false|false\u00a0\u00bb custom_margin_phone=\u00a0\u00bb\u00a0\u00bb custom_margin_last_edited=\u00a0\u00bbon|phone\u00a0\u00bb custom_padding=\u00a0\u00bb20px||||false|false\u00a0\u00bb custom_padding_tablet=\u00a0\u00bb30px||||false|false\u00a0\u00bb custom_padding_phone=\u00a0\u00bb40px||10px||false|false\u00a0\u00bb custom_padding_last_edited=\u00a0\u00bbon|desktop\u00a0\u00bb header_text_align_tablet=\u00a0\u00bbcenter\u00a0\u00bb header_text_align_phone=\u00a0\u00bbcenter\u00a0\u00bb header_text_align_last_edited=\u00a0\u00bbon|tablet\u00a0\u00bb header_font_size_tablet=\u00a0\u00bb\u00a0\u00bb header_font_size_phone=\u00a0\u00bb30px\u00a0\u00bb header_font_size_last_edited=\u00a0\u00bbon|desktop\u00a0\u00bb header_text_shadow_style=\u00a0\u00bbpreset2&Prime; header_text_shadow_color=\u00a0\u00bbrgba(0,0,0,0.18)\u00a0\u00bb global_colors_info=\u00a0\u00bb{}\u00a0\u00bb]<\/p>\n<h1>Programme d\u2019intervention pr\u00e9coce aupr\u00e8s des enfants aveugles ou ayant une basse vision<\/h1>\n<p>[\/et_pb_text][\/et_pb_column][\/et_pb_row][\/et_pb_section][et_pb_section fb_built=\u00a0\u00bb1&Prime; _builder_version=\u00a0\u00bb4.10.6&Prime; _module_preset=\u00a0\u00bbdefault\u00a0\u00bb global_colors_info=\u00a0\u00bb{}\u00a0\u00bb][et_pb_row _builder_version=\u00a0\u00bb4.10.6&Prime; _module_preset=\u00a0\u00bbdefault\u00a0\u00bb global_colors_info=\u00a0\u00bb{}\u00a0\u00bb][et_pb_column type=\u00a0\u00bb4_4&Prime; _builder_version=\u00a0\u00bb4.10.6&Prime; _module_preset=\u00a0\u00bbdefault\u00a0\u00bb global_colors_info=\u00a0\u00bb{}\u00a0\u00bb][et_pb_text _builder_version=\u00a0\u00bb4.14.7&Prime; _module_preset=\u00a0\u00bbdefault\u00a0\u00bb text_font=\u00a0\u00bb|600|||||||\u00a0\u00bb text_text_color=\u00a0\u00bb#2E3E47&Prime; text_font_size=\u00a0\u00bb18px\u00a0\u00bb background_layout=\u00a0\u00bbdark\u00a0\u00bb text_orientation_tablet=\u00a0\u00bbcenter\u00a0\u00bb text_orientation_phone=\u00a0\u00bbcenter\u00a0\u00bb text_orientation_last_edited=\u00a0\u00bbon|phone\u00a0\u00bb global_colors_info=\u00a0\u00bb{}\u00a0\u00bb]<\/p>\n<p>Ce programme comprend les services d\u2019\u00e9valuation et d\u2019intervention pour les nourrissons et les enfants d\u2019\u00e2ge pr\u00e9scolaire qui sont aveugles ou qui ont une basse vision. Le diagnostic doit \u00eatre pos\u00e9 par un ophtalmologiste.<\/p>\n<p>[\/et_pb_text][et_pb_text _builder_version=\u00a0\u00bb4.10.6&Prime; _module_preset=\u00a0\u00bbdefault\u00a0\u00bb global_colors_info=\u00a0\u00bb{}\u00a0\u00bb]<\/p>\n<p>L\u2019\u00e9quipe de La Place des enfants travaille avec les partenaires suivants :<\/p>\n<ul>\n<li>Programme d\u2019intervention pr\u00e9coce aupr\u00e8s des enfants aveugles ou ayant une basse vision de Simcoe Muskoka Parry Sound<\/li>\n<li>Services de d\u00e9veloppement pour enfants du Centre r\u00e9gional de sant\u00e9 Royal Victoria<\/li>\n<li>Centre r\u00e9gional de sant\u00e9 de North Bay (districts de Nipissing et de Timiskaming)<\/li>\n<\/ul>\n<p>[\/et_pb_text][\/et_pb_column][\/et_pb_row][et_pb_row _builder_version=\u00a0\u00bb4.10.6&Prime; _module_preset=\u00a0\u00bbdefault\u00a0\u00bb global_colors_info=\u00a0\u00bb{}\u00a0\u00bb][et_pb_column type=\u00a0\u00bb4_4&Prime; _builder_version=\u00a0\u00bb4.10.6&Prime; _module_preset=\u00a0\u00bbdefault\u00a0\u00bb global_colors_info=\u00a0\u00bb{}\u00a0\u00bb][et_pb_text _builder_version=\u00a0\u00bb4.10.6&Prime; _module_preset=\u00a0\u00bbdefault\u00a0\u00bb header_2_font=\u00a0\u00bb|700|||||||\u00a0\u00bb header_2_text_color=\u00a0\u00bb#005e9e\u00a0\u00bb header_3_font=\u00a0\u00bb|700|||||||\u00a0\u00bb header_3_text_color=\u00a0\u00bb#005e9e\u00a0\u00bb header_3_font_size=\u00a0\u00bb26px\u00a0\u00bb global_colors_info=\u00a0\u00bb{}\u00a0\u00bb]<\/p>\n<h2>\u00c0 propos des services<\/h2>\n<p>[\/et_pb_text][et_pb_text _builder_version=\u00a0\u00bb4.10.6&Prime; _module_preset=\u00a0\u00bbdefault\u00a0\u00bb global_colors_info=\u00a0\u00bb{}\u00a0\u00bb]Le <strong>Programme d\u2019intervention pr\u00e9coce aupr\u00e8s des enfants aveugles ou ayant une basse vision<\/strong> fournit une vari\u00e9t\u00e9 de services de soutien aux familles :<\/p>\n<ul>\n<li>\u00c9valuation et intervention pour les nourrissons et les enfants d\u2019\u00e2ge pr\u00e9scolaire<\/li>\n<li>Intervention pour les enfants et les familles<\/li>\n<li>Consultation avec les services de garde d\u2019enfants<\/li>\n<\/ul>\n<p>L\u2019\u00e9quipe du <strong>Programme d\u2019intervention pr\u00e9coce aupr\u00e8s des enfants aveugles ou ayant une basse vision<\/strong> du Nord-Est de l\u2019Ontario collabore avec une travailleuse sociale ou un travailleur social de La Place des enfants pour aider les familles \u00e0 acc\u00e9der aux services[\/et_pb_text][\/et_pb_column][\/et_pb_row][et_pb_row _builder_version=\u00a0\u00bb4.10.6&Prime; _module_preset=\u00a0\u00bbdefault\u00a0\u00bb global_colors_info=\u00a0\u00bb{}\u00a0\u00bb][et_pb_column type=\u00a0\u00bb4_4&Prime; _builder_version=\u00a0\u00bb4.10.6&Prime; _module_preset=\u00a0\u00bbdefault\u00a0\u00bb global_colors_info=\u00a0\u00bb{}\u00a0\u00bb][et_pb_text _builder_version=\u00a0\u00bb4.10.6&Prime; _module_preset=\u00a0\u00bbdefault\u00a0\u00bb header_2_font=\u00a0\u00bb|700|||||||\u00a0\u00bb header_2_text_color=\u00a0\u00bb#005e9e\u00a0\u00bb header_3_font=\u00a0\u00bb|700|||||||\u00a0\u00bb header_3_text_color=\u00a0\u00bb#005e9e\u00a0\u00bb header_3_font_size=\u00a0\u00bb26px\u00a0\u00bb global_colors_info=\u00a0\u00bb{}\u00a0\u00bb]<\/p>\n<h3>Admissibilit\u00e9<\/h3>\n<p>[\/et_pb_text][et_pb_text _builder_version=\u00a0\u00bb4.14.8&Prime; _module_preset=\u00a0\u00bbdefault\u00a0\u00bb link_font=\u00a0\u00bb|600||||||#594B6A|\u00a0\u00bb link_text_color=\u00a0\u00bb#594b6a\u00a0\u00bb global_colors_info=\u00a0\u00bb{}\u00a0\u00bb]<\/p>\n<p>Les nourrissons et les enfants de 0 \u00e0 6 ans qui sont aveugles ou qui ont une basse vision selon le diagnostic d\u2019un ophtalmologiste sont admissibles au programme. L\u2019admission se fait en passant par le programme provincial.<\/p>\n<p>[\/et_pb_text][\/et_pb_column][\/et_pb_row][\/et_pb_section][et_pb_section fb_built=\u00a0\u00bb1&Prime; _builder_version=\u00a0\u00bb4.10.6&Prime; _module_preset=\u00a0\u00bbdefault\u00a0\u00bb background_color=\u00a0\u00bb#e3eaf4&Prime; global_colors_info=\u00a0\u00bb{}\u00a0\u00bb][et_pb_row _builder_version=\u00a0\u00bb4.10.6&Prime; _module_preset=\u00a0\u00bbdefault\u00a0\u00bb global_colors_info=\u00a0\u00bb{}\u00a0\u00bb][et_pb_column type=\u00a0\u00bb4_4&Prime; _builder_version=\u00a0\u00bb4.10.6&Prime; _module_preset=\u00a0\u00bbdefault\u00a0\u00bb global_colors_info=\u00a0\u00bb{}\u00a0\u00bb][et_pb_text _builder_version=\u00a0\u00bb4.10.6&Prime; _module_preset=\u00a0\u00bbdefault\u00a0\u00bb header_2_font=\u00a0\u00bb|700|||||||\u00a0\u00bb header_2_text_color=\u00a0\u00bb#005e9e\u00a0\u00bb header_3_font=\u00a0\u00bb|700|||||||\u00a0\u00bb header_3_text_color=\u00a0\u00bb#005e9e\u00a0\u00bb header_3_font_size=\u00a0\u00bb26px\u00a0\u00bb global_colors_info=\u00a0\u00bb{}\u00a0\u00bb]<\/p>\n<h3>Demande de services<\/h3>\n<p>[\/et_pb_text][et_pb_text _builder_version=\u00a0\u00bb4.14.8&Prime; _module_preset=\u00a0\u00bbdefault\u00a0\u00bb link_font=\u00a0\u00bb|600||||||#594B6A|\u00a0\u00bb link_text_color=\u00a0\u00bb#594b6a\u00a0\u00bb global_colors_info=\u00a0\u00bb{}\u00a0\u00bb]<\/p>\n<p>Demande de services Les demandes sont trait\u00e9es par le Programme d\u2019intervention pr\u00e9coce aupr\u00e8s des enfants aveugles ou ayant une basse vision du Nord-Est de l\u2019Ontario ou par le Programme d\u2019intervention pr\u00e9coce aupr\u00e8s des enfants aveugles ou ayant une basse vision de Simcoe Muskoka Parry Sound au Centre r\u00e9gional de sant\u00e9 Royal Victoria.<\/p>\n<p>[\/et_pb_text][\/et_pb_column][\/et_pb_row][\/et_pb_section]<\/p>\n","protected":false},"excerpt":{"rendered":"<p>Programme d\u2019intervention pr\u00e9coce aupr\u00e8s des enfants aveugles ou ayant une basse visionCe programme comprend les services d\u2019\u00e9valuation et d\u2019intervention pour les nourrissons et les enfants d\u2019\u00e2ge pr\u00e9scolaire qui sont aveugles ou qui ont une basse vision. Le diagnostic doit \u00eatre pos\u00e9 par un ophtalmologiste.L\u2019\u00e9quipe de La Place des enfants travaille avec les partenaires suivants : Programme d\u2019intervention pr\u00e9coce aupr\u00e8s des enfants aveugles ou ayant une basse vision de Simcoe Muskoka Parry Sound Services de d\u00e9veloppement pour enfants du Centre r\u00e9gional de sant\u00e9 Royal Victoria Centre r\u00e9gional de sant\u00e9 de North Bay (districts de Nipissing et de Timiskaming) \u00c0 propos des servicesLe Programme d\u2019intervention pr\u00e9coce aupr\u00e8s des enfants aveugles ou ayant une basse vision fournit une vari\u00e9t\u00e9 de services de soutien aux familles : \u00c9valuation et intervention pour les nourrissons et les enfants d\u2019\u00e2ge pr\u00e9scolaire Intervention pour les enfants et les familles Consultation avec les services de garde d\u2019enfants L\u2019\u00e9quipe du Programme d\u2019intervention pr\u00e9coce aupr\u00e8s des enfants aveugles ou ayant une basse vision du Nord-Est de l\u2019Ontario collabore avec une travailleuse sociale ou un travailleur social de La Place des enfants pour aider les familles \u00e0 acc\u00e9der aux servicesAdmissibilit\u00e9Les nourrissons et les enfants de 0 \u00e0 6 ans qui sont aveugles [&hellip;]<\/p>\n","protected":false},"author":2,"featured_media":0,"parent":0,"menu_order":0,"comment_status":"closed","ping_status":"closed","template":"","meta":{"_et_pb_use_builder":"on","_et_pb_old_content":"","_et_gb_content_width":"","_price":"","_stock":"","_tribe_ticket_header":"","_tribe_default_ticket_provider":"","_tribe_ticket_capacity":"0","_ticket_start_date":"","_ticket_end_date":"","_tribe_ticket_show_description":"","_tribe_ticket_show_not_going":false,"_tribe_ticket_use_global_stock":"","_tribe_ticket_global_stock_level":"","_global_stock_mode":"","_global_stock_cap":"","_tribe_rsvp_for_event":"","_tribe_ticket_going_count":"","_tribe_ticket_not_going_count":"","_tribe_tickets_list":"[]","_tribe_ticket_has_attendee_info_fields":false,"footnotes":"","_tec_slr_enabled":"","_tec_slr_layout":""},"categories":[],"tags":[],"class_list":["post-9016","page","type-page","status-publish","hentry"],"yoast_head":"<!-- This site is optimized with the Yoast SEO plugin v27.4 - https:\/\/yoast.com\/product\/yoast-seo-wordpress\/ -->\n<title>Programme d\u2019intervention pr\u00e9coce aupr\u00e8s des enfants aveugles ou ayant une basse vision - One Kids Place<\/title>\n<meta name=\"robots\" content=\"index, follow, max-snippet:-1, max-image-preview:large, max-video-preview:-1\" \/>\n<link rel=\"canonical\" href=\"https:\/\/www.onekidsplace.ca\/infant-blind-to-low-vision\/\" \/>\n<meta property=\"og:locale\" content=\"fr_FR\" \/>\n<meta property=\"og:type\" content=\"article\" \/>\n<meta property=\"og:title\" content=\"Programme d\u2019intervention pr\u00e9coce aupr\u00e8s des enfants aveugles ou ayant une basse vision - One Kids Place\" \/>\n<meta property=\"og:description\" content=\"Programme d\u2019intervention pr\u00e9coce aupr\u00e8s des enfants aveugles ou ayant une basse visionCe programme comprend les services d\u2019\u00e9valuation et d\u2019intervention pour les nourrissons et les enfants d\u2019\u00e2ge pr\u00e9scolaire qui sont aveugles ou qui ont une basse vision. Le diagnostic doit \u00eatre pos\u00e9 par un ophtalmologiste.L\u2019\u00e9quipe de La Place des enfants travaille avec les partenaires suivants : Programme d\u2019intervention pr\u00e9coce aupr\u00e8s des enfants aveugles ou ayant une basse vision de Simcoe Muskoka Parry Sound Services de d\u00e9veloppement pour enfants du Centre r\u00e9gional de sant\u00e9 Royal Victoria Centre r\u00e9gional de sant\u00e9 de North Bay (districts de Nipissing et de Timiskaming) \u00c0 propos des servicesLe Programme d\u2019intervention pr\u00e9coce aupr\u00e8s des enfants aveugles ou ayant une basse vision fournit une vari\u00e9t\u00e9 de services de soutien aux familles : \u00c9valuation et intervention pour les nourrissons et les enfants d\u2019\u00e2ge pr\u00e9scolaire Intervention pour les enfants et les familles Consultation avec les services de garde d\u2019enfants L\u2019\u00e9quipe du Programme d\u2019intervention pr\u00e9coce aupr\u00e8s des enfants aveugles ou ayant une basse vision du Nord-Est de l\u2019Ontario collabore avec une travailleuse sociale ou un travailleur social de La Place des enfants pour aider les familles \u00e0 acc\u00e9der aux servicesAdmissibilit\u00e9Les nourrissons et les enfants de 0 \u00e0 6 ans qui sont aveugles [&hellip;]\" \/>\n<meta property=\"og:url\" content=\"https:\/\/www.onekidsplace.ca\/infant-blind-to-low-vision\/\" \/>\n<meta property=\"og:site_name\" content=\"One Kids Place\" \/>\n<meta property=\"article:modified_time\" content=\"2023-08-04T04:51:47+00:00\" \/>\n<meta name=\"twitter:card\" content=\"summary_large_image\" \/>\n<meta name=\"twitter:label1\" content=\"Dur\u00e9e de lecture estim\u00e9e\" \/>\n\t<meta name=\"twitter:data1\" content=\"5 minutes\" \/>\n<script type=\"application\/ld+json\" class=\"yoast-schema-graph\">{\"@context\":\"https:\\\/\\\/schema.org\",\"@graph\":[{\"@type\":\"WebPage\",\"@id\":\"https:\\\/\\\/www.onekidsplace.ca\\\/infant-blind-to-low-vision\\\/\",\"url\":\"https:\\\/\\\/www.onekidsplace.ca\\\/infant-blind-to-low-vision\\\/\",\"name\":\"Programme d\u2019intervention pr\u00e9coce aupr\u00e8s des enfants aveugles ou ayant une basse vision - One Kids Place\",\"isPartOf\":{\"@id\":\"https:\\\/\\\/www.onekidsplace.ca\\\/#website\"},\"datePublished\":\"2021-10-22T09:01:48+00:00\",\"dateModified\":\"2023-08-04T04:51:47+00:00\",\"breadcrumb\":{\"@id\":\"https:\\\/\\\/www.onekidsplace.ca\\\/infant-blind-to-low-vision\\\/#breadcrumb\"},\"inLanguage\":\"fr-FR\",\"potentialAction\":[{\"@type\":\"ReadAction\",\"target\":[\"https:\\\/\\\/www.onekidsplace.ca\\\/infant-blind-to-low-vision\\\/\"]}]},{\"@type\":\"BreadcrumbList\",\"@id\":\"https:\\\/\\\/www.onekidsplace.ca\\\/infant-blind-to-low-vision\\\/#breadcrumb\",\"itemListElement\":[{\"@type\":\"ListItem\",\"position\":1,\"name\":\"Home\",\"item\":\"https:\\\/\\\/www.onekidsplace.ca\\\/\"},{\"@type\":\"ListItem\",\"position\":2,\"name\":\"Programme d\u2019intervention pr\u00e9coce aupr\u00e8s des enfants aveugles ou ayant une basse vision\"}]},{\"@type\":\"WebSite\",\"@id\":\"https:\\\/\\\/www.onekidsplace.ca\\\/#website\",\"url\":\"https:\\\/\\\/www.onekidsplace.ca\\\/\",\"name\":\"One Kids Place\",\"description\":\"Children&#039;s Treatment Centre\",\"potentialAction\":[{\"@type\":\"SearchAction\",\"target\":{\"@type\":\"EntryPoint\",\"urlTemplate\":\"https:\\\/\\\/www.onekidsplace.ca\\\/?s={search_term_string}\"},\"query-input\":{\"@type\":\"PropertyValueSpecification\",\"valueRequired\":true,\"valueName\":\"search_term_string\"}}],\"inLanguage\":\"fr-FR\"}]}<\/script>\n<!-- \/ Yoast SEO plugin. -->","yoast_head_json":{"title":"Programme d\u2019intervention pr\u00e9coce aupr\u00e8s des enfants aveugles ou ayant une basse vision - One Kids Place","robots":{"index":"index","follow":"follow","max-snippet":"max-snippet:-1","max-image-preview":"max-image-preview:large","max-video-preview":"max-video-preview:-1"},"canonical":"https:\/\/www.onekidsplace.ca\/infant-blind-to-low-vision\/","og_locale":"fr_FR","og_type":"article","og_title":"Programme d\u2019intervention pr\u00e9coce aupr\u00e8s des enfants aveugles ou ayant une basse vision - One Kids Place","og_description":"Programme d\u2019intervention pr\u00e9coce aupr\u00e8s des enfants aveugles ou ayant une basse visionCe programme comprend les services d\u2019\u00e9valuation et d\u2019intervention pour les nourrissons et les enfants d\u2019\u00e2ge pr\u00e9scolaire qui sont aveugles ou qui ont une basse vision. Le diagnostic doit \u00eatre pos\u00e9 par un ophtalmologiste.L\u2019\u00e9quipe de La Place des enfants travaille avec les partenaires suivants : Programme d\u2019intervention pr\u00e9coce aupr\u00e8s des enfants aveugles ou ayant une basse vision de Simcoe Muskoka Parry Sound Services de d\u00e9veloppement pour enfants du Centre r\u00e9gional de sant\u00e9 Royal Victoria Centre r\u00e9gional de sant\u00e9 de North Bay (districts de Nipissing et de Timiskaming) \u00c0 propos des servicesLe Programme d\u2019intervention pr\u00e9coce aupr\u00e8s des enfants aveugles ou ayant une basse vision fournit une vari\u00e9t\u00e9 de services de soutien aux familles : \u00c9valuation et intervention pour les nourrissons et les enfants d\u2019\u00e2ge pr\u00e9scolaire Intervention pour les enfants et les familles Consultation avec les services de garde d\u2019enfants L\u2019\u00e9quipe du Programme d\u2019intervention pr\u00e9coce aupr\u00e8s des enfants aveugles ou ayant une basse vision du Nord-Est de l\u2019Ontario collabore avec une travailleuse sociale ou un travailleur social de La Place des enfants pour aider les familles \u00e0 acc\u00e9der aux servicesAdmissibilit\u00e9Les nourrissons et les enfants de 0 \u00e0 6 ans qui sont aveugles [&hellip;]","og_url":"https:\/\/www.onekidsplace.ca\/infant-blind-to-low-vision\/","og_site_name":"One Kids Place","article_modified_time":"2023-08-04T04:51:47+00:00","twitter_card":"summary_large_image","twitter_misc":{"Dur\u00e9e de lecture estim\u00e9e":"5 minutes"},"schema":{"@context":"https:\/\/schema.org","@graph":[{"@type":"WebPage","@id":"https:\/\/www.onekidsplace.ca\/infant-blind-to-low-vision\/","url":"https:\/\/www.onekidsplace.ca\/infant-blind-to-low-vision\/","name":"Programme d\u2019intervention pr\u00e9coce aupr\u00e8s des enfants aveugles ou ayant une basse vision - One Kids Place","isPartOf":{"@id":"https:\/\/www.onekidsplace.ca\/#website"},"datePublished":"2021-10-22T09:01:48+00:00","dateModified":"2023-08-04T04:51:47+00:00","breadcrumb":{"@id":"https:\/\/www.onekidsplace.ca\/infant-blind-to-low-vision\/#breadcrumb"},"inLanguage":"fr-FR","potentialAction":[{"@type":"ReadAction","target":["https:\/\/www.onekidsplace.ca\/infant-blind-to-low-vision\/"]}]},{"@type":"BreadcrumbList","@id":"https:\/\/www.onekidsplace.ca\/infant-blind-to-low-vision\/#breadcrumb","itemListElement":[{"@type":"ListItem","position":1,"name":"Home","item":"https:\/\/www.onekidsplace.ca\/"},{"@type":"ListItem","position":2,"name":"Programme d\u2019intervention pr\u00e9coce aupr\u00e8s des enfants aveugles ou ayant une basse vision"}]},{"@type":"WebSite","@id":"https:\/\/www.onekidsplace.ca\/#website","url":"https:\/\/www.onekidsplace.ca\/","name":"One Kids Place","description":"Children&#039;s Treatment Centre","potentialAction":[{"@type":"SearchAction","target":{"@type":"EntryPoint","urlTemplate":"https:\/\/www.onekidsplace.ca\/?s={search_term_string}"},"query-input":{"@type":"PropertyValueSpecification","valueRequired":true,"valueName":"search_term_string"}}],"inLanguage":"fr-FR"}]}},"ticketed":false,"_links":{"self":[{"href":"https:\/\/www.onekidsplace.ca\/fr\/wp-json\/wp\/v2\/pages\/9016","targetHints":{"allow":["GET"]}}],"collection":[{"href":"https:\/\/www.onekidsplace.ca\/fr\/wp-json\/wp\/v2\/pages"}],"about":[{"href":"https:\/\/www.onekidsplace.ca\/fr\/wp-json\/wp\/v2\/types\/page"}],"author":[{"embeddable":true,"href":"https:\/\/www.onekidsplace.ca\/fr\/wp-json\/wp\/v2\/users\/2"}],"replies":[{"embeddable":true,"href":"https:\/\/www.onekidsplace.ca\/fr\/wp-json\/wp\/v2\/comments?post=9016"}],"version-history":[{"count":6,"href":"https:\/\/www.onekidsplace.ca\/fr\/wp-json\/wp\/v2\/pages\/9016\/revisions"}],"predecessor-version":[{"id":10828,"href":"https:\/\/www.onekidsplace.ca\/fr\/wp-json\/wp\/v2\/pages\/9016\/revisions\/10828"}],"wp:attachment":[{"href":"https:\/\/www.onekidsplace.ca\/fr\/wp-json\/wp\/v2\/media?parent=9016"}],"wp:term":[{"taxonomy":"category","embeddable":true,"href":"https:\/\/www.onekidsplace.ca\/fr\/wp-json\/wp\/v2\/categories?post=9016"},{"taxonomy":"post_tag","embeddable":true,"href":"https:\/\/www.onekidsplace.ca\/fr\/wp-json\/wp\/v2\/tags?post=9016"}],"curies":[{"name":"wp","href":"https:\/\/api.w.org\/{rel}","templated":true}]}}