{"id":9010,"date":"2021-10-21T22:51:38","date_gmt":"2021-10-22T02:51:38","guid":{"rendered":"https:\/\/www.onekidsplace.ca\/clinique-dalimentation-et-de-deglutition\/"},"modified":"2024-03-15T15:32:22","modified_gmt":"2024-03-15T19:32:22","slug":"clinique-dalimentation-et-de-deglutition","status":"publish","type":"page","link":"https:\/\/www.onekidsplace.ca\/fr\/clinique-dalimentation-et-de-deglutition\/","title":{"rendered":"Clinique d\u2019alimentation et de d\u00e9glutition"},"content":{"rendered":"<p>[et_pb_section fb_built=\u00a0\u00bb1&Prime; custom_padding_last_edited=\u00a0\u00bbon|desktop\u00a0\u00bb _builder_version=\u00a0\u00bb4.16&Prime; _module_preset=\u00a0\u00bbdefault\u00a0\u00bb background_color=\u00a0\u00bb#005e9e\u00a0\u00bb background_color_gradient_start=\u00a0\u00bbrgba(10,10,10,0.08)\u00a0\u00bb background_color_gradient_end=\u00a0\u00bbrgba(10,10,10,0.08)\u00a0\u00bb background_enable_image=\u00a0\u00bboff\u00a0\u00bb parallax=\u00a0\u00bbon\u00a0\u00bb custom_padding=\u00a0\u00bb10px||10px||true|false\u00a0\u00bb custom_padding_tablet=\u00a0\u00bb\u00a0\u00bb custom_padding_phone=\u00a0\u00bb\u00a0\u00bb locked=\u00a0\u00bboff\u00a0\u00bb global_colors_info=\u00a0\u00bb{}\u00a0\u00bb da_is_popup=\u00a0\u00bboff\u00a0\u00bb da_exit_intent=\u00a0\u00bboff\u00a0\u00bb da_has_close=\u00a0\u00bbon\u00a0\u00bb da_alt_close=\u00a0\u00bboff\u00a0\u00bb da_dark_close=\u00a0\u00bboff\u00a0\u00bb da_not_modal=\u00a0\u00bbon\u00a0\u00bb da_is_singular=\u00a0\u00bboff\u00a0\u00bb da_with_loader=\u00a0\u00bboff\u00a0\u00bb da_has_shadow=\u00a0\u00bbon\u00a0\u00bb da_disable_devices=\u00a0\u00bboff|off|off\u00a0\u00bb][et_pb_row use_custom_gutter=\u00a0\u00bbon\u00a0\u00bb gutter_width=\u00a0\u00bb1&Prime; make_equal=\u00a0\u00bbon\u00a0\u00bb custom_padding_last_edited=\u00a0\u00bbon|desktop\u00a0\u00bb _builder_version=\u00a0\u00bb4.16&Prime; _module_preset=\u00a0\u00bbdefault\u00a0\u00bb background_enable_color=\u00a0\u00bboff\u00a0\u00bb custom_margin=\u00a0\u00bb||||false|false\u00a0\u00bb custom_margin_tablet=\u00a0\u00bb||||false|false\u00a0\u00bb custom_margin_phone=\u00a0\u00bb||||false|false\u00a0\u00bb custom_margin_last_edited=\u00a0\u00bbon|desktop\u00a0\u00bb custom_padding=\u00a0\u00bb0px||10px||false|false\u00a0\u00bb custom_padding_tablet=\u00a0\u00bb0px||0px||true|false\u00a0\u00bb custom_padding_phone=\u00a0\u00bb0px||0px||true|false\u00a0\u00bb custom_css_main_element=\u00a0\u00bbalign-items:center;\u00a0\u00bb global_colors_info=\u00a0\u00bb{}\u00a0\u00bb][et_pb_column type=\u00a0\u00bb4_4&Prime; _builder_version=\u00a0\u00bb4.16&Prime; _module_preset=\u00a0\u00bbdefault\u00a0\u00bb background_enable_color=\u00a0\u00bboff\u00a0\u00bb custom_padding=\u00a0\u00bb10px|0px|10px|0px|true|true\u00a0\u00bb custom_padding_tablet=\u00a0\u00bb\u00a0\u00bb custom_padding_phone=\u00a0\u00bb\u00a0\u00bb custom_padding_last_edited=\u00a0\u00bbon|desktop\u00a0\u00bb global_colors_info=\u00a0\u00bb{}\u00a0\u00bb][et_pb_text _builder_version=\u00a0\u00bb4.16&Prime; _module_preset=\u00a0\u00bbdefault\u00a0\u00bb header_font=\u00a0\u00bbNunito Sans|800|||||||\u00a0\u00bb header_text_align=\u00a0\u00bbcenter\u00a0\u00bb header_text_color=\u00a0\u00bb#ffffff\u00a0\u00bb header_font_size=\u00a0\u00bb40px\u00a0\u00bb header_line_height=\u00a0\u00bb1.3em\u00a0\u00bb custom_margin=\u00a0\u00bb||||false|false\u00a0\u00bb custom_margin_tablet=\u00a0\u00bb-20px||||false|false\u00a0\u00bb custom_margin_phone=\u00a0\u00bb\u00a0\u00bb custom_margin_last_edited=\u00a0\u00bbon|phone\u00a0\u00bb custom_padding=\u00a0\u00bb20px||||false|false\u00a0\u00bb custom_padding_tablet=\u00a0\u00bb30px||||false|false\u00a0\u00bb custom_padding_phone=\u00a0\u00bb40px||10px||false|false\u00a0\u00bb custom_padding_last_edited=\u00a0\u00bbon|desktop\u00a0\u00bb header_text_align_tablet=\u00a0\u00bbcenter\u00a0\u00bb header_text_align_phone=\u00a0\u00bbcenter\u00a0\u00bb header_text_align_last_edited=\u00a0\u00bbon|tablet\u00a0\u00bb header_font_size_tablet=\u00a0\u00bb\u00a0\u00bb header_font_size_phone=\u00a0\u00bb30px\u00a0\u00bb header_font_size_last_edited=\u00a0\u00bbon|desktop\u00a0\u00bb header_text_shadow_style=\u00a0\u00bbpreset2&Prime; header_text_shadow_color=\u00a0\u00bbrgba(0,0,0,0.18)\u00a0\u00bb global_colors_info=\u00a0\u00bb{}\u00a0\u00bb]<\/p>\n<h1>Clinique d\u2019alimentation et de d\u00e9glutition<\/h1>\n<p>[\/et_pb_text][\/et_pb_column][\/et_pb_row][\/et_pb_section][et_pb_section fb_built=\u00a0\u00bb1&Prime; _builder_version=\u00a0\u00bb4.16&Prime; _module_preset=\u00a0\u00bbdefault\u00a0\u00bb global_colors_info=\u00a0\u00bb{}\u00a0\u00bb da_is_popup=\u00a0\u00bboff\u00a0\u00bb da_exit_intent=\u00a0\u00bboff\u00a0\u00bb da_has_close=\u00a0\u00bbon\u00a0\u00bb da_alt_close=\u00a0\u00bboff\u00a0\u00bb da_dark_close=\u00a0\u00bboff\u00a0\u00bb da_not_modal=\u00a0\u00bbon\u00a0\u00bb da_is_singular=\u00a0\u00bboff\u00a0\u00bb da_with_loader=\u00a0\u00bboff\u00a0\u00bb da_has_shadow=\u00a0\u00bbon\u00a0\u00bb da_disable_devices=\u00a0\u00bboff|off|off\u00a0\u00bb][et_pb_row _builder_version=\u00a0\u00bb4.16&Prime; _module_preset=\u00a0\u00bbdefault\u00a0\u00bb global_colors_info=\u00a0\u00bb{}\u00a0\u00bb][et_pb_column type=\u00a0\u00bb4_4&Prime; _builder_version=\u00a0\u00bb4.16&Prime; _module_preset=\u00a0\u00bbdefault\u00a0\u00bb global_colors_info=\u00a0\u00bb{}\u00a0\u00bb][et_pb_text _builder_version=\u00a0\u00bb4.16&Prime; _module_preset=\u00a0\u00bbdefault\u00a0\u00bb text_font=\u00a0\u00bb|600|||||||\u00a0\u00bb text_text_color=\u00a0\u00bb#2E3E47&Prime; text_font_size=\u00a0\u00bb18px\u00a0\u00bb background_layout=\u00a0\u00bbdark\u00a0\u00bb text_orientation_tablet=\u00a0\u00bbcenter\u00a0\u00bb text_orientation_phone=\u00a0\u00bbcenter\u00a0\u00bb text_orientation_last_edited=\u00a0\u00bbon|phone\u00a0\u00bb global_colors_info=\u00a0\u00bb{}\u00a0\u00bb]<\/p>\n<p>Ce service aide les nourrissons, les enfants et les jeunes qui ont de la difficult\u00e9 \u00e0 s\u2019alimenter, qui ont des probl\u00e8mes d\u2019\u00e9touffement, qui connaissent une faible prise de poids ou dont l\u2019alimentation pose d\u2019autres types de probl\u00e8mes.<\/p>\n<p>[\/et_pb_text][et_pb_text _builder_version=\u00a0\u00bb4.16&Prime; _module_preset=\u00a0\u00bbdefault\u00a0\u00bb global_colors_info=\u00a0\u00bb{}\u00a0\u00bb]<\/p>\n<p>Nos th\u00e9rapeutes travaillent en consultation avec votre m\u00e9decin de famille ou votre p\u00e9diatre, si n\u00e9cessaire. L\u2019\u00e9quipe de la clinique \u00e9value la capacit\u00e9 de manger et d\u2019avaler du nourrisson ou de l\u2019enfant pendant les heures de repas habituelles, et apporte le soutien n\u00e9cessaire \u00e0 la famille, aux autres personnes qui s\u2019occupent de l\u2019enfant et aux th\u00e9rapeutes.  <br \/>Cette clinique propose des formations individuelles et en groupe, ainsi que des s\u00e9ances d\u2019information pour les parents et les aidants. <\/p>\n<p>[\/et_pb_text][\/et_pb_column][\/et_pb_row][et_pb_row _builder_version=\u00a0\u00bb4.16&Prime; _module_preset=\u00a0\u00bbdefault\u00a0\u00bb global_colors_info=\u00a0\u00bb{}\u00a0\u00bb][et_pb_column type=\u00a0\u00bb4_4&Prime; _builder_version=\u00a0\u00bb4.16&Prime; _module_preset=\u00a0\u00bbdefault\u00a0\u00bb global_colors_info=\u00a0\u00bb{}\u00a0\u00bb][et_pb_text _builder_version=\u00a0\u00bb4.16&Prime; _module_preset=\u00a0\u00bbdefault\u00a0\u00bb header_2_font=\u00a0\u00bb|700|||||||\u00a0\u00bb header_2_text_color=\u00a0\u00bb#005e9e\u00a0\u00bb header_3_font=\u00a0\u00bb|700|||||||\u00a0\u00bb header_3_text_color=\u00a0\u00bb#005e9e\u00a0\u00bb header_3_font_size=\u00a0\u00bb26px\u00a0\u00bb global_colors_info=\u00a0\u00bb{}\u00a0\u00bb]<\/p>\n<h2>La Clinique d\u2019alimentation et de d\u00e9glutition appuie les nourrissons, les enfants et les jeunes :<\/h2>\n<p>[\/et_pb_text][et_pb_text _builder_version=\u00a0\u00bb4.22.2&Prime; _module_preset=\u00a0\u00bbdefault\u00a0\u00bb hover_enabled=\u00a0\u00bb0&Prime; global_colors_info=\u00a0\u00bb{}\u00a0\u00bb sticky_enabled=\u00a0\u00bb0&Prime;]<\/p>\n<ul>\n<li>ayant des difficult\u00e9s de contr\u00f4le moteur oral<\/li>\n<li>dont l\u2019alimentation est difficile \u00e0 cause de difformit\u00e9s de structure<\/li>\n<li>qui manquent de tonus musculaire ou ont des difficult\u00e9s de positionnement<\/li>\n<li>qui \u00e9prouvent des probl\u00e8mes gastro-intestinaux (reflux)<\/li>\n<\/ul>\n<p>Votre \u00e9quipe de clinique d\u2019alimentation et de d\u00e9glutition est compos\u00e9e d\u2019un ergoth\u00e9rapeute, d\u2019un orthophoniste et d\u2019un travailleur social avec la consultation d\u2019un physioth\u00e9rapeute au besoin ainsi que des m\u00e9decins et\/ou p\u00e9diatres de votre enfant le cas \u00e9ch\u00e9ant.<\/p>\n<p>Nous ne fournissons pas de services de di\u00e9t\u00e9tique, mais travaillerons en collaboration avec une di\u00e9t\u00e9tiste si elle fait partie de l\u2019\u00e9quipe de prestataires de services de votre famille.<\/p>\n<p>[\/et_pb_text][\/et_pb_column][\/et_pb_row][et_pb_row _builder_version=\u00a0\u00bb4.16&Prime; _module_preset=\u00a0\u00bbdefault\u00a0\u00bb global_colors_info=\u00a0\u00bb{}\u00a0\u00bb][et_pb_column type=\u00a0\u00bb4_4&Prime; _builder_version=\u00a0\u00bb4.16&Prime; _module_preset=\u00a0\u00bbdefault\u00a0\u00bb global_colors_info=\u00a0\u00bb{}\u00a0\u00bb][et_pb_text _builder_version=\u00a0\u00bb4.16&Prime; _module_preset=\u00a0\u00bbdefault\u00a0\u00bb header_2_font=\u00a0\u00bb|700|||||||\u00a0\u00bb header_2_text_color=\u00a0\u00bb#005e9e\u00a0\u00bb header_3_font=\u00a0\u00bb|700|||||||\u00a0\u00bb header_3_text_color=\u00a0\u00bb#005e9e\u00a0\u00bb header_3_font_size=\u00a0\u00bb26px\u00a0\u00bb global_colors_info=\u00a0\u00bb{}\u00a0\u00bb]<\/p>\n<h3>Admissibilit\u00e9<\/h3>\n<p>[\/et_pb_text][et_pb_text _builder_version=\u00a0\u00bb4.16&Prime; _module_preset=\u00a0\u00bbdefault\u00a0\u00bb link_font=\u00a0\u00bb|600||||||#594B6A|\u00a0\u00bb link_text_color=\u00a0\u00bb#594b6a\u00a0\u00bb global_colors_info=\u00a0\u00bb{}\u00a0\u00bb]<\/p>\n<p>Les services sont offerts aux enfants et aux jeunes jusqu\u2019\u00e0 l\u2019\u00e2ge de 19 ans (ou de 21 ans s\u2019ils fr\u00e9quentent encore l\u2019\u00e9cole secondaire) qui r\u00e9sident dans le district de Muskoka, de Nipissing ou de Parry Sound et qui ont besoin de services pour enfants d\u2019\u00e2ge pr\u00e9scolaire ou de soutien sp\u00e9cialis\u00e9.<\/p>\n<p>L\u2019admissibilit\u00e9 est d\u00e9termin\u00e9e selon les r\u00e9ponses \u00e0 un questionnaire d\u2019\u00e9valuation. <\/p>\n<p>[\/et_pb_text][\/et_pb_column][\/et_pb_row][\/et_pb_section][et_pb_section fb_built=\u00a0\u00bb1&Prime; _builder_version=\u00a0\u00bb4.16&Prime; _module_preset=\u00a0\u00bbdefault\u00a0\u00bb background_color=\u00a0\u00bb#e3eaf4&Prime; global_colors_info=\u00a0\u00bb{}\u00a0\u00bb da_is_popup=\u00a0\u00bboff\u00a0\u00bb da_exit_intent=\u00a0\u00bboff\u00a0\u00bb da_has_close=\u00a0\u00bbon\u00a0\u00bb da_alt_close=\u00a0\u00bboff\u00a0\u00bb da_dark_close=\u00a0\u00bboff\u00a0\u00bb da_not_modal=\u00a0\u00bbon\u00a0\u00bb da_is_singular=\u00a0\u00bboff\u00a0\u00bb da_with_loader=\u00a0\u00bboff\u00a0\u00bb da_has_shadow=\u00a0\u00bbon\u00a0\u00bb da_disable_devices=\u00a0\u00bboff|off|off\u00a0\u00bb][et_pb_row _builder_version=\u00a0\u00bb4.16&Prime; _module_preset=\u00a0\u00bbdefault\u00a0\u00bb global_colors_info=\u00a0\u00bb{}\u00a0\u00bb][et_pb_column type=\u00a0\u00bb4_4&Prime; _builder_version=\u00a0\u00bb4.16&Prime; _module_preset=\u00a0\u00bbdefault\u00a0\u00bb global_colors_info=\u00a0\u00bb{}\u00a0\u00bb][et_pb_text _builder_version=\u00a0\u00bb4.16&Prime; _module_preset=\u00a0\u00bbdefault\u00a0\u00bb header_2_font=\u00a0\u00bb|700|||||||\u00a0\u00bb header_2_text_color=\u00a0\u00bb#005e9e\u00a0\u00bb header_3_font=\u00a0\u00bb|700|||||||\u00a0\u00bb header_3_text_color=\u00a0\u00bb#005e9e\u00a0\u00bb header_3_font_size=\u00a0\u00bb26px\u00a0\u00bb global_colors_info=\u00a0\u00bb{}\u00a0\u00bb]<\/p>\n<h3>Demande de services<\/h3>\n<p>[\/et_pb_text][et_pb_text _builder_version=\u00a0\u00bb4.16&Prime; _module_preset=\u00a0\u00bbdefault\u00a0\u00bb link_font=\u00a0\u00bb|600||||||#594B6A|\u00a0\u00bb link_text_color=\u00a0\u00bb#594b6a\u00a0\u00bb global_colors_info=\u00a0\u00bb{}\u00a0\u00bb]<\/p>\n<p>La demande peut \u00eatre faite par un parent ou par un aidant, un m\u00e9decin de famille, un p\u00e9diatre ou une tierce partie avec le consentement des parents :<\/p>\n<p>[\/et_pb_text][dsm_icon_list icon_color=\u00a0\u00bb#005e9e\u00a0\u00bb icon_background_color=\u00a0\u00bbRGBA(0,0,0,0)\u00a0\u00bb icon_padding=\u00a0\u00bb5px\u00a0\u00bb icon_font_size=\u00a0\u00bb18px\u00a0\u00bb text_indent=\u00a0\u00bb8px\u00a0\u00bb _builder_version=\u00a0\u00bb4.16&Prime; _module_preset=\u00a0\u00bbdefault\u00a0\u00bb text_font=\u00a0\u00bb|600|||||||\u00a0\u00bb text_text_color=\u00a0\u00bb#2E3E47&Prime; locked=\u00a0\u00bboff\u00a0\u00bb global_colors_info=\u00a0\u00bb{}\u00a0\u00bb][dsm_icon_list_child text=\u00a0\u00bb1-866-626-9100&Prime; font_icon=\u00a0\u00bb&#xe090;||divi||400&Prime; url=\u00a0\u00bbtel:1-866-626-9100&Prime; _builder_version=\u00a0\u00bb4.16&Prime; _module_preset=\u00a0\u00bbdefault\u00a0\u00bb global_colors_info=\u00a0\u00bb{}\u00a0\u00bb][\/dsm_icon_list_child][dsm_icon_list_child text=\u00a0\u00bbFormulaire de demande de services\u00a0\u00bb font_icon=\u00a0\u00bb&#xe00e;||divi||400&Prime; url=\u00a0\u00bb@ET-DC@eyJkeW5hbWljIjp0cnVlLCJjb250ZW50IjoicG9zdF9saW5rX3VybF9wYWdlIiwic2V0dGluZ3MiOnsicG9zdF9pZCI6IjYyOCJ9fQ==@\u00a0\u00bb _builder_version=\u00a0\u00bb4.16&Prime; _dynamic_attributes=\u00a0\u00bburl\u00a0\u00bb _module_preset=\u00a0\u00bbdefault\u00a0\u00bb global_colors_info=\u00a0\u00bb{}\u00a0\u00bb][\/dsm_icon_list_child][\/dsm_icon_list][\/et_pb_column][\/et_pb_row][\/et_pb_section]<\/p>\n","protected":false},"excerpt":{"rendered":"<p>Clinique d\u2019alimentation et de d\u00e9glutitionCe service aide les nourrissons, les enfants et les jeunes qui ont de la difficult\u00e9 \u00e0 s\u2019alimenter, qui ont des probl\u00e8mes d\u2019\u00e9touffement, qui connaissent une faible prise de poids ou dont l\u2019alimentation pose d\u2019autres types de probl\u00e8mes.Nos th\u00e9rapeutes travaillent en consultation avec votre m\u00e9decin de famille ou votre p\u00e9diatre, si n\u00e9cessaire. L\u2019\u00e9quipe de la clinique \u00e9value la capacit\u00e9 de manger et d\u2019avaler du nourrisson ou de l\u2019enfant pendant les heures de repas habituelles, et apporte le soutien n\u00e9cessaire \u00e0 la famille, aux autres personnes qui s\u2019occupent de l\u2019enfant et aux th\u00e9rapeutes. Cette clinique propose des formations individuelles et en groupe, ainsi que des s\u00e9ances d\u2019information pour les parents et les aidants. La Clinique d\u2019alimentation et de d\u00e9glutition appuie les nourrissons, les enfants et les jeunes : ayant des difficult\u00e9s de contr\u00f4le moteur oral dont l\u2019alimentation est difficile \u00e0 cause de difformit\u00e9s de structure qui manquent de tonus musculaire ou ont des difficult\u00e9s de positionnement qui \u00e9prouvent des probl\u00e8mes gastro-intestinaux (reflux) Votre \u00e9quipe de clinique d\u2019alimentation et de d\u00e9glutition est compos\u00e9e d\u2019un ergoth\u00e9rapeute, d\u2019un orthophoniste et d\u2019un travailleur social avec la consultation d\u2019un physioth\u00e9rapeute au besoin ainsi que des m\u00e9decins et\/ou p\u00e9diatres de votre enfant le cas [&hellip;]<\/p>\n","protected":false},"author":2,"featured_media":0,"parent":0,"menu_order":0,"comment_status":"closed","ping_status":"closed","template":"","meta":{"_et_pb_use_builder":"on","_et_pb_old_content":"","_et_gb_content_width":"","_price":"","_stock":"","_tribe_ticket_header":"","_tribe_default_ticket_provider":"","_tribe_ticket_capacity":"0","_ticket_start_date":"","_ticket_end_date":"","_tribe_ticket_show_description":"","_tribe_ticket_show_not_going":false,"_tribe_ticket_use_global_stock":"","_tribe_ticket_global_stock_level":"","_global_stock_mode":"","_global_stock_cap":"","_tribe_rsvp_for_event":"","_tribe_ticket_going_count":"","_tribe_ticket_not_going_count":"","_tribe_tickets_list":"[]","_tribe_ticket_has_attendee_info_fields":false,"footnotes":"","_tec_slr_enabled":"","_tec_slr_layout":""},"categories":[],"tags":[],"class_list":["post-9010","page","type-page","status-publish","hentry"],"yoast_head":"<!-- This site is optimized with the Yoast SEO plugin v27.2 - https:\/\/yoast.com\/product\/yoast-seo-wordpress\/ -->\n<title>Clinique d\u2019alimentation et de d\u00e9glutition - One Kids Place<\/title>\n<meta name=\"robots\" content=\"index, follow, max-snippet:-1, max-image-preview:large, max-video-preview:-1\" \/>\n<link rel=\"canonical\" href=\"https:\/\/www.onekidsplace.ca\/feeding-swallowing-clinic\/\" \/>\n<meta property=\"og:locale\" content=\"fr_FR\" \/>\n<meta property=\"og:type\" content=\"article\" \/>\n<meta property=\"og:title\" content=\"Clinique d\u2019alimentation et de d\u00e9glutition - One Kids Place\" \/>\n<meta property=\"og:description\" content=\"Clinique d\u2019alimentation et de d\u00e9glutitionCe service aide les nourrissons, les enfants et les jeunes qui ont de la difficult\u00e9 \u00e0 s\u2019alimenter, qui ont des probl\u00e8mes d\u2019\u00e9touffement, qui connaissent une faible prise de poids ou dont l\u2019alimentation pose d\u2019autres types de probl\u00e8mes.Nos th\u00e9rapeutes travaillent en consultation avec votre m\u00e9decin de famille ou votre p\u00e9diatre, si n\u00e9cessaire. L\u2019\u00e9quipe de la clinique \u00e9value la capacit\u00e9 de manger et d\u2019avaler du nourrisson ou de l\u2019enfant pendant les heures de repas habituelles, et apporte le soutien n\u00e9cessaire \u00e0 la famille, aux autres personnes qui s\u2019occupent de l\u2019enfant et aux th\u00e9rapeutes. Cette clinique propose des formations individuelles et en groupe, ainsi que des s\u00e9ances d\u2019information pour les parents et les aidants. La Clinique d\u2019alimentation et de d\u00e9glutition appuie les nourrissons, les enfants et les jeunes : ayant des difficult\u00e9s de contr\u00f4le moteur oral dont l\u2019alimentation est difficile \u00e0 cause de difformit\u00e9s de structure qui manquent de tonus musculaire ou ont des difficult\u00e9s de positionnement qui \u00e9prouvent des probl\u00e8mes gastro-intestinaux (reflux) Votre \u00e9quipe de clinique d\u2019alimentation et de d\u00e9glutition est compos\u00e9e d\u2019un ergoth\u00e9rapeute, d\u2019un orthophoniste et d\u2019un travailleur social avec la consultation d\u2019un physioth\u00e9rapeute au besoin ainsi que des m\u00e9decins et\/ou p\u00e9diatres de votre enfant le cas [&hellip;]\" \/>\n<meta property=\"og:url\" content=\"https:\/\/www.onekidsplace.ca\/feeding-swallowing-clinic\/\" \/>\n<meta property=\"og:site_name\" content=\"One Kids Place\" \/>\n<meta property=\"article:modified_time\" content=\"2024-03-15T19:32:22+00:00\" \/>\n<meta name=\"twitter:card\" content=\"summary_large_image\" \/>\n<meta name=\"twitter:label1\" content=\"Dur\u00e9e de lecture estim\u00e9e\" \/>\n\t<meta name=\"twitter:data1\" content=\"6 minutes\" \/>\n<script type=\"application\/ld+json\" class=\"yoast-schema-graph\">{\"@context\":\"https:\/\/schema.org\",\"@graph\":[{\"@type\":\"WebPage\",\"@id\":\"https:\/\/www.onekidsplace.ca\/feeding-swallowing-clinic\/\",\"url\":\"https:\/\/www.onekidsplace.ca\/feeding-swallowing-clinic\/\",\"name\":\"Clinique d\u2019alimentation et de d\u00e9glutition - One Kids Place\",\"isPartOf\":{\"@id\":\"https:\/\/www.onekidsplace.ca\/#website\"},\"datePublished\":\"2021-10-22T02:51:38+00:00\",\"dateModified\":\"2024-03-15T19:32:22+00:00\",\"breadcrumb\":{\"@id\":\"https:\/\/www.onekidsplace.ca\/feeding-swallowing-clinic\/#breadcrumb\"},\"inLanguage\":\"fr-FR\",\"potentialAction\":[{\"@type\":\"ReadAction\",\"target\":[\"https:\/\/www.onekidsplace.ca\/feeding-swallowing-clinic\/\"]}]},{\"@type\":\"BreadcrumbList\",\"@id\":\"https:\/\/www.onekidsplace.ca\/feeding-swallowing-clinic\/#breadcrumb\",\"itemListElement\":[{\"@type\":\"ListItem\",\"position\":1,\"name\":\"Home\",\"item\":\"https:\/\/www.onekidsplace.ca\/\"},{\"@type\":\"ListItem\",\"position\":2,\"name\":\"Clinique d\u2019alimentation et de d\u00e9glutition\"}]},{\"@type\":\"WebSite\",\"@id\":\"https:\/\/www.onekidsplace.ca\/#website\",\"url\":\"https:\/\/www.onekidsplace.ca\/\",\"name\":\"One Kids Place\",\"description\":\"Children&#039;s Treatment Centre\",\"potentialAction\":[{\"@type\":\"SearchAction\",\"target\":{\"@type\":\"EntryPoint\",\"urlTemplate\":\"https:\/\/www.onekidsplace.ca\/?s={search_term_string}\"},\"query-input\":{\"@type\":\"PropertyValueSpecification\",\"valueRequired\":true,\"valueName\":\"search_term_string\"}}],\"inLanguage\":\"fr-FR\"}]}<\/script>\n<!-- \/ Yoast SEO plugin. -->","yoast_head_json":{"title":"Clinique d\u2019alimentation et de d\u00e9glutition - One Kids Place","robots":{"index":"index","follow":"follow","max-snippet":"max-snippet:-1","max-image-preview":"max-image-preview:large","max-video-preview":"max-video-preview:-1"},"canonical":"https:\/\/www.onekidsplace.ca\/feeding-swallowing-clinic\/","og_locale":"fr_FR","og_type":"article","og_title":"Clinique d\u2019alimentation et de d\u00e9glutition - One Kids Place","og_description":"Clinique d\u2019alimentation et de d\u00e9glutitionCe service aide les nourrissons, les enfants et les jeunes qui ont de la difficult\u00e9 \u00e0 s\u2019alimenter, qui ont des probl\u00e8mes d\u2019\u00e9touffement, qui connaissent une faible prise de poids ou dont l\u2019alimentation pose d\u2019autres types de probl\u00e8mes.Nos th\u00e9rapeutes travaillent en consultation avec votre m\u00e9decin de famille ou votre p\u00e9diatre, si n\u00e9cessaire. L\u2019\u00e9quipe de la clinique \u00e9value la capacit\u00e9 de manger et d\u2019avaler du nourrisson ou de l\u2019enfant pendant les heures de repas habituelles, et apporte le soutien n\u00e9cessaire \u00e0 la famille, aux autres personnes qui s\u2019occupent de l\u2019enfant et aux th\u00e9rapeutes. Cette clinique propose des formations individuelles et en groupe, ainsi que des s\u00e9ances d\u2019information pour les parents et les aidants. La Clinique d\u2019alimentation et de d\u00e9glutition appuie les nourrissons, les enfants et les jeunes : ayant des difficult\u00e9s de contr\u00f4le moteur oral dont l\u2019alimentation est difficile \u00e0 cause de difformit\u00e9s de structure qui manquent de tonus musculaire ou ont des difficult\u00e9s de positionnement qui \u00e9prouvent des probl\u00e8mes gastro-intestinaux (reflux) Votre \u00e9quipe de clinique d\u2019alimentation et de d\u00e9glutition est compos\u00e9e d\u2019un ergoth\u00e9rapeute, d\u2019un orthophoniste et d\u2019un travailleur social avec la consultation d\u2019un physioth\u00e9rapeute au besoin ainsi que des m\u00e9decins et\/ou p\u00e9diatres de votre enfant le cas [&hellip;]","og_url":"https:\/\/www.onekidsplace.ca\/feeding-swallowing-clinic\/","og_site_name":"One Kids Place","article_modified_time":"2024-03-15T19:32:22+00:00","twitter_card":"summary_large_image","twitter_misc":{"Dur\u00e9e de lecture estim\u00e9e":"6 minutes"},"schema":{"@context":"https:\/\/schema.org","@graph":[{"@type":"WebPage","@id":"https:\/\/www.onekidsplace.ca\/feeding-swallowing-clinic\/","url":"https:\/\/www.onekidsplace.ca\/feeding-swallowing-clinic\/","name":"Clinique d\u2019alimentation et de d\u00e9glutition - One Kids Place","isPartOf":{"@id":"https:\/\/www.onekidsplace.ca\/#website"},"datePublished":"2021-10-22T02:51:38+00:00","dateModified":"2024-03-15T19:32:22+00:00","breadcrumb":{"@id":"https:\/\/www.onekidsplace.ca\/feeding-swallowing-clinic\/#breadcrumb"},"inLanguage":"fr-FR","potentialAction":[{"@type":"ReadAction","target":["https:\/\/www.onekidsplace.ca\/feeding-swallowing-clinic\/"]}]},{"@type":"BreadcrumbList","@id":"https:\/\/www.onekidsplace.ca\/feeding-swallowing-clinic\/#breadcrumb","itemListElement":[{"@type":"ListItem","position":1,"name":"Home","item":"https:\/\/www.onekidsplace.ca\/"},{"@type":"ListItem","position":2,"name":"Clinique d\u2019alimentation et de d\u00e9glutition"}]},{"@type":"WebSite","@id":"https:\/\/www.onekidsplace.ca\/#website","url":"https:\/\/www.onekidsplace.ca\/","name":"One Kids Place","description":"Children&#039;s Treatment Centre","potentialAction":[{"@type":"SearchAction","target":{"@type":"EntryPoint","urlTemplate":"https:\/\/www.onekidsplace.ca\/?s={search_term_string}"},"query-input":{"@type":"PropertyValueSpecification","valueRequired":true,"valueName":"search_term_string"}}],"inLanguage":"fr-FR"}]}},"ticketed":false,"_links":{"self":[{"href":"https:\/\/www.onekidsplace.ca\/fr\/wp-json\/wp\/v2\/pages\/9010","targetHints":{"allow":["GET"]}}],"collection":[{"href":"https:\/\/www.onekidsplace.ca\/fr\/wp-json\/wp\/v2\/pages"}],"about":[{"href":"https:\/\/www.onekidsplace.ca\/fr\/wp-json\/wp\/v2\/types\/page"}],"author":[{"embeddable":true,"href":"https:\/\/www.onekidsplace.ca\/fr\/wp-json\/wp\/v2\/users\/2"}],"replies":[{"embeddable":true,"href":"https:\/\/www.onekidsplace.ca\/fr\/wp-json\/wp\/v2\/comments?post=9010"}],"version-history":[{"count":3,"href":"https:\/\/www.onekidsplace.ca\/fr\/wp-json\/wp\/v2\/pages\/9010\/revisions"}],"predecessor-version":[{"id":13447,"href":"https:\/\/www.onekidsplace.ca\/fr\/wp-json\/wp\/v2\/pages\/9010\/revisions\/13447"}],"wp:attachment":[{"href":"https:\/\/www.onekidsplace.ca\/fr\/wp-json\/wp\/v2\/media?parent=9010"}],"wp:term":[{"taxonomy":"category","embeddable":true,"href":"https:\/\/www.onekidsplace.ca\/fr\/wp-json\/wp\/v2\/categories?post=9010"},{"taxonomy":"post_tag","embeddable":true,"href":"https:\/\/www.onekidsplace.ca\/fr\/wp-json\/wp\/v2\/tags?post=9010"}],"curies":[{"name":"wp","href":"https:\/\/api.w.org\/{rel}","templated":true}]}}