{"id":8987,"date":"2021-10-21T22:51:15","date_gmt":"2021-10-22T02:51:15","guid":{"rendered":"https:\/\/www.onekidsplace.ca\/clinique-de-suppleance-a-la-communication-et-de-communication-alternative\/"},"modified":"2025-10-27T14:47:41","modified_gmt":"2025-10-27T18:47:41","slug":"suppleance-a-la-communication-et-de-communication-alternative","status":"publish","type":"page","link":"https:\/\/www.onekidsplace.ca\/fr\/suppleance-a-la-communication-et-de-communication-alternative\/","title":{"rendered":"Clinique de suppl\u00e9ance \u00e0 la communication et de communication alternative"},"content":{"rendered":"<p>[et_pb_section fb_built=\u00a0\u00bb1&Prime; custom_padding_last_edited=\u00a0\u00bbon|desktop\u00a0\u00bb _builder_version=\u00a0\u00bb4.16&Prime; _module_preset=\u00a0\u00bbdefault\u00a0\u00bb background_color=\u00a0\u00bb#005e9e\u00a0\u00bb background_color_gradient_start=\u00a0\u00bbrgba(10,10,10,0.08)\u00a0\u00bb background_color_gradient_end=\u00a0\u00bbrgba(10,10,10,0.08)\u00a0\u00bb background_enable_image=\u00a0\u00bboff\u00a0\u00bb parallax=\u00a0\u00bbon\u00a0\u00bb custom_padding=\u00a0\u00bb10px||10px||true|false\u00a0\u00bb custom_padding_tablet=\u00a0\u00bb\u00a0\u00bb custom_padding_phone=\u00a0\u00bb\u00a0\u00bb da_disable_devices=\u00a0\u00bboff|off|off\u00a0\u00bb locked=\u00a0\u00bboff\u00a0\u00bb global_colors_info=\u00a0\u00bb{}\u00a0\u00bb da_is_popup=\u00a0\u00bboff\u00a0\u00bb da_exit_intent=\u00a0\u00bboff\u00a0\u00bb da_has_close=\u00a0\u00bbon\u00a0\u00bb da_alt_close=\u00a0\u00bboff\u00a0\u00bb da_dark_close=\u00a0\u00bboff\u00a0\u00bb da_not_modal=\u00a0\u00bbon\u00a0\u00bb da_is_singular=\u00a0\u00bboff\u00a0\u00bb da_with_loader=\u00a0\u00bboff\u00a0\u00bb da_has_shadow=\u00a0\u00bbon\u00a0\u00bb][et_pb_row use_custom_gutter=\u00a0\u00bbon\u00a0\u00bb gutter_width=\u00a0\u00bb1&Prime; make_equal=\u00a0\u00bbon\u00a0\u00bb custom_padding_last_edited=\u00a0\u00bbon|desktop\u00a0\u00bb _builder_version=\u00a0\u00bb4.16&Prime; _module_preset=\u00a0\u00bbdefault\u00a0\u00bb background_enable_color=\u00a0\u00bboff\u00a0\u00bb custom_margin=\u00a0\u00bb||||false|false\u00a0\u00bb custom_margin_tablet=\u00a0\u00bb||||false|false\u00a0\u00bb custom_margin_phone=\u00a0\u00bb||||false|false\u00a0\u00bb custom_margin_last_edited=\u00a0\u00bbon|desktop\u00a0\u00bb custom_padding=\u00a0\u00bb0px||10px||false|false\u00a0\u00bb custom_padding_tablet=\u00a0\u00bb0px||0px||true|false\u00a0\u00bb custom_padding_phone=\u00a0\u00bb0px||0px||true|false\u00a0\u00bb custom_css_main_element=\u00a0\u00bbalign-items:center;\u00a0\u00bb global_colors_info=\u00a0\u00bb{}\u00a0\u00bb][et_pb_column type=\u00a0\u00bb4_4&Prime; _builder_version=\u00a0\u00bb4.16&Prime; _module_preset=\u00a0\u00bbdefault\u00a0\u00bb background_enable_color=\u00a0\u00bboff\u00a0\u00bb custom_padding=\u00a0\u00bb10px|0px|10px|0px|true|true\u00a0\u00bb custom_padding_tablet=\u00a0\u00bb\u00a0\u00bb custom_padding_phone=\u00a0\u00bb\u00a0\u00bb custom_padding_last_edited=\u00a0\u00bbon|desktop\u00a0\u00bb global_colors_info=\u00a0\u00bb{}\u00a0\u00bb][et_pb_text _builder_version=\u00a0\u00bb4.16&Prime; _module_preset=\u00a0\u00bbdefault\u00a0\u00bb header_font=\u00a0\u00bbNunito Sans|800|||||||\u00a0\u00bb header_text_align=\u00a0\u00bbcenter\u00a0\u00bb header_text_color=\u00a0\u00bb#ffffff\u00a0\u00bb header_font_size=\u00a0\u00bb40px\u00a0\u00bb header_line_height=\u00a0\u00bb1.3em\u00a0\u00bb custom_margin=\u00a0\u00bb||||false|false\u00a0\u00bb custom_margin_tablet=\u00a0\u00bb-20px||||false|false\u00a0\u00bb custom_margin_phone=\u00a0\u00bb\u00a0\u00bb custom_margin_last_edited=\u00a0\u00bbon|phone\u00a0\u00bb custom_padding=\u00a0\u00bb20px||||false|false\u00a0\u00bb custom_padding_tablet=\u00a0\u00bb30px||||false|false\u00a0\u00bb custom_padding_phone=\u00a0\u00bb40px||10px||false|false\u00a0\u00bb custom_padding_last_edited=\u00a0\u00bbon|desktop\u00a0\u00bb header_text_align_tablet=\u00a0\u00bbcenter\u00a0\u00bb header_text_align_phone=\u00a0\u00bbcenter\u00a0\u00bb header_text_align_last_edited=\u00a0\u00bbon|tablet\u00a0\u00bb header_font_size_tablet=\u00a0\u00bb\u00a0\u00bb header_font_size_phone=\u00a0\u00bb30px\u00a0\u00bb header_font_size_last_edited=\u00a0\u00bbon|desktop\u00a0\u00bb header_text_shadow_style=\u00a0\u00bbpreset2&Prime; header_text_shadow_color=\u00a0\u00bbrgba(0,0,0,0.18)\u00a0\u00bb global_colors_info=\u00a0\u00bb{}\u00a0\u00bb]<\/p>\n<h1>Clinique de suppl\u00e9ance \u00e0 la communication et de communication alternative<\/h1>\n<p>[\/et_pb_text][\/et_pb_column][\/et_pb_row][\/et_pb_section][et_pb_section fb_built=\u00a0\u00bb1&Prime; _builder_version=\u00a0\u00bb4.16&Prime; _module_preset=\u00a0\u00bbdefault\u00a0\u00bb da_disable_devices=\u00a0\u00bboff|off|off\u00a0\u00bb global_colors_info=\u00a0\u00bb{}\u00a0\u00bb da_is_popup=\u00a0\u00bboff\u00a0\u00bb da_exit_intent=\u00a0\u00bboff\u00a0\u00bb da_has_close=\u00a0\u00bbon\u00a0\u00bb da_alt_close=\u00a0\u00bboff\u00a0\u00bb da_dark_close=\u00a0\u00bboff\u00a0\u00bb da_not_modal=\u00a0\u00bbon\u00a0\u00bb da_is_singular=\u00a0\u00bboff\u00a0\u00bb da_with_loader=\u00a0\u00bboff\u00a0\u00bb da_has_shadow=\u00a0\u00bbon\u00a0\u00bb][et_pb_row column_structure=\u00a0\u00bb3_5,2_5&Prime; _builder_version=\u00a0\u00bb4.16&Prime; _module_preset=\u00a0\u00bbdefault\u00a0\u00bb global_colors_info=\u00a0\u00bb{}\u00a0\u00bb][et_pb_column type=\u00a0\u00bb3_5&Prime; _builder_version=\u00a0\u00bb4.16&Prime; _module_preset=\u00a0\u00bbdefault\u00a0\u00bb global_colors_info=\u00a0\u00bb{}\u00a0\u00bb][et_pb_text _builder_version=\u00a0\u00bb4.16&Prime; _module_preset=\u00a0\u00bbdefault\u00a0\u00bb text_font=\u00a0\u00bb|600|||||||\u00a0\u00bb text_text_color=\u00a0\u00bb#2E3E47&Prime; text_font_size=\u00a0\u00bb18px\u00a0\u00bb background_layout=\u00a0\u00bbdark\u00a0\u00bb text_orientation_tablet=\u00a0\u00bbcenter\u00a0\u00bb text_orientation_phone=\u00a0\u00bbcenter\u00a0\u00bb text_orientation_last_edited=\u00a0\u00bbon|phone\u00a0\u00bb global_colors_info=\u00a0\u00bb{}\u00a0\u00bb]<\/p>\n<p>Cette clinique sp\u00e9cialis\u00e9e facilite la communication chez les enfants et les jeunes qui ont des difficult\u00e9s importantes li\u00e9es \u00e0 la parole ou \u00e0 l\u2019\u00e9criture.<\/p>\n<p>[\/et_pb_text][et_pb_text _builder_version=\u00a0\u00bb4.16.1&Prime; _module_preset=\u00a0\u00bbdefault\u00a0\u00bb global_colors_info=\u00a0\u00bb{}\u00a0\u00bb]<\/p>\n<p>La <strong>Clinique de suppl\u00e9ance \u00e0 la communication et de communication alternative<\/strong> soutient et augmente la production \u00e9crite et la communication face \u00e0 face. Elle fait appel \u00e0 divers outils : images, gestes, dispositifs de communication, tablettes, ordinateurs, claviers et souris modifi\u00e9s, etc.<\/p>\n<p>Notre <strong>\u00e9quipe clinique<\/strong> travaille en consultation avec les partenaires communautaires et le personnel scolaire pour atteindre les objectifs de communication de l\u2019enfant, du jeune ou de la famille dans les contextes de la vie quotidienne.<\/p>\n<p>Les <strong>services<\/strong> sont appropri\u00e9s pour les enfants qui :<\/p>\n<ul>\n<li>ont des difficult\u00e9s de communication verbale<\/li>\n<li>n\u2019arrivent pas \u00e0 produire suffisamment d\u2019\u00e9criture pour conna\u00eetre du succ\u00e8s scolaire<\/li>\n<li>ont une parole difficile \u00e0 comprendre (probl\u00e8mes d\u2019articulation ou de production de mots)<\/li>\n<\/ul>\n<p>[\/et_pb_text][\/et_pb_column][et_pb_column type=\u00a0\u00bb2_5&Prime; _builder_version=\u00a0\u00bb4.16&Prime; _module_preset=\u00a0\u00bbdefault\u00a0\u00bb global_colors_info=\u00a0\u00bb{}\u00a0\u00bb][et_pb_image src=\u00a0\u00bbhttps:\/\/www.onekidsplace.ca\/wp-content\/uploads\/2022\/02\/AAC-page-photo-scaled.jpg\u00a0\u00bb alt=\u00a0\u00bbAAC Tablet\u00a0\u00bb _builder_version=\u00a0\u00bb4.16&Prime; _module_preset=\u00a0\u00bbdefault\u00a0\u00bb global_colors_info=\u00a0\u00bb{}\u00a0\u00bb][\/et_pb_image][\/et_pb_column][\/et_pb_row][et_pb_row _builder_version=\u00a0\u00bb4.16&Prime; _module_preset=\u00a0\u00bbdefault\u00a0\u00bb global_colors_info=\u00a0\u00bb{}\u00a0\u00bb][et_pb_column type=\u00a0\u00bb4_4&Prime; _builder_version=\u00a0\u00bb4.16&Prime; _module_preset=\u00a0\u00bbdefault\u00a0\u00bb global_colors_info=\u00a0\u00bb{}\u00a0\u00bb][et_pb_text _builder_version=\u00a0\u00bb4.16&Prime; _module_preset=\u00a0\u00bbdefault\u00a0\u00bb header_2_font=\u00a0\u00bb|700|||||||\u00a0\u00bb header_2_text_color=\u00a0\u00bb#005e9e\u00a0\u00bb header_3_font=\u00a0\u00bb|700|||||||\u00a0\u00bb header_3_text_color=\u00a0\u00bb#005e9e\u00a0\u00bb header_3_font_size=\u00a0\u00bb26px\u00a0\u00bb global_colors_info=\u00a0\u00bb{}\u00a0\u00bb]<\/p>\n<h2>\u00c0 propos des services<\/h2>\n<p>[\/et_pb_text][et_pb_text _builder_version=\u00a0\u00bb4.16.1&Prime; _module_preset=\u00a0\u00bbdefault\u00a0\u00bb global_colors_info=\u00a0\u00bb{}\u00a0\u00bb]<\/p>\n<p>La <strong>Clinique de suppl\u00e9ance \u00e0 la communication et de communication alternative<\/strong> utilise une vari\u00e9t\u00e9 d\u2019outils (images et photos, tablettes, gestes, commutateurs, etc.) pour faciliter la communication. Ces outils servent \u00e0 l\u2019\u00e9valuation et \u00e0 l\u2019intervention, en collaboration avec la famille et l\u2019\u00e9quipe de l\u2019\u00e9cole ou de la garderie.<\/p>\n<p>L\u2019<strong>\u00e9quipe<\/strong> fournit des ressources adapt\u00e9es \u00e0 l\u2019environnement de l\u2019enfant, que ce soit \u00e0 la maison, \u00e0 l\u2019\u00e9cole ou dans la communaut\u00e9.<\/p>\n<p>La Clinique de suppl\u00e9ance \u00e0 la communication et de communication alternative offre des services d\u2019orthophonie, d\u2019ergoth\u00e9rapie et de soutien pour les troubles de la communication.<\/p>\n<div id=\"malwarebytes-root\"><\/div>\n<p>[\/et_pb_text][\/et_pb_column][\/et_pb_row][et_pb_row _builder_version=\u00a0\u00bb4.16&Prime; _module_preset=\u00a0\u00bbdefault\u00a0\u00bb global_colors_info=\u00a0\u00bb{}\u00a0\u00bb][et_pb_column type=\u00a0\u00bb4_4&Prime; _builder_version=\u00a0\u00bb4.16&Prime; _module_preset=\u00a0\u00bbdefault\u00a0\u00bb global_colors_info=\u00a0\u00bb{}\u00a0\u00bb][et_pb_text _builder_version=\u00a0\u00bb4.16&Prime; _module_preset=\u00a0\u00bbdefault\u00a0\u00bb header_2_font=\u00a0\u00bb|700|||||||\u00a0\u00bb header_2_text_color=\u00a0\u00bb#005e9e\u00a0\u00bb header_3_font=\u00a0\u00bb|700|||||||\u00a0\u00bb header_3_text_color=\u00a0\u00bb#005e9e\u00a0\u00bb header_3_font_size=\u00a0\u00bb26px\u00a0\u00bb global_colors_info=\u00a0\u00bb{}\u00a0\u00bb]<\/p>\n<h3>Admissibilit\u00e9<\/h3>\n<p>[\/et_pb_text][et_pb_text _builder_version=\u00a0\u00bb4.22.2&Prime; _module_preset=\u00a0\u00bbdefault\u00a0\u00bb link_font=\u00a0\u00bb|600||||||#594B6A|\u00a0\u00bb link_text_color=\u00a0\u00bb#594b6a\u00a0\u00bb global_colors_info=\u00a0\u00bb{}\u00a0\u00bb]<\/p>\n<p>Les enfants et les jeunes (jusqu&rsquo;\u00e0 19 ans, ou 21 ans s&rsquo;ils fr\u00e9quentent une \u00e9cole secondaire) qui r\u00e9sident dans les districts de Muskoka, Nipissing et Parry Sound et qui n&rsquo;ont pas la parole, une parole minimale ou peu claire pour r\u00e9pondre \u00e0 leurs besoins quotidiens en mati\u00e8re de communication ; et les personnes qui ont besoin d&rsquo;aides \u00e0 l&rsquo;\u00e9criture pour r\u00e9pondre \u00e0 leurs besoins de communication \u00e9crite \u00e0 la maison.<\/p>\n<p>Apr\u00e8s le d\u00e9but des services, une personne cl\u00e9 est d\u00e9sign\u00e9e (par exemple, enseignante ou enseignant, parent, aide-enseignante ou aide-enseignant) pour appuyer l\u2019enfant dans sa progression.<\/p>\n<p>[\/et_pb_text][\/et_pb_column][\/et_pb_row][\/et_pb_section][et_pb_section fb_built=\u00a0\u00bb1&Prime; _builder_version=\u00a0\u00bb4.16&Prime; _module_preset=\u00a0\u00bbdefault\u00a0\u00bb background_color=\u00a0\u00bb#e3eaf4&Prime; da_disable_devices=\u00a0\u00bboff|off|off\u00a0\u00bb global_colors_info=\u00a0\u00bb{}\u00a0\u00bb da_is_popup=\u00a0\u00bboff\u00a0\u00bb da_exit_intent=\u00a0\u00bboff\u00a0\u00bb da_has_close=\u00a0\u00bbon\u00a0\u00bb da_alt_close=\u00a0\u00bboff\u00a0\u00bb da_dark_close=\u00a0\u00bboff\u00a0\u00bb da_not_modal=\u00a0\u00bbon\u00a0\u00bb da_is_singular=\u00a0\u00bboff\u00a0\u00bb da_with_loader=\u00a0\u00bboff\u00a0\u00bb da_has_shadow=\u00a0\u00bbon\u00a0\u00bb][et_pb_row _builder_version=\u00a0\u00bb4.16&Prime; _module_preset=\u00a0\u00bbdefault\u00a0\u00bb global_colors_info=\u00a0\u00bb{}\u00a0\u00bb][et_pb_column type=\u00a0\u00bb4_4&Prime; _builder_version=\u00a0\u00bb4.16&Prime; _module_preset=\u00a0\u00bbdefault\u00a0\u00bb global_colors_info=\u00a0\u00bb{}\u00a0\u00bb][et_pb_text _builder_version=\u00a0\u00bb4.16&Prime; _module_preset=\u00a0\u00bbdefault\u00a0\u00bb header_2_font=\u00a0\u00bb|700|||||||\u00a0\u00bb header_2_text_color=\u00a0\u00bb#005e9e\u00a0\u00bb header_3_font=\u00a0\u00bb|700|||||||\u00a0\u00bb header_3_text_color=\u00a0\u00bb#005e9e\u00a0\u00bb header_3_font_size=\u00a0\u00bb26px\u00a0\u00bb global_colors_info=\u00a0\u00bb{}\u00a0\u00bb]<\/p>\n<h3>Demande de services<\/h3>\n<p>[\/et_pb_text][et_pb_text _builder_version=\u00a0\u00bb4.16&Prime; _module_preset=\u00a0\u00bbdefault\u00a0\u00bb link_font=\u00a0\u00bb|600||||||#594B6A|\u00a0\u00bb link_text_color=\u00a0\u00bb#594b6a\u00a0\u00bb global_colors_info=\u00a0\u00bb{}\u00a0\u00bb]<\/p>\n<p>La demande peut \u00eatre faite par un parent ou par un aidant, un m\u00e9decin de famille, un p\u00e9diatre ou une tierce partie avec le consentement des parents :<\/p>\n<p>[\/et_pb_text][dsm_icon_list icon_color=\u00a0\u00bb#005e9e\u00a0\u00bb icon_background_color=\u00a0\u00bbRGBA(0,0,0,0)\u00a0\u00bb icon_padding=\u00a0\u00bb5px\u00a0\u00bb icon_font_size=\u00a0\u00bb18px\u00a0\u00bb list_vertical_alignment=\u00a0\u00bbflex-start\u00a0\u00bb text_indent=\u00a0\u00bb8px\u00a0\u00bb _builder_version=\u00a0\u00bb4.27.4&Prime; _module_preset=\u00a0\u00bbdefault\u00a0\u00bb text_font=\u00a0\u00bb|600|||||||\u00a0\u00bb text_text_color=\u00a0\u00bb#2E3E47&Prime; hover_enabled=\u00a0\u00bb0&Prime; global_colors_info=\u00a0\u00bb{}\u00a0\u00bb sticky_enabled=\u00a0\u00bb0&Prime;][dsm_icon_list_child text=\u00a0\u00bb1-866-626-9100&Prime; font_icon=\u00a0\u00bb&#xe090;||divi||400&Prime; url=\u00a0\u00bbtel:1-866-626-9100&Prime; _builder_version=\u00a0\u00bb4.16&Prime; _module_preset=\u00a0\u00bbdefault\u00a0\u00bb global_colors_info=\u00a0\u00bb{}\u00a0\u00bb][\/dsm_icon_list_child][dsm_icon_list_child text=\u00a0\u00bbFormulaire d\u2019aiguillage\u00a0\u00bb font_icon=\u00a0\u00bb&#xf0c1;||fa||900&Prime; url=\u00a0\u00bb@ET-DC@eyJkeW5hbWljIjp0cnVlLCJjb250ZW50IjoicG9zdF9saW5rX3VybF9wYWdlIiwic2V0dGluZ3MiOnsicG9zdF9pZCI6IjYyOCJ9fQ==@\u00a0\u00bb url_new_window=\u00a0\u00bbon\u00a0\u00bb _builder_version=\u00a0\u00bb4.27.4&Prime; _module_preset=\u00a0\u00bbdefault\u00a0\u00bb hover_enabled=\u00a0\u00bb0&Prime; global_colors_info=\u00a0\u00bb{}\u00a0\u00bb _dynamic_attributes=\u00a0\u00bburl\u00a0\u00bb sticky_enabled=\u00a0\u00bb0&Prime;][\/dsm_icon_list_child][\/dsm_icon_list][\/et_pb_column][\/et_pb_row][\/et_pb_section]<\/p>\n","protected":false},"excerpt":{"rendered":"<p>Clinique de suppl\u00e9ance \u00e0 la communication et de communication alternativeCette clinique sp\u00e9cialis\u00e9e facilite la communication chez les enfants et les jeunes qui ont des difficult\u00e9s importantes li\u00e9es \u00e0 la parole ou \u00e0 l\u2019\u00e9criture.La Clinique de suppl\u00e9ance \u00e0 la communication et de communication alternative soutient et augmente la production \u00e9crite et la communication face \u00e0 face. Elle fait appel \u00e0 divers outils : images, gestes, dispositifs de communication, tablettes, ordinateurs, claviers et souris modifi\u00e9s, etc. Notre \u00e9quipe clinique travaille en consultation avec les partenaires communautaires et le personnel scolaire pour atteindre les objectifs de communication de l\u2019enfant, du jeune ou de la famille dans les contextes de la vie quotidienne. Les services sont appropri\u00e9s pour les enfants qui : ont des difficult\u00e9s de communication verbale n\u2019arrivent pas \u00e0 produire suffisamment d\u2019\u00e9criture pour conna\u00eetre du succ\u00e8s scolaire ont une parole difficile \u00e0 comprendre (probl\u00e8mes d\u2019articulation ou de production de mots) \u00c0 propos des servicesLa Clinique de suppl\u00e9ance \u00e0 la communication et de communication alternative utilise une vari\u00e9t\u00e9 d\u2019outils (images et photos, tablettes, gestes, commutateurs, etc.) pour faciliter la communication. Ces outils servent \u00e0 l\u2019\u00e9valuation et \u00e0 l\u2019intervention, en collaboration avec la famille et l\u2019\u00e9quipe de l\u2019\u00e9cole ou de la garderie. L\u2019\u00e9quipe fournit [&hellip;]<\/p>\n","protected":false},"author":2,"featured_media":0,"parent":0,"menu_order":0,"comment_status":"closed","ping_status":"closed","template":"","meta":{"_et_pb_use_builder":"on","_et_pb_old_content":"","_et_gb_content_width":"","_price":"","_stock":"","_tribe_ticket_header":"","_tribe_default_ticket_provider":"","_tribe_ticket_capacity":"0","_ticket_start_date":"","_ticket_end_date":"","_tribe_ticket_show_description":"","_tribe_ticket_show_not_going":false,"_tribe_ticket_use_global_stock":"","_tribe_ticket_global_stock_level":"","_global_stock_mode":"","_global_stock_cap":"","_tribe_rsvp_for_event":"","_tribe_ticket_going_count":"","_tribe_ticket_not_going_count":"","_tribe_tickets_list":"[]","_tribe_ticket_has_attendee_info_fields":false,"footnotes":"","_tec_slr_enabled":"","_tec_slr_layout":""},"categories":[],"tags":[],"class_list":["post-8987","page","type-page","status-publish","hentry"],"yoast_head":"<!-- This site is optimized with the Yoast SEO plugin v27.4 - https:\/\/yoast.com\/product\/yoast-seo-wordpress\/ -->\n<title>Clinique de suppl\u00e9ance \u00e0 la communication et de communication alternative - One Kids Place<\/title>\n<meta name=\"robots\" content=\"index, follow, max-snippet:-1, max-image-preview:large, max-video-preview:-1\" \/>\n<link rel=\"canonical\" href=\"https:\/\/www.onekidsplace.ca\/augmentative-alternative-communication-clinic\/\" \/>\n<meta property=\"og:locale\" content=\"fr_FR\" \/>\n<meta property=\"og:type\" content=\"article\" \/>\n<meta property=\"og:title\" content=\"Clinique de suppl\u00e9ance \u00e0 la communication et de communication alternative - One Kids Place\" \/>\n<meta property=\"og:description\" content=\"Clinique de suppl\u00e9ance \u00e0 la communication et de communication alternativeCette clinique sp\u00e9cialis\u00e9e facilite la communication chez les enfants et les jeunes qui ont des difficult\u00e9s importantes li\u00e9es \u00e0 la parole ou \u00e0 l\u2019\u00e9criture.La Clinique de suppl\u00e9ance \u00e0 la communication et de communication alternative soutient et augmente la production \u00e9crite et la communication face \u00e0 face. Elle fait appel \u00e0 divers outils : images, gestes, dispositifs de communication, tablettes, ordinateurs, claviers et souris modifi\u00e9s, etc. Notre \u00e9quipe clinique travaille en consultation avec les partenaires communautaires et le personnel scolaire pour atteindre les objectifs de communication de l\u2019enfant, du jeune ou de la famille dans les contextes de la vie quotidienne. Les services sont appropri\u00e9s pour les enfants qui : ont des difficult\u00e9s de communication verbale n\u2019arrivent pas \u00e0 produire suffisamment d\u2019\u00e9criture pour conna\u00eetre du succ\u00e8s scolaire ont une parole difficile \u00e0 comprendre (probl\u00e8mes d\u2019articulation ou de production de mots) \u00c0 propos des servicesLa Clinique de suppl\u00e9ance \u00e0 la communication et de communication alternative utilise une vari\u00e9t\u00e9 d\u2019outils (images et photos, tablettes, gestes, commutateurs, etc.) pour faciliter la communication. Ces outils servent \u00e0 l\u2019\u00e9valuation et \u00e0 l\u2019intervention, en collaboration avec la famille et l\u2019\u00e9quipe de l\u2019\u00e9cole ou de la garderie. L\u2019\u00e9quipe fournit [&hellip;]\" \/>\n<meta property=\"og:url\" content=\"https:\/\/www.onekidsplace.ca\/augmentative-alternative-communication-clinic\/\" \/>\n<meta property=\"og:site_name\" content=\"One Kids Place\" \/>\n<meta property=\"article:modified_time\" content=\"2025-10-27T18:47:41+00:00\" \/>\n<meta name=\"twitter:card\" content=\"summary_large_image\" \/>\n<meta name=\"twitter:label1\" content=\"Dur\u00e9e de lecture estim\u00e9e\" \/>\n\t<meta name=\"twitter:data1\" content=\"7 minutes\" \/>\n<script type=\"application\/ld+json\" class=\"yoast-schema-graph\">{\"@context\":\"https:\\\/\\\/schema.org\",\"@graph\":[{\"@type\":\"WebPage\",\"@id\":\"https:\\\/\\\/www.onekidsplace.ca\\\/augmentative-alternative-communication-clinic\\\/\",\"url\":\"https:\\\/\\\/www.onekidsplace.ca\\\/augmentative-alternative-communication-clinic\\\/\",\"name\":\"Clinique de suppl\u00e9ance \u00e0 la communication et de communication alternative - One Kids Place\",\"isPartOf\":{\"@id\":\"https:\\\/\\\/www.onekidsplace.ca\\\/#website\"},\"datePublished\":\"2021-10-22T02:51:15+00:00\",\"dateModified\":\"2025-10-27T18:47:41+00:00\",\"breadcrumb\":{\"@id\":\"https:\\\/\\\/www.onekidsplace.ca\\\/augmentative-alternative-communication-clinic\\\/#breadcrumb\"},\"inLanguage\":\"fr-FR\",\"potentialAction\":[{\"@type\":\"ReadAction\",\"target\":[\"https:\\\/\\\/www.onekidsplace.ca\\\/augmentative-alternative-communication-clinic\\\/\"]}]},{\"@type\":\"BreadcrumbList\",\"@id\":\"https:\\\/\\\/www.onekidsplace.ca\\\/augmentative-alternative-communication-clinic\\\/#breadcrumb\",\"itemListElement\":[{\"@type\":\"ListItem\",\"position\":1,\"name\":\"Home\",\"item\":\"https:\\\/\\\/www.onekidsplace.ca\\\/\"},{\"@type\":\"ListItem\",\"position\":2,\"name\":\"Clinique de suppl\u00e9ance \u00e0 la communication et de communication alternative\"}]},{\"@type\":\"WebSite\",\"@id\":\"https:\\\/\\\/www.onekidsplace.ca\\\/#website\",\"url\":\"https:\\\/\\\/www.onekidsplace.ca\\\/\",\"name\":\"One Kids Place\",\"description\":\"Children&#039;s Treatment Centre\",\"potentialAction\":[{\"@type\":\"SearchAction\",\"target\":{\"@type\":\"EntryPoint\",\"urlTemplate\":\"https:\\\/\\\/www.onekidsplace.ca\\\/?s={search_term_string}\"},\"query-input\":{\"@type\":\"PropertyValueSpecification\",\"valueRequired\":true,\"valueName\":\"search_term_string\"}}],\"inLanguage\":\"fr-FR\"}]}<\/script>\n<!-- \/ Yoast SEO plugin. -->","yoast_head_json":{"title":"Clinique de suppl\u00e9ance \u00e0 la communication et de communication alternative - One Kids Place","robots":{"index":"index","follow":"follow","max-snippet":"max-snippet:-1","max-image-preview":"max-image-preview:large","max-video-preview":"max-video-preview:-1"},"canonical":"https:\/\/www.onekidsplace.ca\/augmentative-alternative-communication-clinic\/","og_locale":"fr_FR","og_type":"article","og_title":"Clinique de suppl\u00e9ance \u00e0 la communication et de communication alternative - One Kids Place","og_description":"Clinique de suppl\u00e9ance \u00e0 la communication et de communication alternativeCette clinique sp\u00e9cialis\u00e9e facilite la communication chez les enfants et les jeunes qui ont des difficult\u00e9s importantes li\u00e9es \u00e0 la parole ou \u00e0 l\u2019\u00e9criture.La Clinique de suppl\u00e9ance \u00e0 la communication et de communication alternative soutient et augmente la production \u00e9crite et la communication face \u00e0 face. Elle fait appel \u00e0 divers outils : images, gestes, dispositifs de communication, tablettes, ordinateurs, claviers et souris modifi\u00e9s, etc. Notre \u00e9quipe clinique travaille en consultation avec les partenaires communautaires et le personnel scolaire pour atteindre les objectifs de communication de l\u2019enfant, du jeune ou de la famille dans les contextes de la vie quotidienne. Les services sont appropri\u00e9s pour les enfants qui : ont des difficult\u00e9s de communication verbale n\u2019arrivent pas \u00e0 produire suffisamment d\u2019\u00e9criture pour conna\u00eetre du succ\u00e8s scolaire ont une parole difficile \u00e0 comprendre (probl\u00e8mes d\u2019articulation ou de production de mots) \u00c0 propos des servicesLa Clinique de suppl\u00e9ance \u00e0 la communication et de communication alternative utilise une vari\u00e9t\u00e9 d\u2019outils (images et photos, tablettes, gestes, commutateurs, etc.) pour faciliter la communication. Ces outils servent \u00e0 l\u2019\u00e9valuation et \u00e0 l\u2019intervention, en collaboration avec la famille et l\u2019\u00e9quipe de l\u2019\u00e9cole ou de la garderie. L\u2019\u00e9quipe fournit [&hellip;]","og_url":"https:\/\/www.onekidsplace.ca\/augmentative-alternative-communication-clinic\/","og_site_name":"One Kids Place","article_modified_time":"2025-10-27T18:47:41+00:00","twitter_card":"summary_large_image","twitter_misc":{"Dur\u00e9e de lecture estim\u00e9e":"7 minutes"},"schema":{"@context":"https:\/\/schema.org","@graph":[{"@type":"WebPage","@id":"https:\/\/www.onekidsplace.ca\/augmentative-alternative-communication-clinic\/","url":"https:\/\/www.onekidsplace.ca\/augmentative-alternative-communication-clinic\/","name":"Clinique de suppl\u00e9ance \u00e0 la communication et de communication alternative - One Kids Place","isPartOf":{"@id":"https:\/\/www.onekidsplace.ca\/#website"},"datePublished":"2021-10-22T02:51:15+00:00","dateModified":"2025-10-27T18:47:41+00:00","breadcrumb":{"@id":"https:\/\/www.onekidsplace.ca\/augmentative-alternative-communication-clinic\/#breadcrumb"},"inLanguage":"fr-FR","potentialAction":[{"@type":"ReadAction","target":["https:\/\/www.onekidsplace.ca\/augmentative-alternative-communication-clinic\/"]}]},{"@type":"BreadcrumbList","@id":"https:\/\/www.onekidsplace.ca\/augmentative-alternative-communication-clinic\/#breadcrumb","itemListElement":[{"@type":"ListItem","position":1,"name":"Home","item":"https:\/\/www.onekidsplace.ca\/"},{"@type":"ListItem","position":2,"name":"Clinique de suppl\u00e9ance \u00e0 la communication et de communication alternative"}]},{"@type":"WebSite","@id":"https:\/\/www.onekidsplace.ca\/#website","url":"https:\/\/www.onekidsplace.ca\/","name":"One Kids Place","description":"Children&#039;s Treatment Centre","potentialAction":[{"@type":"SearchAction","target":{"@type":"EntryPoint","urlTemplate":"https:\/\/www.onekidsplace.ca\/?s={search_term_string}"},"query-input":{"@type":"PropertyValueSpecification","valueRequired":true,"valueName":"search_term_string"}}],"inLanguage":"fr-FR"}]}},"ticketed":false,"_links":{"self":[{"href":"https:\/\/www.onekidsplace.ca\/fr\/wp-json\/wp\/v2\/pages\/8987","targetHints":{"allow":["GET"]}}],"collection":[{"href":"https:\/\/www.onekidsplace.ca\/fr\/wp-json\/wp\/v2\/pages"}],"about":[{"href":"https:\/\/www.onekidsplace.ca\/fr\/wp-json\/wp\/v2\/types\/page"}],"author":[{"embeddable":true,"href":"https:\/\/www.onekidsplace.ca\/fr\/wp-json\/wp\/v2\/users\/2"}],"replies":[{"embeddable":true,"href":"https:\/\/www.onekidsplace.ca\/fr\/wp-json\/wp\/v2\/comments?post=8987"}],"version-history":[{"count":8,"href":"https:\/\/www.onekidsplace.ca\/fr\/wp-json\/wp\/v2\/pages\/8987\/revisions"}],"predecessor-version":[{"id":20031,"href":"https:\/\/www.onekidsplace.ca\/fr\/wp-json\/wp\/v2\/pages\/8987\/revisions\/20031"}],"wp:attachment":[{"href":"https:\/\/www.onekidsplace.ca\/fr\/wp-json\/wp\/v2\/media?parent=8987"}],"wp:term":[{"taxonomy":"category","embeddable":true,"href":"https:\/\/www.onekidsplace.ca\/fr\/wp-json\/wp\/v2\/categories?post=8987"},{"taxonomy":"post_tag","embeddable":true,"href":"https:\/\/www.onekidsplace.ca\/fr\/wp-json\/wp\/v2\/tags?post=8987"}],"curies":[{"name":"wp","href":"https:\/\/api.w.org\/{rel}","templated":true}]}}