{"id":10000,"date":"2021-10-28T18:24:31","date_gmt":"2021-10-28T22:24:31","guid":{"rendered":"https:\/\/www.onekidsplace.ca\/benevoles\/"},"modified":"2023-08-04T00:41:04","modified_gmt":"2023-08-04T04:41:04","slug":"benevoles","status":"publish","type":"page","link":"https:\/\/www.onekidsplace.ca\/fr\/benevoles\/","title":{"rendered":"B\u00e9n\u00e9voles"},"content":{"rendered":"<p>[et_pb_section fb_built=\u00a0\u00bb1&Prime; custom_padding_last_edited=\u00a0\u00bbon|desktop\u00a0\u00bb _builder_version=\u00a0\u00bb4.16&Prime; _module_preset=\u00a0\u00bbdefault\u00a0\u00bb background_color=\u00a0\u00bb#005e9e\u00a0\u00bb background_color_gradient_start=\u00a0\u00bbrgba(10,10,10,0.08)\u00a0\u00bb background_color_gradient_end=\u00a0\u00bbrgba(10,10,10,0.08)\u00a0\u00bb background_enable_image=\u00a0\u00bboff\u00a0\u00bb parallax=\u00a0\u00bbon\u00a0\u00bb custom_padding=\u00a0\u00bb10px||10px||true|false\u00a0\u00bb custom_padding_tablet=\u00a0\u00bb\u00a0\u00bb custom_padding_phone=\u00a0\u00bb\u00a0\u00bb da_disable_devices=\u00a0\u00bboff|off|off\u00a0\u00bb locked=\u00a0\u00bboff\u00a0\u00bb global_colors_info=\u00a0\u00bb{}\u00a0\u00bb theme_builder_area=\u00a0\u00bbpost_content\u00a0\u00bb da_is_popup=\u00a0\u00bboff\u00a0\u00bb da_exit_intent=\u00a0\u00bboff\u00a0\u00bb da_has_close=\u00a0\u00bbon\u00a0\u00bb da_alt_close=\u00a0\u00bboff\u00a0\u00bb da_dark_close=\u00a0\u00bboff\u00a0\u00bb da_not_modal=\u00a0\u00bbon\u00a0\u00bb da_is_singular=\u00a0\u00bboff\u00a0\u00bb da_with_loader=\u00a0\u00bboff\u00a0\u00bb da_has_shadow=\u00a0\u00bbon\u00a0\u00bb][et_pb_row use_custom_gutter=\u00a0\u00bbon\u00a0\u00bb gutter_width=\u00a0\u00bb1&Prime; make_equal=\u00a0\u00bbon\u00a0\u00bb custom_padding_last_edited=\u00a0\u00bbon|desktop\u00a0\u00bb _builder_version=\u00a0\u00bb4.16&Prime; _module_preset=\u00a0\u00bbdefault\u00a0\u00bb background_enable_color=\u00a0\u00bboff\u00a0\u00bb custom_margin=\u00a0\u00bb||||false|false\u00a0\u00bb custom_margin_tablet=\u00a0\u00bb||||false|false\u00a0\u00bb custom_margin_phone=\u00a0\u00bb||||false|false\u00a0\u00bb custom_margin_last_edited=\u00a0\u00bbon|desktop\u00a0\u00bb custom_padding=\u00a0\u00bb0px||10px||false|false\u00a0\u00bb custom_padding_tablet=\u00a0\u00bb0px||0px||true|false\u00a0\u00bb custom_padding_phone=\u00a0\u00bb0px||0px||true|false\u00a0\u00bb custom_css_main_element=\u00a0\u00bbalign-items:center;\u00a0\u00bb global_colors_info=\u00a0\u00bb{}\u00a0\u00bb theme_builder_area=\u00a0\u00bbpost_content\u00a0\u00bb][et_pb_column type=\u00a0\u00bb4_4&Prime; _builder_version=\u00a0\u00bb4.16&Prime; _module_preset=\u00a0\u00bbdefault\u00a0\u00bb background_enable_color=\u00a0\u00bboff\u00a0\u00bb custom_padding=\u00a0\u00bb10px|0px|10px|0px|true|true\u00a0\u00bb custom_padding_tablet=\u00a0\u00bb\u00a0\u00bb custom_padding_phone=\u00a0\u00bb\u00a0\u00bb custom_padding_last_edited=\u00a0\u00bbon|desktop\u00a0\u00bb global_colors_info=\u00a0\u00bb{}\u00a0\u00bb theme_builder_area=\u00a0\u00bbpost_content\u00a0\u00bb][et_pb_text _builder_version=\u00a0\u00bb4.21.0&Prime; _module_preset=\u00a0\u00bbdefault\u00a0\u00bb header_font=\u00a0\u00bbNunito Sans|800|||||||\u00a0\u00bb header_text_align=\u00a0\u00bbcenter\u00a0\u00bb header_text_color=\u00a0\u00bb#ffffff\u00a0\u00bb header_font_size=\u00a0\u00bb40px\u00a0\u00bb header_line_height=\u00a0\u00bb1.3em\u00a0\u00bb custom_margin=\u00a0\u00bb||||false|false\u00a0\u00bb custom_margin_tablet=\u00a0\u00bb-20px||||false|false\u00a0\u00bb custom_margin_phone=\u00a0\u00bb\u00a0\u00bb custom_margin_last_edited=\u00a0\u00bbon|phone\u00a0\u00bb custom_padding=\u00a0\u00bb20px||||false|false\u00a0\u00bb custom_padding_tablet=\u00a0\u00bb30px||||false|false\u00a0\u00bb custom_padding_phone=\u00a0\u00bb40px||10px||false|false\u00a0\u00bb custom_padding_last_edited=\u00a0\u00bbon|desktop\u00a0\u00bb hover_enabled=\u00a0\u00bb0&Prime; header_text_align_tablet=\u00a0\u00bbcenter\u00a0\u00bb header_text_align_phone=\u00a0\u00bbcenter\u00a0\u00bb header_text_align_last_edited=\u00a0\u00bbon|tablet\u00a0\u00bb header_font_size_tablet=\u00a0\u00bb\u00a0\u00bb header_font_size_phone=\u00a0\u00bb30px\u00a0\u00bb header_font_size_last_edited=\u00a0\u00bbon|desktop\u00a0\u00bb header_text_shadow_style=\u00a0\u00bbpreset2&Prime; header_text_shadow_color=\u00a0\u00bbrgba(0,0,0,0.18)\u00a0\u00bb global_colors_info=\u00a0\u00bb{}\u00a0\u00bb theme_builder_area=\u00a0\u00bbpost_content\u00a0\u00bb sticky_enabled=\u00a0\u00bb0&Prime;]<\/p>\n<h1>B\u00e9n\u00e9voles<\/h1>\n<p>[\/et_pb_text][\/et_pb_column][\/et_pb_row][\/et_pb_section][et_pb_section fb_built=\u00a0\u00bb1&Prime; _builder_version=\u00a0\u00bb4.16&Prime; _module_preset=\u00a0\u00bbdefault\u00a0\u00bb da_disable_devices=\u00a0\u00bboff|off|off\u00a0\u00bb global_colors_info=\u00a0\u00bb{}\u00a0\u00bb theme_builder_area=\u00a0\u00bbpost_content\u00a0\u00bb da_is_popup=\u00a0\u00bboff\u00a0\u00bb da_exit_intent=\u00a0\u00bboff\u00a0\u00bb da_has_close=\u00a0\u00bbon\u00a0\u00bb da_alt_close=\u00a0\u00bboff\u00a0\u00bb da_dark_close=\u00a0\u00bboff\u00a0\u00bb da_not_modal=\u00a0\u00bbon\u00a0\u00bb da_is_singular=\u00a0\u00bboff\u00a0\u00bb da_with_loader=\u00a0\u00bboff\u00a0\u00bb da_has_shadow=\u00a0\u00bbon\u00a0\u00bb][et_pb_row _builder_version=\u00a0\u00bb4.16&Prime; _module_preset=\u00a0\u00bbdefault\u00a0\u00bb global_colors_info=\u00a0\u00bb{}\u00a0\u00bb theme_builder_area=\u00a0\u00bbpost_content\u00a0\u00bb][et_pb_column type=\u00a0\u00bb4_4&Prime; _builder_version=\u00a0\u00bb4.16&Prime; _module_preset=\u00a0\u00bbdefault\u00a0\u00bb global_colors_info=\u00a0\u00bb{}\u00a0\u00bb theme_builder_area=\u00a0\u00bbpost_content\u00a0\u00bb][et_pb_text _builder_version=\u00a0\u00bb4.21.0&Prime; _module_preset=\u00a0\u00bbdefault\u00a0\u00bb text_font=\u00a0\u00bb|600|||||||\u00a0\u00bb text_text_color=\u00a0\u00bb#2E3E47&Prime; text_font_size=\u00a0\u00bb18px\u00a0\u00bb background_layout=\u00a0\u00bbdark\u00a0\u00bb hover_enabled=\u00a0\u00bb0&Prime; text_orientation_tablet=\u00a0\u00bbcenter\u00a0\u00bb text_orientation_phone=\u00a0\u00bbcenter\u00a0\u00bb text_orientation_last_edited=\u00a0\u00bbon|phone\u00a0\u00bb global_colors_info=\u00a0\u00bb{}\u00a0\u00bb theme_builder_area=\u00a0\u00bbpost_content\u00a0\u00bb sticky_enabled=\u00a0\u00bb0&Prime;]<\/p>\n<p>Les b\u00e9n\u00e9voles sont des membres pr\u00e9cieux de l\u2019\u00e9quipe de La Place des enfants. Les b\u00e9n\u00e9voles jouent un r\u00f4le cl\u00e9 pour am\u00e9liorer les services importants que nous offrons \u00e0 nos clients et aux familles.<\/p>\n<p>[\/et_pb_text][et_pb_text _builder_version=\u00a0\u00bb4.21.0&Prime; _module_preset=\u00a0\u00bbdefault\u00a0\u00bb hover_enabled=\u00a0\u00bb0&Prime; global_colors_info=\u00a0\u00bb{}\u00a0\u00bb theme_builder_area=\u00a0\u00bbpost_content\u00a0\u00bb sticky_enabled=\u00a0\u00bb0&Prime;]<\/p>\n<p>Les b\u00e9n\u00e9voles participent \u00e0 de nombreuses activit\u00e9s, comme les groupes de th\u00e9rapie, la garde des fr\u00e8res et s\u0153urs et le nettoyage et la r\u00e9paration des jouets et du mat\u00e9riel th\u00e9rapeutique. Leur aide est pr\u00e9cieuse lors des activit\u00e9s communautaires, des \u00e9v\u00e9nements sp\u00e9ciaux et des collectes de fonds. Les possibilit\u00e9s sont nombreuses!<\/p>\n<p>Le Programme de b\u00e9n\u00e9volat de La Place des enfants est l\u2019occasion id\u00e9ale de partager ses talents, d\u2019explorer ses int\u00e9r\u00eats et de travailler aux c\u00f4t\u00e9s du personnel, des enfants et des familles.<\/p>\n<p>[\/et_pb_text][\/et_pb_column][\/et_pb_row][et_pb_row _builder_version=\u00a0\u00bb4.16&Prime; _module_preset=\u00a0\u00bbdefault\u00a0\u00bb global_colors_info=\u00a0\u00bb{}\u00a0\u00bb column_structure=\u00a0\u00bb2_3,1_3&Prime; theme_builder_area=\u00a0\u00bbpost_content\u00a0\u00bb][et_pb_column type=\u00a0\u00bb2_3&Prime; _builder_version=\u00a0\u00bb4.16&Prime; _module_preset=\u00a0\u00bbdefault\u00a0\u00bb global_colors_info=\u00a0\u00bb{}\u00a0\u00bb theme_builder_area=\u00a0\u00bbpost_content\u00a0\u00bb][et_pb_text _builder_version=\u00a0\u00bb4.21.0&Prime; _module_preset=\u00a0\u00bbdefault\u00a0\u00bb hover_enabled=\u00a0\u00bb0&Prime; global_colors_info=\u00a0\u00bb{}\u00a0\u00bb theme_builder_area=\u00a0\u00bbpost_content\u00a0\u00bb quote_border_color=\u00a0\u00bb#9C258C\u00a0\u00bb sticky_enabled=\u00a0\u00bb0&Prime;]<\/p>\n<p><strong>Jesse, coordonnatrice des b\u00e9n\u00e9voles et m\u00e8re de Reid, travaille aupr\u00e8s de La Place des enfants depuis 9 ans.<\/strong><\/p>\n<p>Jesse s\u2019implique activement dans la communaut\u00e9 et consacre beaucoup d\u2019heures \u00e0 appuyer les programmes de groupe et les activit\u00e9s pour enfants. <\/p>\n<blockquote>\n<p>\u00ab Ce r\u00f4le me tient \u00e0 c\u0153ur. J\u2019ai commenc\u00e9 \u00e0 La place des enfants comme b\u00e9n\u00e9vole et j\u2019ai eu le privil\u00e8ge d\u2019y faire des stages comme \u00e9tudiante. J\u2019adore cette organisation! Je suis fi\u00e8re de dire que j\u2019y travaille depuis <br \/>pr\u00e8s de 10 ans. \u00bb<\/p>\n<\/blockquote>\n<p>[\/et_pb_text][\/et_pb_column][et_pb_column type=\u00a0\u00bb1_3&Prime; _builder_version=\u00a0\u00bb4.16&Prime; _module_preset=\u00a0\u00bbdefault\u00a0\u00bb global_colors_info=\u00a0\u00bb{}\u00a0\u00bb theme_builder_area=\u00a0\u00bbpost_content\u00a0\u00bb][et_pb_image src=\u00a0\u00bbhttps:\/\/www.onekidsplace.ca\/wp-content\/uploads\/2023\/06\/JesseR-e1687879155917.jpg\u00a0\u00bb alt=\u00a0\u00bbJesse, coordonnatrice des b\u00e9n\u00e9voles\u00a0\u00bb _builder_version=\u00a0\u00bb4.21.0&Prime; _module_preset=\u00a0\u00bbdefault\u00a0\u00bb hover_enabled=\u00a0\u00bb0&Prime; global_colors_info=\u00a0\u00bb{}\u00a0\u00bb theme_builder_area=\u00a0\u00bbpost_content\u00a0\u00bb sticky_enabled=\u00a0\u00bb0&Prime;][\/et_pb_image][\/et_pb_column][\/et_pb_row][\/et_pb_section][et_pb_section fb_built=\u00a0\u00bb1&Prime; _builder_version=\u00a0\u00bb4.16&Prime; _module_preset=\u00a0\u00bbdefault\u00a0\u00bb background_color=\u00a0\u00bb#e3eaf4&Prime; da_disable_devices=\u00a0\u00bboff|off|off\u00a0\u00bb global_colors_info=\u00a0\u00bb{}\u00a0\u00bb theme_builder_area=\u00a0\u00bbpost_content\u00a0\u00bb da_is_popup=\u00a0\u00bboff\u00a0\u00bb da_exit_intent=\u00a0\u00bboff\u00a0\u00bb da_has_close=\u00a0\u00bbon\u00a0\u00bb da_alt_close=\u00a0\u00bboff\u00a0\u00bb da_dark_close=\u00a0\u00bboff\u00a0\u00bb da_not_modal=\u00a0\u00bbon\u00a0\u00bb da_is_singular=\u00a0\u00bboff\u00a0\u00bb da_with_loader=\u00a0\u00bboff\u00a0\u00bb da_has_shadow=\u00a0\u00bbon\u00a0\u00bb][et_pb_row _builder_version=\u00a0\u00bb4.16&Prime; _module_preset=\u00a0\u00bbdefault\u00a0\u00bb global_colors_info=\u00a0\u00bb{}\u00a0\u00bb theme_builder_area=\u00a0\u00bbpost_content\u00a0\u00bb][et_pb_column type=\u00a0\u00bb4_4&Prime; _builder_version=\u00a0\u00bb4.16&Prime; _module_preset=\u00a0\u00bbdefault\u00a0\u00bb global_colors_info=\u00a0\u00bb{}\u00a0\u00bb theme_builder_area=\u00a0\u00bbpost_content\u00a0\u00bb][et_pb_text _builder_version=\u00a0\u00bb4.21.0&Prime; _module_preset=\u00a0\u00bbdefault\u00a0\u00bb link_font=\u00a0\u00bb|600||||||#594B6A|\u00a0\u00bb link_text_color=\u00a0\u00bb#594b6a\u00a0\u00bb hover_enabled=\u00a0\u00bb0&Prime; global_colors_info=\u00a0\u00bb{}\u00a0\u00bb theme_builder_area=\u00a0\u00bbpost_content\u00a0\u00bb sticky_enabled=\u00a0\u00bb0&Prime; text_orientation=\u00a0\u00bbcenter\u00a0\u00bb]<\/p>\n<p>Pour en savoir plus sur le b\u00e9n\u00e9volat, contactez-nous :<br \/><a href=\"tel:705-476-5437\">705.476.5437<\/a>, poste 3880 ou par courriel <a href=\"mailto:volunteer@onekidsplace.ca\">volunteer@onekidsplace.ca<\/a><\/p>\n<p><strong>Cliquez sur le lien ci-dessous pour soumettre une demande en ligne avec Better Impact :<\/strong><\/p>\n<p>[\/et_pb_text][et_pb_button button_text=\u00a0\u00bbAcc\u00e9der \u00e0 la candidature en ligne\u00a0\u00bb _builder_version=\u00a0\u00bb4.21.0&Prime; _module_preset=\u00a0\u00bbdefault\u00a0\u00bb theme_builder_area=\u00a0\u00bbpost_content\u00a0\u00bb button_url=\u00a0\u00bbhttp:\/\/bttr.im\/kbikh\u00a0\u00bb url_new_window=\u00a0\u00bbon\u00a0\u00bb hover_enabled=\u00a0\u00bb0&Prime; sticky_enabled=\u00a0\u00bb0&Prime; button_alignment=\u00a0\u00bbcenter\u00a0\u00bb][\/et_pb_button][\/et_pb_column][\/et_pb_row][\/et_pb_section]<\/p>\n","protected":false},"excerpt":{"rendered":"<p>B\u00e9n\u00e9volesLes b\u00e9n\u00e9voles sont des membres pr\u00e9cieux de l\u2019\u00e9quipe de La Place des enfants. Les b\u00e9n\u00e9voles jouent un r\u00f4le cl\u00e9 pour am\u00e9liorer les services importants que nous offrons \u00e0 nos clients et aux familles.Les b\u00e9n\u00e9voles participent \u00e0 de nombreuses activit\u00e9s, comme les groupes de th\u00e9rapie, la garde des fr\u00e8res et s\u0153urs et le nettoyage et la r\u00e9paration des jouets et du mat\u00e9riel th\u00e9rapeutique. Leur aide est pr\u00e9cieuse lors des activit\u00e9s communautaires, des \u00e9v\u00e9nements sp\u00e9ciaux et des collectes de fonds. Les possibilit\u00e9s sont nombreuses! Le Programme de b\u00e9n\u00e9volat de La Place des enfants est l\u2019occasion id\u00e9ale de partager ses talents, d\u2019explorer ses int\u00e9r\u00eats et de travailler aux c\u00f4t\u00e9s du personnel, des enfants et des familles.Jesse, coordonnatrice des b\u00e9n\u00e9voles et m\u00e8re de Reid, travaille aupr\u00e8s de La Place des enfants depuis 9 ans. Jesse s\u2019implique activement dans la communaut\u00e9 et consacre beaucoup d\u2019heures \u00e0 appuyer les programmes de groupe et les activit\u00e9s pour enfants. \u00ab Ce r\u00f4le me tient \u00e0 c\u0153ur. J\u2019ai commenc\u00e9 \u00e0 La place des enfants comme b\u00e9n\u00e9vole et j\u2019ai eu le privil\u00e8ge d\u2019y faire des stages comme \u00e9tudiante. J\u2019adore cette organisation! Je suis fi\u00e8re de dire que j\u2019y travaille depuis pr\u00e8s de 10 ans. \u00bb Pour en savoir plus sur [&hellip;]<\/p>\n","protected":false},"author":2,"featured_media":0,"parent":0,"menu_order":0,"comment_status":"closed","ping_status":"closed","template":"","meta":{"_et_pb_use_builder":"on","_et_pb_old_content":"","_et_gb_content_width":"","_price":"","_stock":"","_tribe_ticket_header":"","_tribe_default_ticket_provider":"","_tribe_ticket_capacity":"0","_ticket_start_date":"","_ticket_end_date":"","_tribe_ticket_show_description":"","_tribe_ticket_show_not_going":false,"_tribe_ticket_use_global_stock":"","_tribe_ticket_global_stock_level":"","_global_stock_mode":"","_global_stock_cap":"","_tribe_rsvp_for_event":"","_tribe_ticket_going_count":"","_tribe_ticket_not_going_count":"","_tribe_tickets_list":"[]","_tribe_ticket_has_attendee_info_fields":false,"footnotes":"","_tec_slr_enabled":"","_tec_slr_layout":""},"categories":[],"tags":[],"class_list":["post-10000","page","type-page","status-publish","hentry"],"yoast_head":"<!-- This site is optimized with the Yoast SEO plugin v27.4 - https:\/\/yoast.com\/product\/yoast-seo-wordpress\/ -->\n<title>B\u00e9n\u00e9voles - One Kids Place<\/title>\n<meta name=\"robots\" content=\"index, follow, max-snippet:-1, max-image-preview:large, max-video-preview:-1\" \/>\n<link rel=\"canonical\" href=\"https:\/\/www.onekidsplace.ca\/volunteer\/\" \/>\n<meta property=\"og:locale\" content=\"fr_FR\" \/>\n<meta property=\"og:type\" content=\"article\" \/>\n<meta property=\"og:title\" content=\"B\u00e9n\u00e9voles - One Kids Place\" \/>\n<meta property=\"og:description\" content=\"B\u00e9n\u00e9volesLes b\u00e9n\u00e9voles sont des membres pr\u00e9cieux de l\u2019\u00e9quipe de La Place des enfants. Les b\u00e9n\u00e9voles jouent un r\u00f4le cl\u00e9 pour am\u00e9liorer les services importants que nous offrons \u00e0 nos clients et aux familles.Les b\u00e9n\u00e9voles participent \u00e0 de nombreuses activit\u00e9s, comme les groupes de th\u00e9rapie, la garde des fr\u00e8res et s\u0153urs et le nettoyage et la r\u00e9paration des jouets et du mat\u00e9riel th\u00e9rapeutique. Leur aide est pr\u00e9cieuse lors des activit\u00e9s communautaires, des \u00e9v\u00e9nements sp\u00e9ciaux et des collectes de fonds. Les possibilit\u00e9s sont nombreuses! Le Programme de b\u00e9n\u00e9volat de La Place des enfants est l\u2019occasion id\u00e9ale de partager ses talents, d\u2019explorer ses int\u00e9r\u00eats et de travailler aux c\u00f4t\u00e9s du personnel, des enfants et des familles.Jesse, coordonnatrice des b\u00e9n\u00e9voles et m\u00e8re de Reid, travaille aupr\u00e8s de La Place des enfants depuis 9 ans. Jesse s\u2019implique activement dans la communaut\u00e9 et consacre beaucoup d\u2019heures \u00e0 appuyer les programmes de groupe et les activit\u00e9s pour enfants. \u00ab Ce r\u00f4le me tient \u00e0 c\u0153ur. J\u2019ai commenc\u00e9 \u00e0 La place des enfants comme b\u00e9n\u00e9vole et j\u2019ai eu le privil\u00e8ge d\u2019y faire des stages comme \u00e9tudiante. J\u2019adore cette organisation! Je suis fi\u00e8re de dire que j\u2019y travaille depuis pr\u00e8s de 10 ans. \u00bb Pour en savoir plus sur [&hellip;]\" \/>\n<meta property=\"og:url\" content=\"https:\/\/www.onekidsplace.ca\/volunteer\/\" \/>\n<meta property=\"og:site_name\" content=\"One Kids Place\" \/>\n<meta property=\"article:modified_time\" content=\"2023-08-04T04:41:04+00:00\" \/>\n<meta name=\"twitter:card\" content=\"summary_large_image\" \/>\n<meta name=\"twitter:label1\" content=\"Dur\u00e9e de lecture estim\u00e9e\" \/>\n\t<meta name=\"twitter:data1\" content=\"6 minutes\" \/>\n<script type=\"application\/ld+json\" class=\"yoast-schema-graph\">{\"@context\":\"https:\\\/\\\/schema.org\",\"@graph\":[{\"@type\":\"WebPage\",\"@id\":\"https:\\\/\\\/www.onekidsplace.ca\\\/volunteer\\\/\",\"url\":\"https:\\\/\\\/www.onekidsplace.ca\\\/volunteer\\\/\",\"name\":\"B\u00e9n\u00e9voles - One Kids Place\",\"isPartOf\":{\"@id\":\"https:\\\/\\\/www.onekidsplace.ca\\\/#website\"},\"datePublished\":\"2021-10-28T22:24:31+00:00\",\"dateModified\":\"2023-08-04T04:41:04+00:00\",\"breadcrumb\":{\"@id\":\"https:\\\/\\\/www.onekidsplace.ca\\\/volunteer\\\/#breadcrumb\"},\"inLanguage\":\"fr-FR\",\"potentialAction\":[{\"@type\":\"ReadAction\",\"target\":[\"https:\\\/\\\/www.onekidsplace.ca\\\/volunteer\\\/\"]}]},{\"@type\":\"BreadcrumbList\",\"@id\":\"https:\\\/\\\/www.onekidsplace.ca\\\/volunteer\\\/#breadcrumb\",\"itemListElement\":[{\"@type\":\"ListItem\",\"position\":1,\"name\":\"Home\",\"item\":\"https:\\\/\\\/www.onekidsplace.ca\\\/\"},{\"@type\":\"ListItem\",\"position\":2,\"name\":\"B\u00e9n\u00e9voles\"}]},{\"@type\":\"WebSite\",\"@id\":\"https:\\\/\\\/www.onekidsplace.ca\\\/#website\",\"url\":\"https:\\\/\\\/www.onekidsplace.ca\\\/\",\"name\":\"One Kids Place\",\"description\":\"Children&#039;s Treatment Centre\",\"potentialAction\":[{\"@type\":\"SearchAction\",\"target\":{\"@type\":\"EntryPoint\",\"urlTemplate\":\"https:\\\/\\\/www.onekidsplace.ca\\\/?s={search_term_string}\"},\"query-input\":{\"@type\":\"PropertyValueSpecification\",\"valueRequired\":true,\"valueName\":\"search_term_string\"}}],\"inLanguage\":\"fr-FR\"}]}<\/script>\n<!-- \/ Yoast SEO plugin. -->","yoast_head_json":{"title":"B\u00e9n\u00e9voles - One Kids Place","robots":{"index":"index","follow":"follow","max-snippet":"max-snippet:-1","max-image-preview":"max-image-preview:large","max-video-preview":"max-video-preview:-1"},"canonical":"https:\/\/www.onekidsplace.ca\/volunteer\/","og_locale":"fr_FR","og_type":"article","og_title":"B\u00e9n\u00e9voles - One Kids Place","og_description":"B\u00e9n\u00e9volesLes b\u00e9n\u00e9voles sont des membres pr\u00e9cieux de l\u2019\u00e9quipe de La Place des enfants. Les b\u00e9n\u00e9voles jouent un r\u00f4le cl\u00e9 pour am\u00e9liorer les services importants que nous offrons \u00e0 nos clients et aux familles.Les b\u00e9n\u00e9voles participent \u00e0 de nombreuses activit\u00e9s, comme les groupes de th\u00e9rapie, la garde des fr\u00e8res et s\u0153urs et le nettoyage et la r\u00e9paration des jouets et du mat\u00e9riel th\u00e9rapeutique. Leur aide est pr\u00e9cieuse lors des activit\u00e9s communautaires, des \u00e9v\u00e9nements sp\u00e9ciaux et des collectes de fonds. Les possibilit\u00e9s sont nombreuses! Le Programme de b\u00e9n\u00e9volat de La Place des enfants est l\u2019occasion id\u00e9ale de partager ses talents, d\u2019explorer ses int\u00e9r\u00eats et de travailler aux c\u00f4t\u00e9s du personnel, des enfants et des familles.Jesse, coordonnatrice des b\u00e9n\u00e9voles et m\u00e8re de Reid, travaille aupr\u00e8s de La Place des enfants depuis 9 ans. Jesse s\u2019implique activement dans la communaut\u00e9 et consacre beaucoup d\u2019heures \u00e0 appuyer les programmes de groupe et les activit\u00e9s pour enfants. \u00ab Ce r\u00f4le me tient \u00e0 c\u0153ur. J\u2019ai commenc\u00e9 \u00e0 La place des enfants comme b\u00e9n\u00e9vole et j\u2019ai eu le privil\u00e8ge d\u2019y faire des stages comme \u00e9tudiante. J\u2019adore cette organisation! Je suis fi\u00e8re de dire que j\u2019y travaille depuis pr\u00e8s de 10 ans. \u00bb Pour en savoir plus sur [&hellip;]","og_url":"https:\/\/www.onekidsplace.ca\/volunteer\/","og_site_name":"One Kids Place","article_modified_time":"2023-08-04T04:41:04+00:00","twitter_card":"summary_large_image","twitter_misc":{"Dur\u00e9e de lecture estim\u00e9e":"6 minutes"},"schema":{"@context":"https:\/\/schema.org","@graph":[{"@type":"WebPage","@id":"https:\/\/www.onekidsplace.ca\/volunteer\/","url":"https:\/\/www.onekidsplace.ca\/volunteer\/","name":"B\u00e9n\u00e9voles - One Kids Place","isPartOf":{"@id":"https:\/\/www.onekidsplace.ca\/#website"},"datePublished":"2021-10-28T22:24:31+00:00","dateModified":"2023-08-04T04:41:04+00:00","breadcrumb":{"@id":"https:\/\/www.onekidsplace.ca\/volunteer\/#breadcrumb"},"inLanguage":"fr-FR","potentialAction":[{"@type":"ReadAction","target":["https:\/\/www.onekidsplace.ca\/volunteer\/"]}]},{"@type":"BreadcrumbList","@id":"https:\/\/www.onekidsplace.ca\/volunteer\/#breadcrumb","itemListElement":[{"@type":"ListItem","position":1,"name":"Home","item":"https:\/\/www.onekidsplace.ca\/"},{"@type":"ListItem","position":2,"name":"B\u00e9n\u00e9voles"}]},{"@type":"WebSite","@id":"https:\/\/www.onekidsplace.ca\/#website","url":"https:\/\/www.onekidsplace.ca\/","name":"One Kids Place","description":"Children&#039;s Treatment Centre","potentialAction":[{"@type":"SearchAction","target":{"@type":"EntryPoint","urlTemplate":"https:\/\/www.onekidsplace.ca\/?s={search_term_string}"},"query-input":{"@type":"PropertyValueSpecification","valueRequired":true,"valueName":"search_term_string"}}],"inLanguage":"fr-FR"}]}},"ticketed":false,"_links":{"self":[{"href":"https:\/\/www.onekidsplace.ca\/fr\/wp-json\/wp\/v2\/pages\/10000","targetHints":{"allow":["GET"]}}],"collection":[{"href":"https:\/\/www.onekidsplace.ca\/fr\/wp-json\/wp\/v2\/pages"}],"about":[{"href":"https:\/\/www.onekidsplace.ca\/fr\/wp-json\/wp\/v2\/types\/page"}],"author":[{"embeddable":true,"href":"https:\/\/www.onekidsplace.ca\/fr\/wp-json\/wp\/v2\/users\/2"}],"replies":[{"embeddable":true,"href":"https:\/\/www.onekidsplace.ca\/fr\/wp-json\/wp\/v2\/comments?post=10000"}],"version-history":[{"count":9,"href":"https:\/\/www.onekidsplace.ca\/fr\/wp-json\/wp\/v2\/pages\/10000\/revisions"}],"predecessor-version":[{"id":10760,"href":"https:\/\/www.onekidsplace.ca\/fr\/wp-json\/wp\/v2\/pages\/10000\/revisions\/10760"}],"wp:attachment":[{"href":"https:\/\/www.onekidsplace.ca\/fr\/wp-json\/wp\/v2\/media?parent=10000"}],"wp:term":[{"taxonomy":"category","embeddable":true,"href":"https:\/\/www.onekidsplace.ca\/fr\/wp-json\/wp\/v2\/categories?post=10000"},{"taxonomy":"post_tag","embeddable":true,"href":"https:\/\/www.onekidsplace.ca\/fr\/wp-json\/wp\/v2\/tags?post=10000"}],"curies":[{"name":"wp","href":"https:\/\/api.w.org\/{rel}","templated":true}]}}